{"id":2823,"date":"2019-02-14T09:28:28","date_gmt":"2019-02-14T09:28:28","guid":{"rendered":"http:\/\/vrigstadshembygdsforening.se\/?page_id=2823"},"modified":"2019-02-14T09:28:28","modified_gmt":"2019-02-14T09:28:28","slug":"vrigstad-svets-och-mekaniska-ab-vsm","status":"publish","type":"page","link":"https:\/\/vrigstadshembygdsforening.se\/?page_id=2823","title":{"rendered":"Vrigstad Svets och Mekaniska AB &#8211; VSM"},"content":{"rendered":"<p dir=\"LTR\" style=\"text-align: left;\" align=\"JUSTIFY\">F\u00f6retaget startades som ett handelsbolag av Anders Jonsson. 2001 ombildades det till ett aktiebolag d\u00e4r \u00e4ven Verner J\u00f6nsson och Morgan Karlsson gick in som del\u00e4gare.<\/p>\n<p dir=\"LTR\" style=\"text-align: left;\" align=\"JUSTIFY\">Verksamheten inryms i Cementgjuteriets tidigare lokaler, Stockarydsv\u00e4gen 16, och har sex anst\u00e4llda. Efter n\u00e5gra \u00e5r l\u00e4mnade Anders Jonsson bolaget och 2014 l\u00e4mnade \u00e4ven Verner J\u00f6nsson det och sedan dess \u00e4r Morgan Karlsson ensam \u00e4gare.<\/p>\n<p dir=\"LTR\" style=\"text-align: left;\" align=\"JUSTIFY\">Verksamheten \u00e4r konstruktion och tillverkning av mekaniska maskiner samt reparations- och underh\u00e5llsarbeten, framf\u00f6rallt svetsning. Arbetet sker s\u00e5v\u00e4l hos kund som i den egna verkstaden.<\/p>\n<p style=\"text-align: left;\">Kunderna finns huvudsakligen inom f\u00f6ljande branscher: fj\u00e4rrv\u00e4rmeverk, j\u00e4rnv\u00e4gsunderh\u00e5ll, husfabriker, s\u00e5gverk, st\u00e5lbyggnadstillverkare och montering.<\/p>\n<figure id=\"attachment_2824\" aria-describedby=\"caption-attachment-2824\" style=\"width: 700px\" class=\"wp-caption alignnone\"><a href=\"https:\/\/media.vrigstadshembygdsforening.se\/\/W_VSM_Morgan_Karlsson.jpg\"><img loading=\"lazy\" decoding=\"async\" class=\"size-full wp-image-2824\" src=\"https:\/\/media.vrigstadshembygdsforening.se\/\/W_VSM_Morgan_Karlsson.jpg\" alt=\"\" width=\"700\" height=\"465\" srcset=\"https:\/\/media.vrigstadshembygdsforening.se\/W_VSM_Morgan_Karlsson.jpg 700w, https:\/\/media.vrigstadshembygdsforening.se\/W_VSM_Morgan_Karlsson-300x199.jpg 300w\" sizes=\"auto, (max-width: 700px) 100vw, 700px\" \/><\/a><figcaption id=\"caption-attachment-2824\" class=\"wp-caption-text\">Morgan Karlsson i VSM:s fabrikslokal.<\/figcaption><\/figure>\n<figure id=\"attachment_2825\" aria-describedby=\"caption-attachment-2825\" style=\"width: 700px\" class=\"wp-caption alignnone\"><a href=\"https:\/\/media.vrigstadshembygdsforening.se\/\/W_VSM.jpg\"><img loading=\"lazy\" decoding=\"async\" class=\"size-full wp-image-2825\" src=\"https:\/\/media.vrigstadshembygdsforening.se\/\/W_VSM.jpg\" alt=\"\" width=\"700\" height=\"467\" srcset=\"https:\/\/media.vrigstadshembygdsforening.se\/W_VSM.jpg 700w, https:\/\/media.vrigstadshembygdsforening.se\/W_VSM-300x200.jpg 300w\" sizes=\"auto, (max-width: 700px) 100vw, 700px\" \/><\/a><figcaption id=\"caption-attachment-2825\" class=\"wp-caption-text\">Arbetslaget p\u00e5 VSM i maj 2018.<\/figcaption><\/figure>\n","protected":false},"excerpt":{"rendered":"<p>F\u00f6retaget startades som ett handelsbolag av Anders Jonsson. 2001 ombildades det till ett aktiebolag d\u00e4r \u00e4ven Verner J\u00f6nsson och Morgan<\/p>\n","protected":false},"author":1,"featured_media":0,"parent":0,"menu_order":0,"comment_status":"closed","ping_status":"closed","template":"","meta":{"footnotes":""},"class_list":["post-2823","page","type-page","status-publish","hentry"],"_links":{"self":[{"href":"https:\/\/vrigstadshembygdsforening.se\/index.php?rest_route=\/wp\/v2\/pages\/2823","targetHints":{"allow":["GET"]}}],"collection":[{"href":"https:\/\/vrigstadshembygdsforening.se\/index.php?rest_route=\/wp\/v2\/pages"}],"about":[{"href":"https:\/\/vrigstadshembygdsforening.se\/index.php?rest_route=\/wp\/v2\/types\/page"}],"author":[{"embeddable":true,"href":"https:\/\/vrigstadshembygdsforening.se\/index.php?rest_route=\/wp\/v2\/users\/1"}],"replies":[{"embeddable":true,"href":"https:\/\/vrigstadshembygdsforening.se\/index.php?rest_route=%2Fwp%2Fv2%2Fcomments&post=2823"}],"version-history":[{"count":1,"href":"https:\/\/vrigstadshembygdsforening.se\/index.php?rest_route=\/wp\/v2\/pages\/2823\/revisions"}],"predecessor-version":[{"id":2826,"href":"https:\/\/vrigstadshembygdsforening.se\/index.php?rest_route=\/wp\/v2\/pages\/2823\/revisions\/2826"}],"wp:attachment":[{"href":"https:\/\/vrigstadshembygdsforening.se\/index.php?rest_route=%2Fwp%2Fv2%2Fmedia&parent=2823"}],"curies":[{"name":"wp","href":"https:\/\/api.w.org\/{rel}","templated":true}]}}