{"id":2819,"date":"2019-02-14T09:20:26","date_gmt":"2019-02-14T09:20:26","guid":{"rendered":"http:\/\/vrigstadshembygdsforening.se\/?page_id=2819"},"modified":"2019-02-14T09:20:26","modified_gmt":"2019-02-14T09:20:26","slug":"super-injector","status":"publish","type":"page","link":"https:\/\/vrigstadshembygdsforening.se\/?page_id=2819","title":{"rendered":"Super Injector"},"content":{"rendered":"<p dir=\"LTR\" style=\"text-align: left;\" align=\"JUSTIFY\">Verner J\u00f6nsson startade bolaget i mindre skala under andra delen av 1980-talet. Man tillverkade aggregat f\u00f6r reng\u00f6ring av motorers insprutningssystem f\u00f6r att p\u00e5 s\u00e5 vis f\u00e5 ned r\u00f6kgasutsl\u00e4ppen och drivmedelsf\u00f6rbrukningen.<\/p>\n<p dir=\"LTR\" style=\"text-align: left;\" align=\"JUSTIFY\">Reng\u00f6ringsv\u00e4tskan f\u00f6r detta \u00e4ndam\u00e5l hade Verner J\u00f6nsson under l\u00e5ng tid testat fram tillsammans med Lubrizol, ett multinationellt bolag.<\/p>\n<p dir=\"LTR\" style=\"text-align: left;\" align=\"JUSTIFY\">Tillverkningen av dessa aggregat gjordes i verkstaden p\u00e5 Stockarydsv\u00e4gen. Tyv\u00e4rr satsades f\u00f6r mycket p\u00e5 den rum\u00e4nska och jugoslaviska marknaden, som i sig var enorm med tanke p\u00e5 deras d\u00e5liga br\u00e4nsle. Tyv\u00e4rr kom kriget emellan och alla uppr\u00e4ttade avtal f\u00f6rf\u00f6ll d\u00e4rmed. Produktr\u00e4ttigheterna s\u00e5ldes i b\u00f6rjan av 2000-talet till ett f\u00f6retag i Anderstorp.<\/p>\n<p>&nbsp;<\/p>\n","protected":false},"excerpt":{"rendered":"<p>Verner J\u00f6nsson startade bolaget i mindre skala under andra delen av 1980-talet. Man tillverkade aggregat f\u00f6r reng\u00f6ring av motorers insprutningssystem<\/p>\n","protected":false},"author":1,"featured_media":0,"parent":0,"menu_order":0,"comment_status":"closed","ping_status":"closed","template":"","meta":{"footnotes":""},"class_list":["post-2819","page","type-page","status-publish","hentry"],"_links":{"self":[{"href":"https:\/\/vrigstadshembygdsforening.se\/index.php?rest_route=\/wp\/v2\/pages\/2819","targetHints":{"allow":["GET"]}}],"collection":[{"href":"https:\/\/vrigstadshembygdsforening.se\/index.php?rest_route=\/wp\/v2\/pages"}],"about":[{"href":"https:\/\/vrigstadshembygdsforening.se\/index.php?rest_route=\/wp\/v2\/types\/page"}],"author":[{"embeddable":true,"href":"https:\/\/vrigstadshembygdsforening.se\/index.php?rest_route=\/wp\/v2\/users\/1"}],"replies":[{"embeddable":true,"href":"https:\/\/vrigstadshembygdsforening.se\/index.php?rest_route=%2Fwp%2Fv2%2Fcomments&post=2819"}],"version-history":[{"count":1,"href":"https:\/\/vrigstadshembygdsforening.se\/index.php?rest_route=\/wp\/v2\/pages\/2819\/revisions"}],"predecessor-version":[{"id":2820,"href":"https:\/\/vrigstadshembygdsforening.se\/index.php?rest_route=\/wp\/v2\/pages\/2819\/revisions\/2820"}],"wp:attachment":[{"href":"https:\/\/vrigstadshembygdsforening.se\/index.php?rest_route=%2Fwp%2Fv2%2Fmedia&parent=2819"}],"curies":[{"name":"wp","href":"https:\/\/api.w.org\/{rel}","templated":true}]}}