{"id":2788,"date":"2019-02-13T19:54:24","date_gmt":"2019-02-13T19:54:24","guid":{"rendered":"http:\/\/vrigstadshembygdsforening.se\/?page_id=2788"},"modified":"2019-02-13T19:54:24","modified_gmt":"2019-02-13T19:54:24","slug":"kopparslagare-sundberg","status":"publish","type":"page","link":"https:\/\/vrigstadshembygdsforening.se\/?page_id=2788","title":{"rendered":"Kopparslagare Sundberg"},"content":{"rendered":"<p dir=\"LTR\" style=\"text-align: left;\" align=\"JUSTIFY\">Isak Sundberg, f\u00f6ddes i Fagerhult, Kristianstad l\u00e4n, 1852. \u00c5r 1886 kommer han till Vrigstad och samma \u00e5r gifte han sig med Anna Lena Johannisdotter fr\u00e5n Markaryd. De bosatte sig i fastigheten Furuberg, vid Stockarydsv\u00e4gen.<\/p>\n<p dir=\"LTR\" style=\"text-align: left;\" align=\"JUSTIFY\">Isak var utbildad kopparslagare. Hans verkstad l\u00e5g mittemot fastigheten p\u00e5 Stockarydsv\u00e4gen 4. Sundberg tillverkade bl.a. 1913 lampan som finns i gamla banklokalen. Han var \u00e4ven cykelreparat\u00f6r.<\/p>\n<p dir=\"LTR\" style=\"text-align: left;\" align=\"JUSTIFY\">Isak och Anna fick tre barn. Man blir lite fundersam \u00f6ver Isaks uppfostringsmetoder n\u00e4r man l\u00e4ser vad folkskoll\u00e4rare K.A. Hultqvist skriver i skolans dagbok den 7 juli 1890.<\/p>\n<p dir=\"LTR\" style=\"text-align: left;\" align=\"JUSTIFY\">&#8221;Med anledning af att gossen nr. 27 Herman Sundberg satts p\u00e5 afskild plats under l\u00e4rarens omedelbara uppsikt f\u00f6r att han p\u00e5 lekplanen upps\u00e5tligen slagit omkull kamraten nr. 20 Gustav Johansson fr\u00e5n K\u00f6pstad s\u00e5 att dennes n\u00e4sa starkt bl\u00f6tt, infann sig idag kl. 12 p\u00e5 dagen, kopparslagaren Sundberg, fordrande att gossen skulle mildare behandlas.<\/p>\n<p dir=\"LTR\" style=\"text-align: left;\" align=\"JUSTIFY\">D\u00e5 detta nekades med upplysning att endast b\u00e4ttre uppf\u00f6rande kunde hj\u00e4lpa saken, upplyste han, att han \u2013 fadern \u2013 icke allenast lofvat utan tillsagt sin son att sl\u00e5ss, hvarj\u00e4mte han p\u00e5stod, att fadersmyndigheten st\u00e5r \u00f6fver l\u00e4raremyndigheten.&#8221; Det var ord och inga visor.<\/p>\n<p dir=\"LTR\" style=\"text-align: left;\" align=\"JUSTIFY\">\u00c5r 1892 avvek Isak Sundberg till Amerika och l\u00e4mnade hustrun och de tre barnen i Furuberg.<\/p>\n<p dir=\"LTR\" style=\"text-align: left;\" align=\"JUSTIFY\">Efter tio amerika\u00e5r \u00e5terv\u00e4nde han till Vrigstad och Furuberg. Om han ut\u00f6vat sitt yrke i Amerika \u00e4r oklart.<\/p>\n<p dir=\"LTR\" style=\"text-align: left;\" align=\"JUSTIFY\">Isak bodde i Furuberg till sin bortg\u00e5ng 1933.<\/p>\n<figure id=\"attachment_2789\" aria-describedby=\"caption-attachment-2789\" style=\"width: 700px\" class=\"wp-caption alignnone\"><a href=\"https:\/\/media.vrigstadshembygdsforening.se\/\/W_1979.058.png\"><img loading=\"lazy\" decoding=\"async\" class=\"size-full wp-image-2789\" src=\"https:\/\/media.vrigstadshembygdsforening.se\/\/W_1979.058.png\" alt=\"\" width=\"700\" height=\"405\" srcset=\"https:\/\/media.vrigstadshembygdsforening.se\/W_1979.058.png 700w, https:\/\/media.vrigstadshembygdsforening.se\/W_1979.058-300x174.png 300w\" sizes=\"auto, (max-width: 700px) 100vw, 700px\" \/><\/a><figcaption id=\"caption-attachment-2789\" class=\"wp-caption-text\">Bebyggelse vid Stockarydsv\u00e4gen omkring \u00e5r 1940. Huset i mitten \u00e4r Isak Sundbergs hus. Huset t.v. byggdes av sonen Anton p\u00e5 1930-talet (det \u00e4r nu rivet). Huset t.h. \u00e4r Sundbergs verkstad.<\/figcaption><\/figure>\n<figure id=\"attachment_2790\" aria-describedby=\"caption-attachment-2790\" style=\"width: 500px\" class=\"wp-caption alignnone\"><a href=\"https:\/\/media.vrigstadshembygdsforening.se\/\/W_1979.344.png\"><img loading=\"lazy\" decoding=\"async\" class=\"size-full wp-image-2790\" src=\"https:\/\/media.vrigstadshembygdsforening.se\/\/W_1979.344.png\" alt=\"\" width=\"500\" height=\"645\" srcset=\"https:\/\/media.vrigstadshembygdsforening.se\/W_1979.344.png 500w, https:\/\/media.vrigstadshembygdsforening.se\/W_1979.344-233x300.png 233w\" sizes=\"auto, (max-width: 500px) 100vw, 500px\" \/><\/a><figcaption id=\"caption-attachment-2790\" class=\"wp-caption-text\">Makarna Anna och Isak Sundberg. Foto fr\u00e5n 1930.<\/figcaption><\/figure>\n","protected":false},"excerpt":{"rendered":"<p>Isak Sundberg, f\u00f6ddes i Fagerhult, Kristianstad l\u00e4n, 1852. \u00c5r 1886 kommer han till Vrigstad och samma \u00e5r gifte han sig<\/p>\n","protected":false},"author":1,"featured_media":0,"parent":0,"menu_order":0,"comment_status":"closed","ping_status":"closed","template":"","meta":{"footnotes":""},"class_list":["post-2788","page","type-page","status-publish","hentry"],"_links":{"self":[{"href":"https:\/\/vrigstadshembygdsforening.se\/index.php?rest_route=\/wp\/v2\/pages\/2788","targetHints":{"allow":["GET"]}}],"collection":[{"href":"https:\/\/vrigstadshembygdsforening.se\/index.php?rest_route=\/wp\/v2\/pages"}],"about":[{"href":"https:\/\/vrigstadshembygdsforening.se\/index.php?rest_route=\/wp\/v2\/types\/page"}],"author":[{"embeddable":true,"href":"https:\/\/vrigstadshembygdsforening.se\/index.php?rest_route=\/wp\/v2\/users\/1"}],"replies":[{"embeddable":true,"href":"https:\/\/vrigstadshembygdsforening.se\/index.php?rest_route=%2Fwp%2Fv2%2Fcomments&post=2788"}],"version-history":[{"count":1,"href":"https:\/\/vrigstadshembygdsforening.se\/index.php?rest_route=\/wp\/v2\/pages\/2788\/revisions"}],"predecessor-version":[{"id":2791,"href":"https:\/\/vrigstadshembygdsforening.se\/index.php?rest_route=\/wp\/v2\/pages\/2788\/revisions\/2791"}],"wp:attachment":[{"href":"https:\/\/vrigstadshembygdsforening.se\/index.php?rest_route=%2Fwp%2Fv2%2Fmedia&parent=2788"}],"curies":[{"name":"wp","href":"https:\/\/api.w.org\/{rel}","templated":true}]}}