{"id":2776,"date":"2019-02-13T18:22:00","date_gmt":"2019-02-13T18:22:00","guid":{"rendered":"http:\/\/vrigstadshembygdsforening.se\/?page_id=2776"},"modified":"2019-02-13T18:29:37","modified_gmt":"2019-02-13T18:29:37","slug":"karl-johan-eng","status":"publish","type":"page","link":"https:\/\/vrigstadshembygdsforening.se\/?page_id=2776","title":{"rendered":"Karl Johan Eng"},"content":{"rendered":"<p dir=\"LTR\" style=\"text-align: left;\" align=\"JUSTIFY\">Karl Johan Eng var smedm\u00e4stare p\u00e5 Lundholmen. Smedjan l\u00e5g i n\u00e4rheten av statarbost\u00e4derna.<\/p>\n<p dir=\"LTR\" style=\"text-align: left;\" align=\"JUSTIFY\">N\u00e4r ladug\u00e5rden p\u00e5 Lundholmen brunnit \u00e5r 1915 tillverkade Eng allt smidet till bygget. (Han var g\u00e5rdssmed och allts\u00e5 inte egen f\u00f6retagare)<\/p>\n<figure id=\"attachment_2783\" aria-describedby=\"caption-attachment-2783\" style=\"width: 700px\" class=\"wp-caption alignnone\"><a href=\"https:\/\/media.vrigstadshembygdsforening.se\/\/W_1979.568.png\"><img loading=\"lazy\" decoding=\"async\" class=\"size-full wp-image-2783\" src=\"https:\/\/media.vrigstadshembygdsforening.se\/\/W_1979.568.png\" alt=\"\" width=\"700\" height=\"489\" srcset=\"https:\/\/media.vrigstadshembygdsforening.se\/W_1979.568.png 700w, https:\/\/media.vrigstadshembygdsforening.se\/W_1979.568-300x210.png 300w\" sizes=\"auto, (max-width: 700px) 100vw, 700px\" \/><\/a><figcaption id=\"caption-attachment-2783\" class=\"wp-caption-text\">Smedm\u00e4staren Karl Johan Eng med ges\u00e4ll framf\u00f6r Lundholmens g\u00e5rdssmedja. Smedjan l\u00e5g i n\u00e4rheten av statarbost\u00e4derna. Foto fr\u00e5n 1915.<\/figcaption><\/figure>\n<p>&nbsp;<\/p>\n","protected":false},"excerpt":{"rendered":"<p>Karl Johan Eng var smedm\u00e4stare p\u00e5 Lundholmen. Smedjan l\u00e5g i n\u00e4rheten av statarbost\u00e4derna. N\u00e4r ladug\u00e5rden p\u00e5 Lundholmen brunnit \u00e5r 1915<\/p>\n","protected":false},"author":1,"featured_media":0,"parent":0,"menu_order":0,"comment_status":"closed","ping_status":"closed","template":"","meta":{"footnotes":""},"class_list":["post-2776","page","type-page","status-publish","hentry"],"_links":{"self":[{"href":"https:\/\/vrigstadshembygdsforening.se\/index.php?rest_route=\/wp\/v2\/pages\/2776","targetHints":{"allow":["GET"]}}],"collection":[{"href":"https:\/\/vrigstadshembygdsforening.se\/index.php?rest_route=\/wp\/v2\/pages"}],"about":[{"href":"https:\/\/vrigstadshembygdsforening.se\/index.php?rest_route=\/wp\/v2\/types\/page"}],"author":[{"embeddable":true,"href":"https:\/\/vrigstadshembygdsforening.se\/index.php?rest_route=\/wp\/v2\/users\/1"}],"replies":[{"embeddable":true,"href":"https:\/\/vrigstadshembygdsforening.se\/index.php?rest_route=%2Fwp%2Fv2%2Fcomments&post=2776"}],"version-history":[{"count":2,"href":"https:\/\/vrigstadshembygdsforening.se\/index.php?rest_route=\/wp\/v2\/pages\/2776\/revisions"}],"predecessor-version":[{"id":2784,"href":"https:\/\/vrigstadshembygdsforening.se\/index.php?rest_route=\/wp\/v2\/pages\/2776\/revisions\/2784"}],"wp:attachment":[{"href":"https:\/\/vrigstadshembygdsforening.se\/index.php?rest_route=%2Fwp%2Fv2%2Fmedia&parent=2776"}],"curies":[{"name":"wp","href":"https:\/\/api.w.org\/{rel}","templated":true}]}}