{"id":2770,"date":"2019-02-13T18:19:06","date_gmt":"2019-02-13T18:19:06","guid":{"rendered":"http:\/\/vrigstadshembygdsforening.se\/?page_id=2770"},"modified":"2019-02-13T18:19:06","modified_gmt":"2019-02-13T18:19:06","slug":"johan-sme","status":"publish","type":"page","link":"https:\/\/vrigstadshembygdsforening.se\/?page_id=2770","title":{"rendered":"Johan Sm\u00e9"},"content":{"rendered":"<p dir=\"LTR\" style=\"text-align: left;\" align=\"JUSTIFY\">Smeden och vagnmakaren Johan Andersson, 1875-1953, kallades allm\u00e4nt f\u00f6r Johan Sm\u00e9. Johans far var g\u00e5rdssmed p\u00e5 Lundholmen och Johan fick b\u00f6rja d\u00e4r som l\u00e4rling. Se Johan Larsson.<\/p>\n<p dir=\"LTR\" style=\"text-align: left;\" align=\"JUSTIFY\">Vid sidan av hovslageriet \u00e4gnade sig fadern och Johan \u00e5t vagnmakeri. De gjorde bl.a. ett 30-tal vagnar per \u00e5r. &#8221;Lundbyvagnarna&#8221; s\u00e5ldes inte bara i Sm\u00e5land utan hittade \u00e4ven k\u00f6pare i Norrland.<\/p>\n<p dir=\"LTR\" style=\"text-align: left;\" align=\"JUSTIFY\">Johan upph\u00f6rde med smedjan 1938.<\/p>\n<figure id=\"attachment_2771\" aria-describedby=\"caption-attachment-2771\" style=\"width: 700px\" class=\"wp-caption alignnone\"><a href=\"https:\/\/media.vrigstadshembygdsforening.se\/\/W_2008.005.png\"><img loading=\"lazy\" decoding=\"async\" class=\"size-full wp-image-2771\" src=\"https:\/\/media.vrigstadshembygdsforening.se\/\/W_2008.005.png\" alt=\"\" width=\"700\" height=\"642\" srcset=\"https:\/\/media.vrigstadshembygdsforening.se\/W_2008.005.png 700w, https:\/\/media.vrigstadshembygdsforening.se\/W_2008.005-300x275.png 300w\" sizes=\"auto, (max-width: 700px) 100vw, 700px\" \/><\/a><figcaption id=\"caption-attachment-2771\" class=\"wp-caption-text\">Johan Sm\u00e9 utanf\u00f6r sin smedja som l\u00e5g d\u00e4r Virestorpsv\u00e4gen ansluter till J\u00f6nk\u00f6pingsv\u00e4gen. Foto fr\u00e5n 1945.<\/figcaption><\/figure>\n<p>&nbsp;<\/p>\n","protected":false},"excerpt":{"rendered":"<p>Smeden och vagnmakaren Johan Andersson, 1875-1953, kallades allm\u00e4nt f\u00f6r Johan Sm\u00e9. Johans far var g\u00e5rdssmed p\u00e5 Lundholmen och Johan fick<\/p>\n","protected":false},"author":1,"featured_media":0,"parent":0,"menu_order":0,"comment_status":"closed","ping_status":"closed","template":"","meta":{"footnotes":""},"class_list":["post-2770","page","type-page","status-publish","hentry"],"_links":{"self":[{"href":"https:\/\/vrigstadshembygdsforening.se\/index.php?rest_route=\/wp\/v2\/pages\/2770","targetHints":{"allow":["GET"]}}],"collection":[{"href":"https:\/\/vrigstadshembygdsforening.se\/index.php?rest_route=\/wp\/v2\/pages"}],"about":[{"href":"https:\/\/vrigstadshembygdsforening.se\/index.php?rest_route=\/wp\/v2\/types\/page"}],"author":[{"embeddable":true,"href":"https:\/\/vrigstadshembygdsforening.se\/index.php?rest_route=\/wp\/v2\/users\/1"}],"replies":[{"embeddable":true,"href":"https:\/\/vrigstadshembygdsforening.se\/index.php?rest_route=%2Fwp%2Fv2%2Fcomments&post=2770"}],"version-history":[{"count":1,"href":"https:\/\/vrigstadshembygdsforening.se\/index.php?rest_route=\/wp\/v2\/pages\/2770\/revisions"}],"predecessor-version":[{"id":2772,"href":"https:\/\/vrigstadshembygdsforening.se\/index.php?rest_route=\/wp\/v2\/pages\/2770\/revisions\/2772"}],"wp:attachment":[{"href":"https:\/\/vrigstadshembygdsforening.se\/index.php?rest_route=%2Fwp%2Fv2%2Fmedia&parent=2770"}],"curies":[{"name":"wp","href":"https:\/\/api.w.org\/{rel}","templated":true}]}}