{"id":2765,"date":"2019-02-13T18:16:46","date_gmt":"2019-02-13T18:16:46","guid":{"rendered":"http:\/\/vrigstadshembygdsforening.se\/?page_id=2765"},"modified":"2019-02-13T18:16:46","modified_gmt":"2019-02-13T18:16:46","slug":"j-e-bergs-smidesverkstad","status":"publish","type":"page","link":"https:\/\/vrigstadshembygdsforening.se\/?page_id=2765","title":{"rendered":"J. E. Bergs Smidesverkstad"},"content":{"rendered":"<p dir=\"LTR\" style=\"text-align: left;\" align=\"JUSTIFY\">Smedm\u00e4stare Berg hade en smedja utmed S\u00e4vsj\u00f6v\u00e4gen, \u00f6ster om nuvarande S\u00e4vsj\u00f6v\u00e4gen 16. Berg f\u00f6ddes i N. Sandsj\u00f6 1878. 1902 flyttade han till Vrigstad d\u00e4r han funnit sin livsledsagarinna, Albertina Wilhelmina Svensson.<\/p>\n<p dir=\"LTR\" style=\"text-align: left;\" align=\"JUSTIFY\">Han bosatte sig i fastigheten Karlsberg, och \u00f6vertar smedjan efter C.M. Karlsson, som flyttar till Barkeryd.<\/p>\n<p dir=\"LTR\" style=\"text-align: left;\" align=\"JUSTIFY\">Berg utf\u00f6rde alla slags smidesarbeten, hovslageri, tillverkning av beslag till arbetsvagnar m.m.<\/p>\n<p dir=\"LTR\" style=\"text-align: left;\" align=\"JUSTIFY\">Gustaf Dahl arbetade tv\u00e5 somrar under sin studietid som smedl\u00e4rling hos Berg. Gustaf skriver: &#8221;Under Bergs tid var jag tv\u00e5 somrar smedges\u00e4ll d\u00e4r. Jag fick tv\u00e5 m\u00e5l mat om dagen, mycket god mat. B\u00e5de smeden Berg och hans fru voro de sn\u00e4llaste och v\u00e4nligaste m\u00e4nniskor man kan t\u00e4nka sig.<\/p>\n<p dir=\"LTR\" style=\"text-align: left;\" align=\"JUSTIFY\">&#8221;Riktiga&#8221; ges\u00e4ller voro David Damberg samt\u00a0sedan en pojke vid namn Eston fr\u00e5n K\u00f6pstad (son till Frans Esaiasson i K\u00f6pstad). Eston hade en syster, som blev gift med smeden S\u00f6derberg, men det var efter min ges\u00e4lltid.&#8221;<\/p>\n<p dir=\"LTR\" style=\"text-align: left;\" align=\"JUSTIFY\">Smedm\u00e4stare Berg avled 1915 i cancer vid 37 \u00e5rs \u00e5lder. Smedjan brann 1942.<\/p>\n<figure id=\"attachment_2766\" aria-describedby=\"caption-attachment-2766\" style=\"width: 700px\" class=\"wp-caption alignnone\"><a href=\"https:\/\/media.vrigstadshembygdsforening.se\/\/W_1979.488.png\"><img loading=\"lazy\" decoding=\"async\" class=\"size-full wp-image-2766\" src=\"https:\/\/media.vrigstadshembygdsforening.se\/\/W_1979.488.png\" alt=\"\" width=\"700\" height=\"419\" srcset=\"https:\/\/media.vrigstadshembygdsforening.se\/W_1979.488.png 700w, https:\/\/media.vrigstadshembygdsforening.se\/W_1979.488-300x180.png 300w\" sizes=\"auto, (max-width: 700px) 100vw, 700px\" \/><\/a><figcaption id=\"caption-attachment-2766\" class=\"wp-caption-text\">J E Bergs hus och smedja omkring 1900. Smedjan brann 1942.<\/figcaption><\/figure>\n<figure id=\"attachment_2767\" aria-describedby=\"caption-attachment-2767\" style=\"width: 700px\" class=\"wp-caption alignnone\"><a href=\"https:\/\/media.vrigstadshembygdsforening.se\/\/W_1979.532.png\"><img loading=\"lazy\" decoding=\"async\" class=\"size-full wp-image-2767\" src=\"https:\/\/media.vrigstadshembygdsforening.se\/\/W_1979.532.png\" alt=\"\" width=\"700\" height=\"482\" srcset=\"https:\/\/media.vrigstadshembygdsforening.se\/W_1979.532.png 700w, https:\/\/media.vrigstadshembygdsforening.se\/W_1979.532-300x207.png 300w\" sizes=\"auto, (max-width: 700px) 100vw, 700px\" \/><\/a><figcaption id=\"caption-attachment-2767\" class=\"wp-caption-text\">Smedm\u00e4stare J E Berg, t.h., i sin smedja tillsammans med Eston Karlsson. Den vita randen p\u00e5 f\u00f6nsterbr\u00e4dan \u00e4r borax. Man tog en liten nypa och pudrade p\u00e5 stycket som skulle v\u00e4llas ihop. Foto fr\u00e5n cirka 1900.<\/figcaption><\/figure>\n<figure id=\"attachment_2768\" aria-describedby=\"caption-attachment-2768\" style=\"width: 400px\" class=\"wp-caption alignnone\"><a href=\"https:\/\/media.vrigstadshembygdsforening.se\/\/W_Untitled-2-1.png\"><img loading=\"lazy\" decoding=\"async\" class=\"size-full wp-image-2768\" src=\"https:\/\/media.vrigstadshembygdsforening.se\/\/W_Untitled-2-1.png\" alt=\"\" width=\"400\" height=\"552\" srcset=\"https:\/\/media.vrigstadshembygdsforening.se\/W_Untitled-2-1.png 400w, https:\/\/media.vrigstadshembygdsforening.se\/W_Untitled-2-1-217x300.png 217w\" sizes=\"auto, (max-width: 400px) 100vw, 400px\" \/><\/a><figcaption id=\"caption-attachment-2768\" class=\"wp-caption-text\">Annons 1915.<\/figcaption><\/figure>\n","protected":false},"excerpt":{"rendered":"<p>Smedm\u00e4stare Berg hade en smedja utmed S\u00e4vsj\u00f6v\u00e4gen, \u00f6ster om nuvarande S\u00e4vsj\u00f6v\u00e4gen 16. Berg f\u00f6ddes i N. Sandsj\u00f6 1878. 1902 flyttade<\/p>\n","protected":false},"author":1,"featured_media":0,"parent":0,"menu_order":0,"comment_status":"closed","ping_status":"closed","template":"","meta":{"footnotes":""},"class_list":["post-2765","page","type-page","status-publish","hentry"],"_links":{"self":[{"href":"https:\/\/vrigstadshembygdsforening.se\/index.php?rest_route=\/wp\/v2\/pages\/2765","targetHints":{"allow":["GET"]}}],"collection":[{"href":"https:\/\/vrigstadshembygdsforening.se\/index.php?rest_route=\/wp\/v2\/pages"}],"about":[{"href":"https:\/\/vrigstadshembygdsforening.se\/index.php?rest_route=\/wp\/v2\/types\/page"}],"author":[{"embeddable":true,"href":"https:\/\/vrigstadshembygdsforening.se\/index.php?rest_route=\/wp\/v2\/users\/1"}],"replies":[{"embeddable":true,"href":"https:\/\/vrigstadshembygdsforening.se\/index.php?rest_route=%2Fwp%2Fv2%2Fcomments&post=2765"}],"version-history":[{"count":1,"href":"https:\/\/vrigstadshembygdsforening.se\/index.php?rest_route=\/wp\/v2\/pages\/2765\/revisions"}],"predecessor-version":[{"id":2769,"href":"https:\/\/vrigstadshembygdsforening.se\/index.php?rest_route=\/wp\/v2\/pages\/2765\/revisions\/2769"}],"wp:attachment":[{"href":"https:\/\/vrigstadshembygdsforening.se\/index.php?rest_route=%2Fwp%2Fv2%2Fmedia&parent=2765"}],"curies":[{"name":"wp","href":"https:\/\/api.w.org\/{rel}","templated":true}]}}