{"id":2754,"date":"2019-02-13T18:02:25","date_gmt":"2019-02-13T18:02:25","guid":{"rendered":"http:\/\/vrigstadshembygdsforening.se\/?page_id=2754"},"modified":"2019-02-13T18:02:25","modified_gmt":"2019-02-13T18:02:25","slug":"anders-larsson","status":"publish","type":"page","link":"https:\/\/vrigstadshembygdsforening.se\/?page_id=2754","title":{"rendered":"Anders Larsson"},"content":{"rendered":"<p dir=\"LTR\" style=\"text-align: left;\" align=\"JUSTIFY\">Smeden i Lundby, Anders Larsson, hade sin smedja utmed J\u00f6nk\u00f6pingsv\u00e4gen.<\/p>\n<p dir=\"LTR\" style=\"text-align: left;\" align=\"JUSTIFY\">I ett klipp fr\u00e5n Sm\u00e5lands Allehanda fr\u00e5n 1955 kan vi l\u00e4sa: Den moderna tiden rullar fram \u00f6ver Vrigstad och i dagarna st\u00e4ngs d\u00f6rren till den gamla hjulmakarverkstaden vid Smedstorp f\u00f6r sista g\u00e5ngen.<\/p>\n<p dir=\"LTR\" style=\"text-align: left;\" align=\"JUSTIFY\">N\u00e5gra dagar senare \u00f6ppnas ett \u00f6vernattningsrum f\u00f6r bilf\u00f6rare, ett motell i miniatyr, med egen servering d\u00e4r. (Vid v\u00e4gsk\u00e4let till Virestorp.) De gamla redskapen skall l\u00e4nsmuseet i J\u00f6nk\u00f6ping f\u00e5 \u00f6verta, en v\u00e4lkommen g\u00e5va. Hemmans\u00e4gare Oskar\u00a0Andersson, son till smeden Anders Larsson som kom till verkstaden \u00e5r 1890, kan ber\u00e4tta om gamla tider. Hans broder Johan &#8221;Smed&#8221; var den siste hjulmakaren i Vrigstad och anv\u00e4nde verkstaden s\u00e5 sent som 1938.<\/p>\n<p dir=\"LTR\" style=\"text-align: left;\" align=\"JUSTIFY\">\u2014 Far kom hit som g\u00e5rdssmed till Lundholmen som svar p\u00e5 en annons, ber\u00e4ttar Oskar Andersson p\u00e5 H\u00f6gavadet. Det var p\u00e5 patron Wessbergs tid. Men eftersom de tj\u00e4nte lite mer n\u00e4r de smidde \u00e5t andra ville far k\u00f6pa en jordbit och bygga en egen smedja, men det fick han inte f\u00f6r det var f\u00f6r stora l\u00e5n p\u00e5 herrg\u00e5rden.<\/p>\n<p dir=\"LTR\" style=\"text-align: left;\" align=\"JUSTIFY\">I st\u00e4llet fick han d\u00e5 arrendera den h\u00e4r jordbiten, d\u00e4r Smedstorp ligger. Han skulle bara ge trettio kronor om \u00e5ret i arrende, och det fick inte \u00f6kas och inte s\u00e4nkas i fars och v\u00e5r tid, och det gjorde det inte heller.<\/p>\n<p dir=\"LTR\" style=\"text-align: left;\" align=\"JUSTIFY\">Stugan flyttade far hit fr\u00e5n Johan i K\u00e4ll\u00e4ng i Hylletofta socken. Svarvboden tog han hit fr\u00e5n Lindeholm vid Horveryd. Det var den gamla &#8221;Raska&#8221; stugan. D\u00e4r stod Johan Rask och gjorde fioler och m\u00e5nga andra saker, ja man kan nog s\u00e4ga att han gjorde praktiskt taget allting.<\/p>\n<p dir=\"LTR\" style=\"text-align: left;\" align=\"JUSTIFY\">Smedjan stod f\u00f6rut vid Lundby Led i Lundby Mellang\u00e5rd. Far hade svarven med sig fr\u00e5n \u00c5ker d\u00e4r han f\u00f6ddes och han hade sj\u00e4lv gjort den. Hjulbocken \u00e4r \u00e4ldre och den hade han ocks\u00e5 med sig. B\u00e5da sakerna hamnar nu p\u00e5 l\u00e4nsmuseet.<\/p>\n<p dir=\"LTR\" style=\"text-align: left;\" align=\"JUSTIFY\">De gamla redskapen \u00e4r spridda i bygden s\u00e4ger Oskar slutligen. Troligen mestadels hos grannarna och en hel del har v\u00e4l anv\u00e4nts som br\u00e4nsle av\u00a0Johan &#8221;Smed&#8221;, som brukade s\u00e4ga att &#8221;skr\u00e4pet har en ju ingen n\u00f6tta \u00e5 mer \u2026&#8221;<\/p>\n<p dir=\"LTR\" style=\"text-align: left;\" align=\"JUSTIFY\">S\u00e5 visar han redskapen i den gamla hjulmakarverkstaden. De v\u00e4sentliga redskapen i hjulmakeriet var svarven och hjulbocken. I svarven svarvades f\u00f6rst vagnhjulkubben och sedan \u2013 n\u00e4r man satt i ekrar och l\u00f6tar \u2013 hela hjulet. Svarven drogs med en l\u00e5ng vev vars ena \u00e4nda var fastsatt i motst\u00e5ende v\u00e4gg. Fyra eller fem personer fordrades f\u00f6r att h\u00e5lla svarven i g\u00e5ng snabbt nog.<\/p>\n<p dir=\"LTR\" style=\"text-align: left;\" align=\"JUSTIFY\">Hjulbocken anv\u00e4ndes n\u00e4r man borrade och gl\u00f6dgade h\u00e5len f\u00f6r ekrarna samt n\u00e4r man satte fast ekrar och l\u00f6tar. Hjulkubben f\u00e4stes i bocken med en krokig tr\u00e4bit, som slogs ner i bocken och verkade som en h\u00e4vst\u00e5ng.<\/p>\n<p dir=\"LTR\" style=\"text-align: left;\" align=\"JUSTIFY\">F\u00f6r hjul, borrh\u00e5l och tappar hade man s\u00e4rskilda mallar, som h\u00e4ngde p\u00e5 v\u00e4ggarna &#8221;s\u00e5 t\u00e4tt, att man inte s\u00e5g annat \u00e4n mallar, n\u00e4r man kom in i verkstaden&#8221;. En del av mallarna var avsedda f\u00f6r s\u00e4rskilt best\u00e4llda delar och m\u00e4rkta med best\u00e4llarens namn, t. ex. &#8221;Johan i S\u00f6nneby&#8221;.<\/p>\n<p dir=\"LTR\" style=\"text-align: left;\" align=\"JUSTIFY\">Hans bror Johan &#8221;Smed&#8221; var den siste hjulmakaren i Vrigstad och anv\u00e4nde verkstaden s\u00e5 sent som 1938. Se Johan Sm\u00e9.<\/p>\n<figure id=\"attachment_2755\" aria-describedby=\"caption-attachment-2755\" style=\"width: 700px\" class=\"wp-caption alignnone\"><a href=\"https:\/\/media.vrigstadshembygdsforening.se\/\/W_Johan-smed_55.jpg\"><img loading=\"lazy\" decoding=\"async\" class=\"size-full wp-image-2755\" src=\"https:\/\/media.vrigstadshembygdsforening.se\/\/W_Johan-smed_55.jpg\" alt=\"\" width=\"700\" height=\"672\" srcset=\"https:\/\/media.vrigstadshembygdsforening.se\/W_Johan-smed_55.jpg 700w, https:\/\/media.vrigstadshembygdsforening.se\/W_Johan-smed_55-300x288.jpg 300w\" sizes=\"auto, (max-width: 700px) 100vw, 700px\" \/><\/a><figcaption id=\"caption-attachment-2755\" class=\"wp-caption-text\">Tidningsurklipp fr\u00e5n 1957.<\/figcaption><\/figure>\n","protected":false},"excerpt":{"rendered":"<p>Smeden i Lundby, Anders Larsson, hade sin smedja utmed J\u00f6nk\u00f6pingsv\u00e4gen. I ett klipp fr\u00e5n Sm\u00e5lands Allehanda fr\u00e5n 1955 kan vi<\/p>\n","protected":false},"author":1,"featured_media":0,"parent":0,"menu_order":0,"comment_status":"closed","ping_status":"closed","template":"","meta":{"footnotes":""},"class_list":["post-2754","page","type-page","status-publish","hentry"],"_links":{"self":[{"href":"https:\/\/vrigstadshembygdsforening.se\/index.php?rest_route=\/wp\/v2\/pages\/2754","targetHints":{"allow":["GET"]}}],"collection":[{"href":"https:\/\/vrigstadshembygdsforening.se\/index.php?rest_route=\/wp\/v2\/pages"}],"about":[{"href":"https:\/\/vrigstadshembygdsforening.se\/index.php?rest_route=\/wp\/v2\/types\/page"}],"author":[{"embeddable":true,"href":"https:\/\/vrigstadshembygdsforening.se\/index.php?rest_route=\/wp\/v2\/users\/1"}],"replies":[{"embeddable":true,"href":"https:\/\/vrigstadshembygdsforening.se\/index.php?rest_route=%2Fwp%2Fv2%2Fcomments&post=2754"}],"version-history":[{"count":1,"href":"https:\/\/vrigstadshembygdsforening.se\/index.php?rest_route=\/wp\/v2\/pages\/2754\/revisions"}],"predecessor-version":[{"id":2756,"href":"https:\/\/vrigstadshembygdsforening.se\/index.php?rest_route=\/wp\/v2\/pages\/2754\/revisions\/2756"}],"wp:attachment":[{"href":"https:\/\/vrigstadshembygdsforening.se\/index.php?rest_route=%2Fwp%2Fv2%2Fmedia&parent=2754"}],"curies":[{"name":"wp","href":"https:\/\/api.w.org\/{rel}","templated":true}]}}