{"id":2749,"date":"2019-02-13T17:58:21","date_gmt":"2019-02-13T17:58:21","guid":{"rendered":"http:\/\/vrigstadshembygdsforening.se\/?page_id=2749"},"modified":"2019-02-13T17:58:21","modified_gmt":"2019-02-13T17:58:21","slug":"ab-lundbergs-pressgjuteri","status":"publish","type":"page","link":"https:\/\/vrigstadshembygdsforening.se\/?page_id=2749","title":{"rendered":"AB Lundbergs Pressgjuteri"},"content":{"rendered":"<p dir=\"LTR\" style=\"text-align: left;\" align=\"JUSTIFY\">AB Lundbergs Pressgjuteri startade sin verksamhet 1947. Bakgrunden var den att Johan Robert Lundberg hade tre s\u00f6ner. Bara en av dem kunde ta \u00f6ver g\u00e5rden. Det blev Olle. Anders startade minkfarm och s\u00e5 var det fr\u00e5gan vad G\u00f6sta skulle g\u00f6ra.<\/p>\n<p dir=\"LTR\" style=\"text-align: left;\" align=\"JUSTIFY\">Johan Robert dryftade problemet vid ett tillf\u00e4lle med kyrkoherden Nils \u00c5hl\u00e9n, som f\u00f6reslog att han skulle starta ett eget litet f\u00f6retag. \u00c5hl\u00e9n som var uppvuxen i sm\u00e5f\u00f6retagarregionen Anderstorp och Gnosj\u00f6 och k\u00e4nde m\u00e5nga av fabrik\u00f6rerna d\u00e4r tyckte att de tillsammans skulle g\u00f6ra ett studiebes\u00f6k i<br \/>\nomr\u00e5det.<\/p>\n<p dir=\"LTR\" style=\"text-align: left;\" align=\"JUSTIFY\">Sagt och gjort. Med bilen full av Lundbergare gick f\u00e4rden till Gnosj\u00f6. Efter en tid meddelade Johan Robert kyrkoherden att han nu beslutat sig\u00a0f\u00f6r att bygga en fabrik. &#8221;Vad skall Du tillverka?&#8221; fr\u00e5gade \u00c5hl\u00e9n. &#8221; Matbestick till kineserna s\u00e5 de slipper att \u00e4ta med pinnar&#8221; sa Johan Robert.<\/p>\n<p dir=\"LTR\" style=\"text-align: left;\" align=\"JUSTIFY\">Nu blev det inte s\u00e5 utan de f\u00f6rsta produkterna blev vattenkoppar till minkfarmar, efter ett f\u00f6rslag fr\u00e5n G\u00f6stas bror Anders, och f\u00f6nsterhakar.<\/p>\n<p dir=\"LTR\" style=\"text-align: left;\" align=\"JUSTIFY\">Den f\u00f6rsta fabriken uppf\u00f6rdes utefter v\u00e4gen till M\u00e5nsag\u00e5rden. G\u00f6sta gjorde det mesta byggnads-arbetet. G\u00f6sta tog sj\u00e4lv \u00f6ver verksamheten efter ett par \u00e5r. Den f\u00f6rsta investeringen i maskinparken var en pressgjutningsmaskin, som ink\u00f6ptes i Amerika. Den kostade lika mycket som en medelstor g\u00e5rd vid den tiden.<\/p>\n<p dir=\"LTR\" style=\"text-align: left;\" align=\"JUSTIFY\">Den f\u00f6rsta produkten som l\u00e4mnade den\u00a0maskinen var f\u00f6nsterhakar. F\u00f6retaget utvecklades och 1969 blev den gamla fabriken f\u00f6r tr\u00e5ng och den nya uppf\u00f6rdes utefter V\u00e4xj\u00f6v\u00e4gen, dit man flyttade 1970. Fabriken har sedan dess byggts till flera g\u00e5nger. 1980 hade f\u00f6retaget sju anst\u00e4llda.<\/p>\n<p dir=\"LTR\" style=\"text-align: left;\" align=\"JUSTIFY\">\u00c5r 1984 gick G\u00f6sta ur tiden och hans hustru\u00a0Valborg tog \u00f6ver som VD f\u00f6r f\u00f6retaget.<\/p>\n<p dir=\"LTR\" style=\"text-align: left;\" align=\"JUSTIFY\">1993 b\u00f6rjade dottern Cajsa i f\u00f6retaget och blir senare vd. Cajsa har genom \u00e5ren utvecklat och<br \/>\nmoderniserat f\u00f6retaget ytterligare.<\/p>\n<p dir=\"LTR\" style=\"text-align: left;\" align=\"JUSTIFY\">Som ett bevis p\u00e5 hennes goda insatser erh\u00f6ll Cajsa Lundberg 2012 utm\u00e4rkelsen \u00c5rets F\u00f6retagare i J\u00f6nk\u00f6pings l\u00e4n. Det \u00e4r organisationen F\u00f6retagarna som varje \u00e5r utser en egenf\u00f6retagare som bl.a. ska uppfylla dessa kriterier:<br \/>\n\u2022 \u00e4ga f\u00f6retaget<br \/>\n\u2022 aktivt driva f\u00f6retaget<br \/>\n\u2022 genom gott ledarskap vara en god f\u00f6rebild och ambassad\u00f6r f\u00f6r f\u00f6retagare<br \/>\n\u2022 visa prov p\u00e5 extra kreativitet och f\u00f6retagsamhet som p\u00e5 ett s\u00e4tt b\u00f6r premieras<br \/>\n\u2022 ha god l\u00f6nsamhet.<br \/>\nI dag, 2016, har bolaget ett 30-tal anst\u00e4llda, som arbetar med legotillverkning av produkter i pressgjutet aluminium. Kunderna finns framf\u00f6r allt inom elektronik- och fordonsindustrin.<\/p>\n<figure id=\"attachment_2750\" aria-describedby=\"caption-attachment-2750\" style=\"width: 700px\" class=\"wp-caption alignnone\"><a href=\"https:\/\/media.vrigstadshembygdsforening.se\/\/W_1982.119.png\"><img loading=\"lazy\" decoding=\"async\" class=\"size-full wp-image-2750\" src=\"https:\/\/media.vrigstadshembygdsforening.se\/\/W_1982.119.png\" alt=\"\" width=\"700\" height=\"497\" srcset=\"https:\/\/media.vrigstadshembygdsforening.se\/W_1982.119.png 700w, https:\/\/media.vrigstadshembygdsforening.se\/W_1982.119-300x213.png 300w\" sizes=\"auto, (max-width: 700px) 100vw, 700px\" \/><\/a><figcaption id=\"caption-attachment-2750\" class=\"wp-caption-text\">Grundaren Robert Lundberg studerar en gjuten detalj tillsammans med sonen G\u00f6sta. Foto fr\u00e5n 1952.<\/figcaption><\/figure>\n<figure id=\"attachment_2752\" aria-describedby=\"caption-attachment-2752\" style=\"width: 500px\" class=\"wp-caption alignnone\"><a href=\"https:\/\/media.vrigstadshembygdsforening.se\/\/W_Lundbergs-press_Carl-Johan_83.jpg\"><img loading=\"lazy\" decoding=\"async\" class=\"size-full wp-image-2752\" src=\"https:\/\/media.vrigstadshembygdsforening.se\/\/W_Lundbergs-press_Carl-Johan_83.jpg\" alt=\"\" width=\"500\" height=\"550\" srcset=\"https:\/\/media.vrigstadshembygdsforening.se\/W_Lundbergs-press_Carl-Johan_83.jpg 500w, https:\/\/media.vrigstadshembygdsforening.se\/W_Lundbergs-press_Carl-Johan_83-273x300.jpg 273w\" sizes=\"auto, (max-width: 500px) 100vw, 500px\" \/><\/a><figcaption id=\"caption-attachment-2752\" class=\"wp-caption-text\">Carl-Johan Lundberg var anst\u00e4lld p\u00e5 f\u00f6retaget under m\u00e5nga \u00e5r. Foto fr\u00e5n 1983.<\/figcaption><\/figure>\n<figure id=\"attachment_2751\" aria-describedby=\"caption-attachment-2751\" style=\"width: 700px\" class=\"wp-caption alignnone\"><a href=\"https:\/\/media.vrigstadshembygdsforening.se\/\/W_Lundbergs-press-Cajsa_120918.png\"><img loading=\"lazy\" decoding=\"async\" class=\"size-full wp-image-2751\" src=\"https:\/\/media.vrigstadshembygdsforening.se\/\/W_Lundbergs-press-Cajsa_120918.png\" alt=\"\" width=\"700\" height=\"478\" srcset=\"https:\/\/media.vrigstadshembygdsforening.se\/W_Lundbergs-press-Cajsa_120918.png 700w, https:\/\/media.vrigstadshembygdsforening.se\/W_Lundbergs-press-Cajsa_120918-300x205.png 300w\" sizes=\"auto, (max-width: 700px) 100vw, 700px\" \/><\/a><figcaption id=\"caption-attachment-2751\" class=\"wp-caption-text\">Cajsa Lundberg uppvaktas i september 2012 av F\u00f6retagarna, som utser \u00c5rets f\u00f6retagare, samt representanter f\u00f6r S\u00e4vsj\u00f6 kommun och SNAB.<\/figcaption><\/figure>\n","protected":false},"excerpt":{"rendered":"<p>AB Lundbergs Pressgjuteri startade sin verksamhet 1947. Bakgrunden var den att Johan Robert Lundberg hade tre s\u00f6ner. Bara en av<\/p>\n","protected":false},"author":1,"featured_media":0,"parent":0,"menu_order":0,"comment_status":"closed","ping_status":"closed","template":"","meta":{"footnotes":""},"class_list":["post-2749","page","type-page","status-publish","hentry"],"_links":{"self":[{"href":"https:\/\/vrigstadshembygdsforening.se\/index.php?rest_route=\/wp\/v2\/pages\/2749","targetHints":{"allow":["GET"]}}],"collection":[{"href":"https:\/\/vrigstadshembygdsforening.se\/index.php?rest_route=\/wp\/v2\/pages"}],"about":[{"href":"https:\/\/vrigstadshembygdsforening.se\/index.php?rest_route=\/wp\/v2\/types\/page"}],"author":[{"embeddable":true,"href":"https:\/\/vrigstadshembygdsforening.se\/index.php?rest_route=\/wp\/v2\/users\/1"}],"replies":[{"embeddable":true,"href":"https:\/\/vrigstadshembygdsforening.se\/index.php?rest_route=%2Fwp%2Fv2%2Fcomments&post=2749"}],"version-history":[{"count":1,"href":"https:\/\/vrigstadshembygdsforening.se\/index.php?rest_route=\/wp\/v2\/pages\/2749\/revisions"}],"predecessor-version":[{"id":2753,"href":"https:\/\/vrigstadshembygdsforening.se\/index.php?rest_route=\/wp\/v2\/pages\/2749\/revisions\/2753"}],"wp:attachment":[{"href":"https:\/\/vrigstadshembygdsforening.se\/index.php?rest_route=%2Fwp%2Fv2%2Fmedia&parent=2749"}],"curies":[{"name":"wp","href":"https:\/\/api.w.org\/{rel}","templated":true}]}}