{"id":2742,"date":"2019-02-13T17:09:03","date_gmt":"2019-02-13T17:09:03","guid":{"rendered":"http:\/\/vrigstadshembygdsforening.se\/?page_id=2742"},"modified":"2019-02-13T17:09:03","modified_gmt":"2019-02-13T17:09:03","slug":"akakops-betong","status":"publish","type":"page","link":"https:\/\/vrigstadshembygdsforening.se\/?page_id=2742","title":{"rendered":"\u00c5kak\u00f6ps Betong"},"content":{"rendered":"<p dir=\"LTR\" style=\"text-align: left;\" align=\"JUSTIFY\">Med en bakgrund inom betongindustrin startade Fredrik Claesson sitt f\u00f6retag, \u00c5kak\u00f6p Betong. Han hade tidigare arbetat p\u00e5 Swerocs anl\u00e4ggning i Vrigstad (tidigare Vrigstads Cementgjuteri) och d\u00e4refter vid deras anl\u00e4ggning i Gott\u00e5sa.<\/p>\n<p dir=\"LTR\" style=\"text-align: left;\" align=\"JUSTIFY\">Han byggde upp sitt f\u00f6retag stegvis och inledde med att uppf\u00f6ra en maskinhall 1997. I februari 1998 kom produktionen ig\u00e5ng.<\/p>\n<p dir=\"LTR\" style=\"text-align: left;\" align=\"JUSTIFY\">Han producerade parasollf\u00f6tter, tr\u00e4dg\u00e5rdsgrillar, v\u00e4ggelement, specialprodukter i betong i sm\u00e5 serier, som inte passade i de stora tillverkarnas produktion.<\/p>\n<p dir=\"LTR\" style=\"text-align: left;\" align=\"JUSTIFY\">Lokalerna hade han som granne till familjens villa i \u00c5kak\u00f6p. Under 2006 b\u00f6rjade Fredrik successivt avveckla f\u00f6retaget men det har inte upph\u00f6rt utan \u00e4r vilande. Fredrik \u00e4r fortfarande kvar i branschen genom sitt arbete hos Eriksson &amp; L\u00f6nn AB i S\u00e4vsj\u00f6.<\/p>\n<p>&nbsp;<\/p>\n","protected":false},"excerpt":{"rendered":"<p>Med en bakgrund inom betongindustrin startade Fredrik Claesson sitt f\u00f6retag, \u00c5kak\u00f6p Betong. Han hade tidigare arbetat p\u00e5 Swerocs anl\u00e4ggning i<\/p>\n","protected":false},"author":1,"featured_media":0,"parent":0,"menu_order":0,"comment_status":"closed","ping_status":"closed","template":"","meta":{"footnotes":""},"class_list":["post-2742","page","type-page","status-publish","hentry"],"_links":{"self":[{"href":"https:\/\/vrigstadshembygdsforening.se\/index.php?rest_route=\/wp\/v2\/pages\/2742","targetHints":{"allow":["GET"]}}],"collection":[{"href":"https:\/\/vrigstadshembygdsforening.se\/index.php?rest_route=\/wp\/v2\/pages"}],"about":[{"href":"https:\/\/vrigstadshembygdsforening.se\/index.php?rest_route=\/wp\/v2\/types\/page"}],"author":[{"embeddable":true,"href":"https:\/\/vrigstadshembygdsforening.se\/index.php?rest_route=\/wp\/v2\/users\/1"}],"replies":[{"embeddable":true,"href":"https:\/\/vrigstadshembygdsforening.se\/index.php?rest_route=%2Fwp%2Fv2%2Fcomments&post=2742"}],"version-history":[{"count":1,"href":"https:\/\/vrigstadshembygdsforening.se\/index.php?rest_route=\/wp\/v2\/pages\/2742\/revisions"}],"predecessor-version":[{"id":2743,"href":"https:\/\/vrigstadshembygdsforening.se\/index.php?rest_route=\/wp\/v2\/pages\/2742\/revisions\/2743"}],"wp:attachment":[{"href":"https:\/\/vrigstadshembygdsforening.se\/index.php?rest_route=%2Fwp%2Fv2%2Fmedia&parent=2742"}],"curies":[{"name":"wp","href":"https:\/\/api.w.org\/{rel}","templated":true}]}}