{"id":2738,"date":"2019-02-13T17:08:17","date_gmt":"2019-02-13T17:08:17","guid":{"rendered":"http:\/\/vrigstadshembygdsforening.se\/?page_id=2738"},"modified":"2019-02-13T17:08:17","modified_gmt":"2019-02-13T17:08:17","slug":"vrigstad-cementgjuteri-ab","status":"publish","type":"page","link":"https:\/\/vrigstadshembygdsforening.se\/?page_id=2738","title":{"rendered":"Vrigstad Cementgjuteri AB"},"content":{"rendered":"<p dir=\"LTR\" style=\"text-align: left;\" align=\"JUSTIFY\">Lecafabriken startades i mitten av 1960-talet av Gunnar L\u00e4gersten i en ny lokal p\u00e5 Stockarydsv\u00e4gen 16. Gunnar hade br\u00f6der, som utvandrat till Amerika, vilket gjorde att Gunnar var \u00f6ver 18 g\u00e5nger f\u00f6r att h\u00e4lsa p\u00e5 br\u00f6derna.<\/p>\n<p dir=\"LTR\" style=\"text-align: left;\" align=\"JUSTIFY\">Det var vid ett av dessa bes\u00f6k Gunnar gjorde\u00a0bekantskap med s.k. Lecablock. Han tog med sig id\u00e9n hem och startade tillverkningen i Vrigstad. Han var den f\u00f6rste i Sverige med att tillverka byggnadsblock av l\u00e4ttklinker, som materialet egentligen heter. Detta material fanns inte i Sverige men i Danmark. Han k\u00f6pte det genom en grossist som hette Larsson &amp; Zitron i G\u00f6teborg.<\/p>\n<p dir=\"LTR\" style=\"text-align: left;\" align=\"JUSTIFY\">Ganska snart \u00f6vertogs importen av Gullh\u00f6gens bruk i Sk\u00f6vde, som t\u00e4nkte lansera det i Sverige. De var mycket intresserade av det nya byggmaterialet d\u00e5 det ingick stora m\u00e4ngder cement i tillverkningen.<\/p>\n<p dir=\"LTR\" style=\"text-align: left;\" align=\"JUSTIFY\">Ingenj\u00f6rer fr\u00e5n Gullh\u00f6gen var p\u00e5 Cementgjuteriet f\u00f6r att l\u00e4ra sig av Gunnar, som hade tv\u00e5 \u00e5rs erfarenhet av produktionen. De arbetade \u00e4ven tillsammans f\u00f6r att f\u00e5 fram armerade balkar och element. Det st\u00e4lldes stora krav p\u00e5 materialet f\u00f6r att f\u00e5 det godk\u00e4nt av Statens planverk och byggnadsstyrelse.<\/p>\n<p dir=\"LTR\" style=\"text-align: left;\" align=\"JUSTIFY\">P\u00e5 grund av sin sjukdom och l\u00e5nga sjukhusvistelser avyttrade Gunnar f\u00f6retaget 1972 till Arne Oskarsson, \u00e4gare till Grus och Betong i V\u00e4rnamo. D\u00e5 anst\u00e4lldes Bj\u00f6rn Melin som fabrikschef. Melin avled 1976 och som ny fabrikschef anst\u00e4lldes Lennart Nilsson fr\u00e5n V\u00e4rnamo.<\/p>\n<p dir=\"LTR\" style=\"text-align: left;\" align=\"JUSTIFY\">F\u00f6retaget expanderade. 1980 hade f\u00f6retaget 10 anst\u00e4llda. Det var vanligt med k\u00e4llare till husen och d\u00e5 g\u00e4rna murade med Lecablock. En fullastad lastbil med sl\u00e4p, som \u00e5keri\u00e4gare Lennart Isaksson k\u00f6rde, var normalt till en k\u00e4llargrund. 1982 blev Sigurd (Sigge) Filipsson fabrikschef och f\u00f6rblev det i 17 \u00e5r. 1983 s\u00e5ldes fabriken till Kalmar<br \/>\nBetong, som \u00e4gde den till 1999.<\/p>\n<p dir=\"LTR\" style=\"text-align: left;\" align=\"JUSTIFY\">1993 var tillverkningen p\u00e5 topp med god l\u00f6nsamhet, en oms\u00e4ttning p\u00e5 23 miljoner kronor, med \u00e5tta anst\u00e4llda. Senare h\u00e4lften av 90-talet var det inte modernt med k\u00e4llare till husen l\u00e4ngre, och f\u00f6rs\u00e4ljningen minskade drastiskt p\u00e5 n\u00e5gra \u00e5r. Nedl\u00e4ggningen var oundviklig 1999.<\/p>\n<p dir=\"LTR\" style=\"text-align: left;\" align=\"JUSTIFY\">Efter att lokalen st\u00e5tt tom n\u00e5gra \u00e5r startade Vrigstad Svets och Mekaniska sin produktion i fabriken.<\/p>\n<figure id=\"attachment_2740\" aria-describedby=\"caption-attachment-2740\" style=\"width: 700px\" class=\"wp-caption alignnone\"><a href=\"https:\/\/media.vrigstadshembygdsforening.se\/\/W_Vd-cementgjuteri_Bild-exteri\u00f6r.jpg\"><img loading=\"lazy\" decoding=\"async\" class=\"size-full wp-image-2740\" src=\"https:\/\/media.vrigstadshembygdsforening.se\/\/W_Vd-cementgjuteri_Bild-exteri\u00f6r.jpg\" alt=\"\" width=\"700\" height=\"450\" srcset=\"https:\/\/media.vrigstadshembygdsforening.se\/W_Vd-cementgjuteri_Bild-exteri\u00f6r.jpg 700w, https:\/\/media.vrigstadshembygdsforening.se\/W_Vd-cementgjuteri_Bild-exteri\u00f6r-300x193.jpg 300w\" sizes=\"auto, (max-width: 700px) 100vw, 700px\" \/><\/a><figcaption id=\"caption-attachment-2740\" class=\"wp-caption-text\">Vrigstad Cementgjuteris lokaler p\u00e5 Stockarydsv\u00e4gen.<\/figcaption><\/figure>\n<figure id=\"attachment_2739\" aria-describedby=\"caption-attachment-2739\" style=\"width: 700px\" class=\"wp-caption alignnone\"><a href=\"https:\/\/media.vrigstadshembygdsforening.se\/\/W_JP-1969-06-14.jpg\"><img loading=\"lazy\" decoding=\"async\" class=\"size-full wp-image-2739\" src=\"https:\/\/media.vrigstadshembygdsforening.se\/\/W_JP-1969-06-14.jpg\" alt=\"\" width=\"700\" height=\"784\" srcset=\"https:\/\/media.vrigstadshembygdsforening.se\/W_JP-1969-06-14.jpg 700w, https:\/\/media.vrigstadshembygdsforening.se\/W_JP-1969-06-14-268x300.jpg 268w\" sizes=\"auto, (max-width: 700px) 100vw, 700px\" \/><\/a><figcaption id=\"caption-attachment-2739\" class=\"wp-caption-text\">Vrigstad Cementgjuteri automatiserade och tog bort tunga manuella arbeten. Tidningsklipp fr\u00e5n 1969.<\/figcaption><\/figure>\n","protected":false},"excerpt":{"rendered":"<p>Lecafabriken startades i mitten av 1960-talet av Gunnar L\u00e4gersten i en ny lokal p\u00e5 Stockarydsv\u00e4gen 16. Gunnar hade br\u00f6der, som<\/p>\n","protected":false},"author":1,"featured_media":0,"parent":0,"menu_order":0,"comment_status":"closed","ping_status":"closed","template":"","meta":{"footnotes":""},"class_list":["post-2738","page","type-page","status-publish","hentry"],"_links":{"self":[{"href":"https:\/\/vrigstadshembygdsforening.se\/index.php?rest_route=\/wp\/v2\/pages\/2738","targetHints":{"allow":["GET"]}}],"collection":[{"href":"https:\/\/vrigstadshembygdsforening.se\/index.php?rest_route=\/wp\/v2\/pages"}],"about":[{"href":"https:\/\/vrigstadshembygdsforening.se\/index.php?rest_route=\/wp\/v2\/types\/page"}],"author":[{"embeddable":true,"href":"https:\/\/vrigstadshembygdsforening.se\/index.php?rest_route=\/wp\/v2\/users\/1"}],"replies":[{"embeddable":true,"href":"https:\/\/vrigstadshembygdsforening.se\/index.php?rest_route=%2Fwp%2Fv2%2Fcomments&post=2738"}],"version-history":[{"count":1,"href":"https:\/\/vrigstadshembygdsforening.se\/index.php?rest_route=\/wp\/v2\/pages\/2738\/revisions"}],"predecessor-version":[{"id":2741,"href":"https:\/\/vrigstadshembygdsforening.se\/index.php?rest_route=\/wp\/v2\/pages\/2738\/revisions\/2741"}],"wp:attachment":[{"href":"https:\/\/vrigstadshembygdsforening.se\/index.php?rest_route=%2Fwp%2Fv2%2Fmedia&parent=2738"}],"curies":[{"name":"wp","href":"https:\/\/api.w.org\/{rel}","templated":true}]}}