{"id":2736,"date":"2019-02-13T17:04:26","date_gmt":"2019-02-13T17:04:26","guid":{"rendered":"http:\/\/vrigstadshembygdsforening.se\/?page_id=2736"},"modified":"2019-02-13T17:04:26","modified_gmt":"2019-02-13T17:04:26","slug":"vrigstads-cementfabrik","status":"publish","type":"page","link":"https:\/\/vrigstadshembygdsforening.se\/?page_id=2736","title":{"rendered":"Vrigstads Cementfabrik"},"content":{"rendered":"<p dir=\"LTR\" style=\"text-align: left;\" align=\"JUSTIFY\">Firman grundades 1947. \u00c4gare till tomt och fastighet var fabrik\u00f6r \u00c5ke Eriksson. 1954 f\u00f6rv\u00e4rvade fabrik\u00f6rerna Ture Almqvist och Edvin Johansson bolaget.<\/p>\n<p dir=\"LTR\" style=\"text-align: left;\" align=\"JUSTIFY\">Fastigheten omfattade 18 100 m<sup><span style=\"font-size: small;\">2<\/span><\/sup>, med ett taxeringsv\u00e4rde p\u00e5 18 600 kr.<\/p>\n<p dir=\"LTR\" style=\"text-align: left;\" align=\"JUSTIFY\">Byggnaden med lokaler f\u00f6r tillverkning och kontor hade en sammanlagd golvyta av 200 m2.<\/p>\n<p dir=\"LTR\" style=\"text-align: left;\" align=\"JUSTIFY\">F\u00f6retaget hade tv\u00e5 anst\u00e4llda. Det \u00e5rliga tillverkningsv\u00e4rdet var cirka 50 000 kronor. Man tillverkade g\u00e5ngplattor, cementh\u00e5lsten och brunnsringar.<\/p>\n<p dir=\"LTR\" style=\"text-align: left;\" align=\"JUSTIFY\">Maskinparken bestod av en h\u00e5lstensmaskin, en cementblandare och en maskin f\u00f6r tillverkning av kantsten.<\/p>\n<p>&nbsp;<\/p>\n","protected":false},"excerpt":{"rendered":"<p>Firman grundades 1947. \u00c4gare till tomt och fastighet var fabrik\u00f6r \u00c5ke Eriksson. 1954 f\u00f6rv\u00e4rvade fabrik\u00f6rerna Ture Almqvist och Edvin Johansson<\/p>\n","protected":false},"author":1,"featured_media":0,"parent":0,"menu_order":0,"comment_status":"closed","ping_status":"closed","template":"","meta":{"footnotes":""},"class_list":["post-2736","page","type-page","status-publish","hentry"],"_links":{"self":[{"href":"https:\/\/vrigstadshembygdsforening.se\/index.php?rest_route=\/wp\/v2\/pages\/2736","targetHints":{"allow":["GET"]}}],"collection":[{"href":"https:\/\/vrigstadshembygdsforening.se\/index.php?rest_route=\/wp\/v2\/pages"}],"about":[{"href":"https:\/\/vrigstadshembygdsforening.se\/index.php?rest_route=\/wp\/v2\/types\/page"}],"author":[{"embeddable":true,"href":"https:\/\/vrigstadshembygdsforening.se\/index.php?rest_route=\/wp\/v2\/users\/1"}],"replies":[{"embeddable":true,"href":"https:\/\/vrigstadshembygdsforening.se\/index.php?rest_route=%2Fwp%2Fv2%2Fcomments&post=2736"}],"version-history":[{"count":1,"href":"https:\/\/vrigstadshembygdsforening.se\/index.php?rest_route=\/wp\/v2\/pages\/2736\/revisions"}],"predecessor-version":[{"id":2737,"href":"https:\/\/vrigstadshembygdsforening.se\/index.php?rest_route=\/wp\/v2\/pages\/2736\/revisions\/2737"}],"wp:attachment":[{"href":"https:\/\/vrigstadshembygdsforening.se\/index.php?rest_route=%2Fwp%2Fv2%2Fmedia&parent=2736"}],"curies":[{"name":"wp","href":"https:\/\/api.w.org\/{rel}","templated":true}]}}