{"id":2734,"date":"2019-02-13T17:03:48","date_gmt":"2019-02-13T17:03:48","guid":{"rendered":"http:\/\/vrigstadshembygdsforening.se\/?page_id=2734"},"modified":"2019-02-13T17:03:48","modified_gmt":"2019-02-13T17:03:48","slug":"lindboms-konst-betong","status":"publish","type":"page","link":"https:\/\/vrigstadshembygdsforening.se\/?page_id=2734","title":{"rendered":"Lindboms Konst Betong"},"content":{"rendered":"<p dir=\"LTR\" style=\"text-align: left;\" align=\"JUSTIFY\">Sven Lindbom, f\u00f6dd 1936, flyttade h\u00f6sten 1966 fr\u00e5n Grimstorp. Han k\u00f6pte p\u00e5 auktion fastigheten<br \/>\nHagen 1:4 \u2013 Ho\u00e5sen \u2013 med tv\u00e5 byggnader och n\u00e4stan 25 ha mark f\u00f6r 96 000 kronor.<\/p>\n<p dir=\"LTR\" style=\"text-align: left;\" align=\"JUSTIFY\">Sven ut\u00f6vade f\u00f6rsta tiden sitt hantverk som murare tillsammans med sin far, som ocks\u00e5 var murare, och sin bror.<\/p>\n<p dir=\"LTR\" style=\"text-align: left;\" align=\"JUSTIFY\">1975 startade Sven Lindbom f\u00f6retaget Lindboms Konst Betong i en mindre lokal p\u00e5 Hagen. F\u00f6retaget flyttade sedan tillverkningen av betongtrappor f\u00f6r villaentr\u00e9er, k\u00e4llare m.m. till Vrigstad Bilbolags tidigare lokaler p\u00e5 V\u00e4xj\u00f6v\u00e4gen 25. Tillverkningen p\u00e5gick i drygt fyra \u00e5r.<\/p>\n<p dir=\"LTR\" style=\"text-align: left;\" align=\"JUSTIFY\">Efter f\u00f6rs\u00e4ljningen av Sven och Anneli Lindboms turistanl\u00e4ggning med stugor och dammar f\u00e5r Sven \u00e5ter m\u00f6jlighet att arbeta med betong.<\/p>\n<p dir=\"LTR\" style=\"text-align: left;\" align=\"JUSTIFY\">\u00a0Paret \u00e5ker som volont\u00e4rer till Colombia. De\u00a0arbetar nu i en organisation som heter &#8221;Ankarstiftelsen&#8221;. I Colombia startar Sven en liten betongfabrik f\u00f6r att tillverka tunna, l\u00e4tta betongelement och pelare. De \u00e4r l\u00e4tta att b\u00e4ra eller frakta p\u00e5 de sm\u00e5 b\u00e5tar man har i bifloder till Amazonfloden och anv\u00e4nds till bl.a. skolbyggen.<\/p>\n<p dir=\"LTR\" style=\"text-align: left;\" align=\"JUSTIFY\">Sven \u00e4r sj\u00e4lv konstrukt\u00f6r av det nya byggnadss\u00e4ttet med betongelementen och metoden anv\u00e4nds inte bara i Colombia utan \u00e4ven vid\u00a0bist\u00e5ndsarbete i andra l\u00e4nder. Stiftelsen har nu byggt mer \u00e4n 150 skolor, en del bost\u00e4der och\u00a0andra byggnader i omr\u00e5det med Svens konstruktion som grund.<\/p>\n<p dir=\"LTR\" style=\"text-align: left;\" align=\"JUSTIFY\">Sven och Anneli har \u00e5kt p\u00e5 egen bekostnad nio g\u00e5nger till omr\u00e5den vid st\u00e4derna Letisia och Medelin. De har varit sammanlagt 2,5 \u00e5r i Colombia under \u00e5ren 2000 till 2011. Sven har p\u00e5 senare \u00e5r f\u00e5tt pris f\u00f6r sina id\u00e9er om milj\u00f6 och energisn\u00e5la byggnadskonstruktioner.<\/p>\n<p>&nbsp;<\/p>\n","protected":false},"excerpt":{"rendered":"<p>Sven Lindbom, f\u00f6dd 1936, flyttade h\u00f6sten 1966 fr\u00e5n Grimstorp. Han k\u00f6pte p\u00e5 auktion fastigheten Hagen 1:4 \u2013 Ho\u00e5sen \u2013 med<\/p>\n","protected":false},"author":1,"featured_media":0,"parent":0,"menu_order":0,"comment_status":"closed","ping_status":"closed","template":"","meta":{"footnotes":""},"class_list":["post-2734","page","type-page","status-publish","hentry"],"_links":{"self":[{"href":"https:\/\/vrigstadshembygdsforening.se\/index.php?rest_route=\/wp\/v2\/pages\/2734","targetHints":{"allow":["GET"]}}],"collection":[{"href":"https:\/\/vrigstadshembygdsforening.se\/index.php?rest_route=\/wp\/v2\/pages"}],"about":[{"href":"https:\/\/vrigstadshembygdsforening.se\/index.php?rest_route=\/wp\/v2\/types\/page"}],"author":[{"embeddable":true,"href":"https:\/\/vrigstadshembygdsforening.se\/index.php?rest_route=\/wp\/v2\/users\/1"}],"replies":[{"embeddable":true,"href":"https:\/\/vrigstadshembygdsforening.se\/index.php?rest_route=%2Fwp%2Fv2%2Fcomments&post=2734"}],"version-history":[{"count":1,"href":"https:\/\/vrigstadshembygdsforening.se\/index.php?rest_route=\/wp\/v2\/pages\/2734\/revisions"}],"predecessor-version":[{"id":2735,"href":"https:\/\/vrigstadshembygdsforening.se\/index.php?rest_route=\/wp\/v2\/pages\/2734\/revisions\/2735"}],"wp:attachment":[{"href":"https:\/\/vrigstadshembygdsforening.se\/index.php?rest_route=%2Fwp%2Fv2%2Fmedia&parent=2734"}],"curies":[{"name":"wp","href":"https:\/\/api.w.org\/{rel}","templated":true}]}}