{"id":2729,"date":"2019-02-13T16:58:43","date_gmt":"2019-02-13T16:58:43","guid":{"rendered":"http:\/\/vrigstadshembygdsforening.se\/?page_id=2729"},"modified":"2019-02-13T16:58:43","modified_gmt":"2019-02-13T16:58:43","slug":"johan-nilssons-tegelbruk-i-horveryd","status":"publish","type":"page","link":"https:\/\/vrigstadshembygdsforening.se\/?page_id=2729","title":{"rendered":"Johan Nilssons tegelbruk i Horveryd"},"content":{"rendered":"<p dir=\"LTR\" style=\"text-align: left;\" align=\"JUSTIFY\">\u00c5r 1872 kom Johan Nilsson som ny \u00e4gare till 5\/8 mantal Backg\u00e5rden Horveryd Vrigstad d\u00e4r han startade ett tegelbruk och fortsatte med lertegeltillverkning och leverans av lera.<\/p>\n<p dir=\"LTR\" style=\"text-align: left;\" align=\"JUSTIFY\">Johan Nilsson flyttade fr\u00e5n Tofteryd till Vrigstad i slutet p\u00e5 1860-talet och ink\u00f6pte d\u00e4r del av Horveryds Backeg\u00e5rd. Jordbrukarna hade det p\u00e5 den<br \/>\ntiden i m\u00e5nga avseenden ganska bekymmersamt. De fick d\u00e5ligt betalt f\u00f6r sina produkter och m\u00f6jligheten till extra arbetsf\u00f6rtj\u00e4nst var mycket liten. Men Johan Nilsson var uppfinningsrik. P\u00e5 hans g\u00e5rd fanns prima lera, som l\u00e5g d\u00e4r till synes till ingen nytta. Han visste, att leran kunde anv\u00e4ndas som<br \/>\nmateriel f\u00f6r tillverkning av tegel.<\/p>\n<p dir=\"LTR\" style=\"text-align: left;\" align=\"JUSTIFY\">S\u00e5 startade han ett tegelbruk, sannolikt det f\u00f6rsta i l\u00e4net. Ett tiotal man anst\u00e4lldes och s\u00e5 b\u00f6rjade han efter d\u00e5tidens f\u00f6rh\u00e5llande en ganska omfattande tillverkning av tak- och murtegel. Detta tegel blev k\u00e4nt under namnet Vrigstadstegel.<\/p>\n<p dir=\"LTR\" style=\"text-align: left;\" align=\"JUSTIFY\">F\u00f6retagen p\u00e5 den tiden hade icke tillg\u00e5ng till n\u00e5gra arbetsbesparande maskiner utan allt arbete fick utf\u00f6ras f\u00f6r hand. Men f\u00f6r tegelbruket i Horveryd fanns ett undantag. Det var den s.k. \u00e4ltaren, en uppfinning av Johan Nilsson. \u00c4ltaren p\u00e5minner mycket om v\u00e5ra dagars blandare f\u00f6r cementbruk. Den fick sin drivkraft fr\u00e5n en h\u00e4stvandring.<\/p>\n<p dir=\"LTR\" style=\"text-align: left;\" align=\"JUSTIFY\">Det myckna och tunga arbetet med blandningen av tegelmassan, vilken bestod av sand och lera, sysselsatte flera man, nu utf\u00f6rdes det av en person. Denna arbetsbesparande \u00e4ltare var f\u00f6r tegelbruket en stor tillg\u00e5ng. Vid bruket fanns inte n\u00e5gon torkinr\u00e4ttning. Arbetet med att sl\u00e5 tegel m\u00e5ste d\u00e4rf\u00f6r upph\u00f6ra under vintern. Men driften lades inte ned. Det tegel som lagrats och inte funnit avs\u00e4ttning i hemorten skulle under vintern transporteras till S\u00e4vsj\u00f6 j\u00e4rnv\u00e4gsstation f\u00f6r att d\u00e4rifr\u00e5n per j\u00e4rnv\u00e4g vidarebefordras till kunder i olika delar av Sverige. Med dessa transporter hade arbetarna vid bruket och m\u00e5nga lantbrukare i bygden full syssels\u00e4ttning under den kalla \u00e5rstiden.<\/p>\n<p dir=\"LTR\" style=\"text-align: left;\" align=\"JUSTIFY\">Tegelbruket fick problem i slutat av 1880-talet. Detta p\u00e5 grund av de sv\u00e5ra transportf\u00f6rh\u00e5llandena till j\u00e4rnv\u00e4gsstationen samt den \u00f6kade konkurrensen fr\u00e5n st\u00f6rre och b\u00e4ttre maskinellt utrustade tegelbruk. Men \u00e4n i dag finns det s\u00e4kert m\u00e5nga gamla skorstensr\u00f6r b\u00e5de i Vrigstad och p\u00e5 andra h\u00e5ll i landet som \u00e4r murade av teglet fr\u00e5n Johan Nilssons tegelbruk i Horveryd.<\/p>\n<p dir=\"LTR\" style=\"text-align: left;\" align=\"JUSTIFY\">\u00c5r 1910 s\u00e5ldes g\u00e5rden till August Pettersson som avvecklade lertegeltillverkningen och bedrev mer jordbruk.<\/p>\n<p dir=\"LTR\" style=\"text-align: left;\" align=\"JUSTIFY\">Lertegeltillverkning och leverans av lera bedrevs i cirka 53 \u00e5r fr\u00e5n Backg\u00e5rden Horveryd Vrigstad.<\/p>\n<p dir=\"LTR\" style=\"text-align: left;\" align=\"JUSTIFY\">Lera hade s\u00e4kert brutits l\u00e5ngt tidigare n\u00e4r man anv\u00e4nde natursten till eldst\u00e4der.<\/p>\n<p dir=\"LTR\" style=\"text-align: left;\" align=\"JUSTIFY\">Nu finns det inget kvar som syns av tegeltillverkningen Tegelbruket Backg\u00e5rden. Allt \u00e4r igenfyllt med sten och igenv\u00e4xt.<\/p>\n<p dir=\"LTR\" style=\"text-align: left;\" align=\"JUSTIFY\">Det enda som finns kvar att se \u00e4r de h\u00e5lor som man tog leran ifr\u00e5n, omr\u00e5det kallas lerh\u00e5lorna och ligger som en allm\u00e4nning p\u00e5 Simon Elgs marker Backeg\u00e5rd Horveryd Vrigstad.<\/p>\n<p>&nbsp;<\/p>\n","protected":false},"excerpt":{"rendered":"<p>\u00c5r 1872 kom Johan Nilsson som ny \u00e4gare till 5\/8 mantal Backg\u00e5rden Horveryd Vrigstad d\u00e4r han startade ett tegelbruk och<\/p>\n","protected":false},"author":1,"featured_media":0,"parent":0,"menu_order":0,"comment_status":"closed","ping_status":"closed","template":"","meta":{"footnotes":""},"class_list":["post-2729","page","type-page","status-publish","hentry"],"_links":{"self":[{"href":"https:\/\/vrigstadshembygdsforening.se\/index.php?rest_route=\/wp\/v2\/pages\/2729","targetHints":{"allow":["GET"]}}],"collection":[{"href":"https:\/\/vrigstadshembygdsforening.se\/index.php?rest_route=\/wp\/v2\/pages"}],"about":[{"href":"https:\/\/vrigstadshembygdsforening.se\/index.php?rest_route=\/wp\/v2\/types\/page"}],"author":[{"embeddable":true,"href":"https:\/\/vrigstadshembygdsforening.se\/index.php?rest_route=\/wp\/v2\/users\/1"}],"replies":[{"embeddable":true,"href":"https:\/\/vrigstadshembygdsforening.se\/index.php?rest_route=%2Fwp%2Fv2%2Fcomments&post=2729"}],"version-history":[{"count":1,"href":"https:\/\/vrigstadshembygdsforening.se\/index.php?rest_route=\/wp\/v2\/pages\/2729\/revisions"}],"predecessor-version":[{"id":2730,"href":"https:\/\/vrigstadshembygdsforening.se\/index.php?rest_route=\/wp\/v2\/pages\/2729\/revisions\/2730"}],"wp:attachment":[{"href":"https:\/\/vrigstadshembygdsforening.se\/index.php?rest_route=%2Fwp%2Fv2%2Fmedia&parent=2729"}],"curies":[{"name":"wp","href":"https:\/\/api.w.org\/{rel}","templated":true}]}}