{"id":272,"date":"2015-07-14T17:49:22","date_gmt":"2015-07-14T17:49:22","guid":{"rendered":"http:\/\/vrigstadshembygdsforening.se\/?page_id=272"},"modified":"2020-08-18T15:23:00","modified_gmt":"2020-08-18T15:23:00","slug":"medlemsskrift","status":"publish","type":"page","link":"https:\/\/vrigstadshembygdsforening.se\/?page_id=272","title":{"rendered":"Medlemsskrift"},"content":{"rendered":"<p>Varje \u00e5r ger Vrigstads Hembygdsf\u00f6reningen ut en liten medlemsskrift, i A5-format, som skickas hem till alla medlemmar.<\/p>\n<p>Skriften inneh\u00e5ller gammalt och nytt om och fr\u00e5n Vrigstad samt en inbjudan till respektive \u00e5rs \u00e5rsm\u00f6te.<\/p>\n<p>H\u00e4r kan du ta del av inneh\u00e5llet i n\u00e5gra av v\u00e5ra medlemsskrifter.<\/p>\n","protected":false},"excerpt":{"rendered":"<p>Varje \u00e5r ger Vrigstads Hembygdsf\u00f6reningen ut en liten medlemsskrift, i A5-format, som skickas hem till alla medlemmar. Skriften inneh\u00e5ller gammalt<\/p>\n","protected":false},"author":1,"featured_media":0,"parent":0,"menu_order":0,"comment_status":"closed","ping_status":"open","template":"","meta":{"footnotes":""},"class_list":["post-272","page","type-page","status-publish","hentry"],"_links":{"self":[{"href":"https:\/\/vrigstadshembygdsforening.se\/index.php?rest_route=\/wp\/v2\/pages\/272","targetHints":{"allow":["GET"]}}],"collection":[{"href":"https:\/\/vrigstadshembygdsforening.se\/index.php?rest_route=\/wp\/v2\/pages"}],"about":[{"href":"https:\/\/vrigstadshembygdsforening.se\/index.php?rest_route=\/wp\/v2\/types\/page"}],"author":[{"embeddable":true,"href":"https:\/\/vrigstadshembygdsforening.se\/index.php?rest_route=\/wp\/v2\/users\/1"}],"replies":[{"embeddable":true,"href":"https:\/\/vrigstadshembygdsforening.se\/index.php?rest_route=%2Fwp%2Fv2%2Fcomments&post=272"}],"version-history":[{"count":12,"href":"https:\/\/vrigstadshembygdsforening.se\/index.php?rest_route=\/wp\/v2\/pages\/272\/revisions"}],"predecessor-version":[{"id":2160,"href":"https:\/\/vrigstadshembygdsforening.se\/index.php?rest_route=\/wp\/v2\/pages\/272\/revisions\/2160"}],"wp:attachment":[{"href":"https:\/\/vrigstadshembygdsforening.se\/index.php?rest_route=%2Fwp%2Fv2%2Fmedia&parent=272"}],"curies":[{"name":"wp","href":"https:\/\/api.w.org\/{rel}","templated":true}]}}