{"id":2715,"date":"2019-02-13T16:45:45","date_gmt":"2019-02-13T16:45:45","guid":{"rendered":"http:\/\/vrigstadshembygdsforening.se\/?page_id=2715"},"modified":"2019-02-13T16:45:58","modified_gmt":"2019-02-13T16:45:58","slug":"varnamo-gummifabrik","status":"publish","type":"page","link":"https:\/\/vrigstadshembygdsforening.se\/?page_id=2715","title":{"rendered":"V\u00e4rnamo Gummifabrik"},"content":{"rendered":"<p dir=\"LTR\" style=\"text-align: left;\" align=\"JUSTIFY\">1965 f\u00f6rv\u00e4rvade Vrigstad kommun en fastighet av Konrad L\u00f6nnborg, och iordningst\u00e4llde den f\u00f6r V\u00e4rnamo Gummifabrik. K\u00f6peskilling var 225 000 kronor. Det var L\u00f6nnborgs tidigare fabrikslokal, byggd i tre v\u00e5ningar.<\/p>\n<p dir=\"LTR\" style=\"text-align: left;\" align=\"JUSTIFY\">Gummifabriken hade sedan 1965 haft en filial i Vrigstad, d\u00e4r man gjort efterarbeten p\u00e5 formpressade produkter. 1966 var 20 personer anst\u00e4llda. Vid nedl\u00e4ggningen i september 1972 var 13 personer anst\u00e4llda.<\/p>\n<p dir=\"LTR\" style=\"text-align: left;\" align=\"JUSTIFY\">Bland de anst\u00e4llda fanns M\u00e4rta Johansson, Anna Larsson, Linnea Andersson, Ingeborg Karlsson, H\u00e5kan Nilsson, Gerda Larsson, Nancy Fagerberg, Ann-Britt Lagerqvist, Aron Karlsson och Greta<br \/>\nJohansson.<\/p>\n<p>&nbsp;<\/p>\n","protected":false},"excerpt":{"rendered":"<p>1965 f\u00f6rv\u00e4rvade Vrigstad kommun en fastighet av Konrad L\u00f6nnborg, och iordningst\u00e4llde den f\u00f6r V\u00e4rnamo Gummifabrik. K\u00f6peskilling var 225 000 kronor.<\/p>\n","protected":false},"author":1,"featured_media":0,"parent":0,"menu_order":0,"comment_status":"closed","ping_status":"closed","template":"","meta":{"footnotes":""},"class_list":["post-2715","page","type-page","status-publish","hentry"],"_links":{"self":[{"href":"https:\/\/vrigstadshembygdsforening.se\/index.php?rest_route=\/wp\/v2\/pages\/2715","targetHints":{"allow":["GET"]}}],"collection":[{"href":"https:\/\/vrigstadshembygdsforening.se\/index.php?rest_route=\/wp\/v2\/pages"}],"about":[{"href":"https:\/\/vrigstadshembygdsforening.se\/index.php?rest_route=\/wp\/v2\/types\/page"}],"author":[{"embeddable":true,"href":"https:\/\/vrigstadshembygdsforening.se\/index.php?rest_route=\/wp\/v2\/users\/1"}],"replies":[{"embeddable":true,"href":"https:\/\/vrigstadshembygdsforening.se\/index.php?rest_route=%2Fwp%2Fv2%2Fcomments&post=2715"}],"version-history":[{"count":2,"href":"https:\/\/vrigstadshembygdsforening.se\/index.php?rest_route=\/wp\/v2\/pages\/2715\/revisions"}],"predecessor-version":[{"id":2717,"href":"https:\/\/vrigstadshembygdsforening.se\/index.php?rest_route=\/wp\/v2\/pages\/2715\/revisions\/2717"}],"wp:attachment":[{"href":"https:\/\/vrigstadshembygdsforening.se\/index.php?rest_route=%2Fwp%2Fv2%2Fmedia&parent=2715"}],"curies":[{"name":"wp","href":"https:\/\/api.w.org\/{rel}","templated":true}]}}