{"id":2712,"date":"2019-02-13T16:45:10","date_gmt":"2019-02-13T16:45:10","guid":{"rendered":"http:\/\/vrigstadshembygdsforening.se\/?page_id=2712"},"modified":"2019-02-13T16:45:10","modified_gmt":"2019-02-13T16:45:10","slug":"vrigstad-spoiler","status":"publish","type":"page","link":"https:\/\/vrigstadshembygdsforening.se\/?page_id=2712","title":{"rendered":"Vrigstad Spoiler"},"content":{"rendered":"<p dir=\"LTR\" style=\"text-align: left;\" align=\"JUSTIFY\">Lennart Isaksson och Rune Carlsson hade en liten firma i k\u00e4llaren p\u00e5 Runes hus i h\u00f6rnet V\u00e4xj\u00f6v\u00e4gen\/Mejerigatan, Torget 8, i slutet av 1970-talet. Man hade konstruerat en spoiler f\u00f6r att minska luftmotst\u00e5ndet p\u00e5 husvagnar. Spoilern monterades i takr\u00e4cket p\u00e5 bakre delen av bilens tak.<\/p>\n<p dir=\"LTR\" style=\"text-align: left;\" align=\"JUSTIFY\">De k\u00f6pte in stora plastskivor och h\u00e5llare fr\u00e5n olika leverant\u00f6rer och monterade dessa p\u00e5 &#8221;fritiden&#8221;.<\/p>\n<p style=\"text-align: left;\">Konstruktionen testades av Teknikens V\u00e4rld. Rune och Lennart, med hj\u00e4lp av Sven-G\u00f6sta Isaksson, arbetade i f\u00f6retaget.<\/p>\n<figure id=\"attachment_2713\" aria-describedby=\"caption-attachment-2713\" style=\"width: 700px\" class=\"wp-caption alignnone\"><a href=\"https:\/\/media.vrigstadshembygdsforening.se\/\/W_Vd-spoiler.jpg\"><img loading=\"lazy\" decoding=\"async\" class=\"size-full wp-image-2713\" src=\"https:\/\/media.vrigstadshembygdsforening.se\/\/W_Vd-spoiler.jpg\" alt=\"\" width=\"700\" height=\"479\" srcset=\"https:\/\/media.vrigstadshembygdsforening.se\/W_Vd-spoiler.jpg 700w, https:\/\/media.vrigstadshembygdsforening.se\/W_Vd-spoiler-300x205.jpg 300w\" sizes=\"auto, (max-width: 700px) 100vw, 700px\" \/><\/a><figcaption id=\"caption-attachment-2713\" class=\"wp-caption-text\">Vrigstad Spoilern monterades p\u00e5 bilens takr\u00e4cke eller reling.<\/figcaption><\/figure>\n<p>&nbsp;<\/p>\n","protected":false},"excerpt":{"rendered":"<p>Lennart Isaksson och Rune Carlsson hade en liten firma i k\u00e4llaren p\u00e5 Runes hus i h\u00f6rnet V\u00e4xj\u00f6v\u00e4gen\/Mejerigatan, Torget 8, i<\/p>\n","protected":false},"author":1,"featured_media":0,"parent":0,"menu_order":0,"comment_status":"closed","ping_status":"closed","template":"","meta":{"footnotes":""},"class_list":["post-2712","page","type-page","status-publish","hentry"],"_links":{"self":[{"href":"https:\/\/vrigstadshembygdsforening.se\/index.php?rest_route=\/wp\/v2\/pages\/2712","targetHints":{"allow":["GET"]}}],"collection":[{"href":"https:\/\/vrigstadshembygdsforening.se\/index.php?rest_route=\/wp\/v2\/pages"}],"about":[{"href":"https:\/\/vrigstadshembygdsforening.se\/index.php?rest_route=\/wp\/v2\/types\/page"}],"author":[{"embeddable":true,"href":"https:\/\/vrigstadshembygdsforening.se\/index.php?rest_route=\/wp\/v2\/users\/1"}],"replies":[{"embeddable":true,"href":"https:\/\/vrigstadshembygdsforening.se\/index.php?rest_route=%2Fwp%2Fv2%2Fcomments&post=2712"}],"version-history":[{"count":1,"href":"https:\/\/vrigstadshembygdsforening.se\/index.php?rest_route=\/wp\/v2\/pages\/2712\/revisions"}],"predecessor-version":[{"id":2714,"href":"https:\/\/vrigstadshembygdsforening.se\/index.php?rest_route=\/wp\/v2\/pages\/2712\/revisions\/2714"}],"wp:attachment":[{"href":"https:\/\/vrigstadshembygdsforening.se\/index.php?rest_route=%2Fwp%2Fv2%2Fmedia&parent=2712"}],"curies":[{"name":"wp","href":"https:\/\/api.w.org\/{rel}","templated":true}]}}