{"id":2706,"date":"2019-02-13T16:41:00","date_gmt":"2019-02-13T16:41:00","guid":{"rendered":"http:\/\/vrigstadshembygdsforening.se\/?page_id=2706"},"modified":"2019-02-13T16:41:00","modified_gmt":"2019-02-13T16:41:00","slug":"savsjoplast","status":"publish","type":"page","link":"https:\/\/vrigstadshembygdsforening.se\/?page_id=2706","title":{"rendered":"S\u00e4vsj\u00f6plast"},"content":{"rendered":"<p dir=\"LTR\" style=\"text-align: left;\" align=\"JUSTIFY\">1963 s\u00e4ljer Textilingenj\u00f6r \u00c5ke B\u00f6rjesson en del av sitt plastmattsv\u00e4veri i Nordanskog, dit han flyttat tv\u00e5 \u00e5r tidigare fr\u00e5n V\u00e4sterg\u00f6tland, och hyr lokaler f\u00f6r verksamheten i Annedal p\u00e5 Garvaregatan i Vrigstad.<\/p>\n<p dir=\"LTR\" style=\"text-align: left;\" align=\"JUSTIFY\">Tv\u00e5 v\u00e4vstolar \u00f6vertogs fr\u00e5n Rumar Persson i Nordanskog. En v\u00e4vstol flyttades med till Vrigstad och en ny datoriserad v\u00e4vstol med hologram ink\u00f6ptes, vilket innebar att man kunde v\u00e4lja olika m\u00f6nster utan att solva om.<\/p>\n<p dir=\"LTR\" style=\"text-align: left;\" align=\"JUSTIFY\">I Vrigstad tillverkades breda plastmattor\/bordsmattor.<\/p>\n<p dir=\"LTR\" style=\"text-align: left;\" align=\"JUSTIFY\">Plastmattorna s\u00e5ldes framf\u00f6r allt till postorderf\u00f6retagen i Bor\u00e5s men \u00e4ven direkt till privata kunder via tidningsannonser.<\/p>\n<p dir=\"LTR\" style=\"text-align: left;\" align=\"JUSTIFY\">B\u00f6rjesson experimenterade mycket med olika maskiner till v\u00e4vning. Bl.a. konstruerade han ett nytt verktyg som kunde v\u00e4va tjocka, luddiga plastmattor, &#8221;Flossamattor&#8221;. Han gjorde ocks\u00e5 en sk\u00e4rmaskin som skar plasten i remsor, som f\u00f6rdes upp p\u00e5 en spole och via skytteln gav speciella m\u00f6nsterinslag i mattorna.<\/p>\n<p dir=\"LTR\" style=\"text-align: left;\" align=\"JUSTIFY\">F\u00f6r att underl\u00e4tta delningen av en stor mattrulle i olika mattl\u00e4ngder konstruerade han en svets som sm\u00e4lte samman plasten i st\u00e4llet f\u00f6r att man som<br \/>\ntidigare beh\u00f6vde sy en s\u00f6m.<\/p>\n<p dir=\"LTR\" style=\"text-align: left;\" align=\"JUSTIFY\">Efter tv\u00e5-tre \u00e5r avvecklades v\u00e4veriet och B\u00f6rjesson flyttade till G\u00f6teborg.<\/p>\n<figure id=\"attachment_2707\" aria-describedby=\"caption-attachment-2707\" style=\"width: 700px\" class=\"wp-caption alignnone\"><a href=\"https:\/\/media.vrigstadshembygdsforening.se\/\/W_Plastvaveri-1965_66.jpg\"><img loading=\"lazy\" decoding=\"async\" class=\"size-full wp-image-2707\" src=\"https:\/\/media.vrigstadshembygdsforening.se\/\/W_Plastvaveri-1965_66.jpg\" alt=\"\" width=\"700\" height=\"558\" srcset=\"https:\/\/media.vrigstadshembygdsforening.se\/W_Plastvaveri-1965_66.jpg 700w, https:\/\/media.vrigstadshembygdsforening.se\/W_Plastvaveri-1965_66-300x239.jpg 300w\" sizes=\"auto, (max-width: 700px) 100vw, 700px\" \/><\/a><figcaption id=\"caption-attachment-2707\" class=\"wp-caption-text\">Tidningsklipp fr\u00e5n 1965.<\/figcaption><\/figure>\n<p>&nbsp;<\/p>\n","protected":false},"excerpt":{"rendered":"<p>1963 s\u00e4ljer Textilingenj\u00f6r \u00c5ke B\u00f6rjesson en del av sitt plastmattsv\u00e4veri i Nordanskog, dit han flyttat tv\u00e5 \u00e5r tidigare fr\u00e5n V\u00e4sterg\u00f6tland,<\/p>\n","protected":false},"author":1,"featured_media":0,"parent":0,"menu_order":0,"comment_status":"closed","ping_status":"closed","template":"","meta":{"footnotes":""},"class_list":["post-2706","page","type-page","status-publish","hentry"],"_links":{"self":[{"href":"https:\/\/vrigstadshembygdsforening.se\/index.php?rest_route=\/wp\/v2\/pages\/2706","targetHints":{"allow":["GET"]}}],"collection":[{"href":"https:\/\/vrigstadshembygdsforening.se\/index.php?rest_route=\/wp\/v2\/pages"}],"about":[{"href":"https:\/\/vrigstadshembygdsforening.se\/index.php?rest_route=\/wp\/v2\/types\/page"}],"author":[{"embeddable":true,"href":"https:\/\/vrigstadshembygdsforening.se\/index.php?rest_route=\/wp\/v2\/users\/1"}],"replies":[{"embeddable":true,"href":"https:\/\/vrigstadshembygdsforening.se\/index.php?rest_route=%2Fwp%2Fv2%2Fcomments&post=2706"}],"version-history":[{"count":1,"href":"https:\/\/vrigstadshembygdsforening.se\/index.php?rest_route=\/wp\/v2\/pages\/2706\/revisions"}],"predecessor-version":[{"id":2708,"href":"https:\/\/vrigstadshembygdsforening.se\/index.php?rest_route=\/wp\/v2\/pages\/2706\/revisions\/2708"}],"wp:attachment":[{"href":"https:\/\/vrigstadshembygdsforening.se\/index.php?rest_route=%2Fwp%2Fv2%2Fmedia&parent=2706"}],"curies":[{"name":"wp","href":"https:\/\/api.w.org\/{rel}","templated":true}]}}