{"id":2664,"date":"2019-02-13T15:00:03","date_gmt":"2019-02-13T15:00:03","guid":{"rendered":"http:\/\/vrigstadshembygdsforening.se\/?page_id=2664"},"modified":"2019-02-13T15:00:03","modified_gmt":"2019-02-13T15:00:03","slug":"elve-snickerier-ab","status":"publish","type":"page","link":"https:\/\/vrigstadshembygdsforening.se\/?page_id=2664","title":{"rendered":"Elve-Snickerier AB"},"content":{"rendered":"<p dir=\"LTR\" style=\"text-align: left;\" align=\"JUSTIFY\">Det tidigare Byggnadssnickerier AB togs 1985 \u00f6ver av Lars Olov Tykosson.<\/p>\n<p dir=\"LTR\" style=\"text-align: left;\" align=\"JUSTIFY\">Han namn\u00e4ndrade f\u00f6retaget till Elve-Snickerier AB. Ett \u00e5r senare f\u00f6rsattes f\u00f6retaget i konkurs varvid 21 anst\u00e4llda frist\u00e4lldes.<\/p>\n<p style=\"text-align: left;\">F\u00f6retaget rekonstruerades och \u00e5terstartade med fyra anst\u00e4llda, nu med namnet Lars O Snickerier AB. Tillverkningen bestod av byr\u00e5er, inredningssnickerier och fururamar till vattens\u00e4ngar. Efter detta drevs det ytterligare n\u00e5got \u00e5r varefter det s\u00e5ldes och flyttade.<\/p>\n<p>&nbsp;<\/p>\n","protected":false},"excerpt":{"rendered":"<p>Det tidigare Byggnadssnickerier AB togs 1985 \u00f6ver av Lars Olov Tykosson. Han namn\u00e4ndrade f\u00f6retaget till Elve-Snickerier AB. Ett \u00e5r senare<\/p>\n","protected":false},"author":1,"featured_media":0,"parent":0,"menu_order":0,"comment_status":"closed","ping_status":"closed","template":"","meta":{"footnotes":""},"class_list":["post-2664","page","type-page","status-publish","hentry"],"_links":{"self":[{"href":"https:\/\/vrigstadshembygdsforening.se\/index.php?rest_route=\/wp\/v2\/pages\/2664","targetHints":{"allow":["GET"]}}],"collection":[{"href":"https:\/\/vrigstadshembygdsforening.se\/index.php?rest_route=\/wp\/v2\/pages"}],"about":[{"href":"https:\/\/vrigstadshembygdsforening.se\/index.php?rest_route=\/wp\/v2\/types\/page"}],"author":[{"embeddable":true,"href":"https:\/\/vrigstadshembygdsforening.se\/index.php?rest_route=\/wp\/v2\/users\/1"}],"replies":[{"embeddable":true,"href":"https:\/\/vrigstadshembygdsforening.se\/index.php?rest_route=%2Fwp%2Fv2%2Fcomments&post=2664"}],"version-history":[{"count":1,"href":"https:\/\/vrigstadshembygdsforening.se\/index.php?rest_route=\/wp\/v2\/pages\/2664\/revisions"}],"predecessor-version":[{"id":2665,"href":"https:\/\/vrigstadshembygdsforening.se\/index.php?rest_route=\/wp\/v2\/pages\/2664\/revisions\/2665"}],"wp:attachment":[{"href":"https:\/\/vrigstadshembygdsforening.se\/index.php?rest_route=%2Fwp%2Fv2%2Fmedia&parent=2664"}],"curies":[{"name":"wp","href":"https:\/\/api.w.org\/{rel}","templated":true}]}}