{"id":2639,"date":"2019-02-12T20:50:58","date_gmt":"2019-02-12T20:50:58","guid":{"rendered":"http:\/\/vrigstadshembygdsforening.se\/?page_id=2639"},"modified":"2019-02-12T20:50:58","modified_gmt":"2019-02-12T20:50:58","slug":"vrigstad-traforadling-ab","status":"publish","type":"page","link":"https:\/\/vrigstadshembygdsforening.se\/?page_id=2639","title":{"rendered":"Vrigstad Tr\u00e4f\u00f6r\u00e4dling AB"},"content":{"rendered":"<p dir=\"LTR\" style=\"text-align: left;\" align=\"JUSTIFY\">1979 startade Inge Bard och Ove Carlsson Vrigstad Tr\u00e4f\u00f6r\u00e4dling. De jobbade d\u00e5 p\u00e5 Unionen i Stockaryd och sk\u00f6tte f\u00f6retaget p\u00e5 fritiden. Efter cirka ett \u00e5r k\u00f6pte Inge ut Ove och han b\u00f6rjade d\u00e5 jobba heltid p\u00e5 hyvleriet.<\/p>\n<p dir=\"LTR\" style=\"text-align: left;\" align=\"JUSTIFY\">Man startade verksamheten d\u00e4r Artur och Ove tidigare haft sin s\u00e5g. Fastigheten \u00e4gdes d\u00e5 av kommunen och de hade tagit beslut om att riva byggnaderna. Strax innan rivningen fick Ove och Inge hyra en av byggnaderna dit de transporterade en hyvel som k\u00f6pts p\u00e5 Stenbergs i N\u00e4ssj\u00f6.<\/p>\n<p dir=\"LTR\" style=\"text-align: left;\" align=\"JUSTIFY\">Verksamheten hade ett par anst\u00e4llda. 1986-87 k\u00f6pte Torbj\u00f6rn Bard in sig som h\u00e4lften\u00e4gare. Vid \u00e5rsskiftet 1994\/95 l\u00e4mnade de de d\u00e5liga lokalerna efter att de under 1994 f\u00f6rv\u00e4rvat tidigare Swedhus lokaler vid K\u00e4llebergsv\u00e4gen.<\/p>\n<p dir=\"LTR\" style=\"text-align: left;\" align=\"JUSTIFY\">Ett par \u00e5r senare k\u00f6pte Magnus pappan Inges halva av f\u00f6retaget, som nu \u00e4gs och drivs av br\u00f6derna Torbj\u00f6rn och Magnus Bard. Man har hyvleri och s\u00e5g och utf\u00f6r \u00e4ven legoarbeten. Framf\u00f6r allt tillverkas l\u00e4kt och fj\u00e4llpanel.<\/p>\n<p dir=\"LTR\" style=\"text-align: left;\" align=\"JUSTIFY\">I september 1998 drabbades f\u00f6retaget av en stor brand d\u00e5 en f\u00f6rmodad dammexplotion t\u00e4nde p\u00e5 en 2 500 kubikmeter stor sp\u00e5nh\u00f6g, som huvudsakligen bestod av hyvel- och klyvsp\u00e5n.<\/p>\n<p dir=\"LTR\" style=\"text-align: left;\" align=\"JUSTIFY\">Branden kunde dock begr\u00e4nsas s\u00e5 det som blev l\u00e5gornas rov var halva det kombinerade sp\u00e5n- och virkesf\u00f6rr\u00e5det. \u00c4nd\u00e5 blev det en k\u00e4nnbar f\u00f6rlust p\u00e5 flera miljoner kronor.<\/p>\n<figure id=\"attachment_2641\" aria-describedby=\"caption-attachment-2641\" style=\"width: 700px\" class=\"wp-caption alignnone\"><a href=\"https:\/\/media.vrigstadshembygdsforening.se\/\/W_IMG_1494.jpg\"><img loading=\"lazy\" decoding=\"async\" class=\"size-full wp-image-2641\" src=\"https:\/\/media.vrigstadshembygdsforening.se\/\/W_IMG_1494.jpg\" alt=\"\" width=\"700\" height=\"442\" srcset=\"https:\/\/media.vrigstadshembygdsforening.se\/W_IMG_1494.jpg 700w, https:\/\/media.vrigstadshembygdsforening.se\/W_IMG_1494-300x189.jpg 300w\" sizes=\"auto, (max-width: 700px) 100vw, 700px\" \/><\/a><figcaption id=\"caption-attachment-2641\" class=\"wp-caption-text\">Torbj\u00f6rn och Magnus Bard i den stora fabrikslokalen.<\/figcaption><\/figure>\n<figure id=\"attachment_2640\" aria-describedby=\"caption-attachment-2640\" style=\"width: 500px\" class=\"wp-caption alignnone\"><a href=\"https:\/\/media.vrigstadshembygdsforening.se\/\/W_IMG_1486.jpg\"><img loading=\"lazy\" decoding=\"async\" class=\"size-full wp-image-2640\" src=\"https:\/\/media.vrigstadshembygdsforening.se\/\/W_IMG_1486.jpg\" alt=\"\" width=\"500\" height=\"458\" srcset=\"https:\/\/media.vrigstadshembygdsforening.se\/W_IMG_1486.jpg 500w, https:\/\/media.vrigstadshembygdsforening.se\/W_IMG_1486-300x275.jpg 300w\" sizes=\"auto, (max-width: 500px) 100vw, 500px\" \/><\/a><figcaption id=\"caption-attachment-2640\" class=\"wp-caption-text\">Torbj\u00f6rn, Victor och Magnus Bard.<\/figcaption><\/figure>\n","protected":false},"excerpt":{"rendered":"<p>1979 startade Inge Bard och Ove Carlsson Vrigstad Tr\u00e4f\u00f6r\u00e4dling. De jobbade d\u00e5 p\u00e5 Unionen i Stockaryd och sk\u00f6tte f\u00f6retaget p\u00e5<\/p>\n","protected":false},"author":1,"featured_media":0,"parent":0,"menu_order":0,"comment_status":"closed","ping_status":"closed","template":"","meta":{"footnotes":""},"class_list":["post-2639","page","type-page","status-publish","hentry"],"_links":{"self":[{"href":"https:\/\/vrigstadshembygdsforening.se\/index.php?rest_route=\/wp\/v2\/pages\/2639","targetHints":{"allow":["GET"]}}],"collection":[{"href":"https:\/\/vrigstadshembygdsforening.se\/index.php?rest_route=\/wp\/v2\/pages"}],"about":[{"href":"https:\/\/vrigstadshembygdsforening.se\/index.php?rest_route=\/wp\/v2\/types\/page"}],"author":[{"embeddable":true,"href":"https:\/\/vrigstadshembygdsforening.se\/index.php?rest_route=\/wp\/v2\/users\/1"}],"replies":[{"embeddable":true,"href":"https:\/\/vrigstadshembygdsforening.se\/index.php?rest_route=%2Fwp%2Fv2%2Fcomments&post=2639"}],"version-history":[{"count":1,"href":"https:\/\/vrigstadshembygdsforening.se\/index.php?rest_route=\/wp\/v2\/pages\/2639\/revisions"}],"predecessor-version":[{"id":2642,"href":"https:\/\/vrigstadshembygdsforening.se\/index.php?rest_route=\/wp\/v2\/pages\/2639\/revisions\/2642"}],"wp:attachment":[{"href":"https:\/\/vrigstadshembygdsforening.se\/index.php?rest_route=%2Fwp%2Fv2%2Fmedia&parent=2639"}],"curies":[{"name":"wp","href":"https:\/\/api.w.org\/{rel}","templated":true}]}}