{"id":2636,"date":"2019-02-12T20:46:55","date_gmt":"2019-02-12T20:46:55","guid":{"rendered":"http:\/\/vrigstadshembygdsforening.se\/?page_id=2636"},"modified":"2019-02-12T20:46:55","modified_gmt":"2019-02-12T20:46:55","slug":"pj-johanssons-sag","status":"publish","type":"page","link":"https:\/\/vrigstadshembygdsforening.se\/?page_id=2636","title":{"rendered":"PJ Johanssons s\u00e5g"},"content":{"rendered":"<p dir=\"LTR\" style=\"text-align: left;\" align=\"JUSTIFY\">Hemmans\u00e4garen Per Johan Johansson drev, vid sidan av jordbruket, ett s\u00e5gverk i Sunnerby S\u00f6derg\u00e5rd p\u00e5 1890-talet till omkring 1915.<\/p>\n<p dir=\"LTR\" style=\"text-align: left;\" align=\"JUSTIFY\">S\u00e5gen och br\u00e4dg\u00e5rden l\u00e5g i hagen mellan\u00a0fastigheten Broholm och Lill\u00e5n. Kraften till s\u00e5gen togs fr\u00e5n ett underfallshjul placerat i fallet i Lill\u00e5n.<\/p>\n<figure id=\"attachment_2637\" aria-describedby=\"caption-attachment-2637\" style=\"width: 700px\" class=\"wp-caption alignnone\"><a href=\"https:\/\/media.vrigstadshembygdsforening.se\/\/W_1979.383.png\"><img loading=\"lazy\" decoding=\"async\" class=\"size-full wp-image-2637\" src=\"https:\/\/media.vrigstadshembygdsforening.se\/\/W_1979.383.png\" alt=\"\" width=\"700\" height=\"486\" srcset=\"https:\/\/media.vrigstadshembygdsforening.se\/W_1979.383.png 700w, https:\/\/media.vrigstadshembygdsforening.se\/W_1979.383-300x208.png 300w\" sizes=\"auto, (max-width: 700px) 100vw, 700px\" \/><\/a><figcaption id=\"caption-attachment-2637\" class=\"wp-caption-text\">Per Johan Johanssons s\u00e5gverk. T.v., lutad mot spaden, Sven Magnus Petersson i Sk\u00e4rb\u00e4cken. Pojken i hatt p\u00e5 lasset \u00e4r Axel Marz, Broholm. Foto fr\u00e5n cirka 1900.<\/figcaption><\/figure>\n<p>&nbsp;<\/p>\n","protected":false},"excerpt":{"rendered":"<p>Hemmans\u00e4garen Per Johan Johansson drev, vid sidan av jordbruket, ett s\u00e5gverk i Sunnerby S\u00f6derg\u00e5rd p\u00e5 1890-talet till omkring 1915. S\u00e5gen<\/p>\n","protected":false},"author":1,"featured_media":0,"parent":0,"menu_order":0,"comment_status":"closed","ping_status":"closed","template":"","meta":{"footnotes":""},"class_list":["post-2636","page","type-page","status-publish","hentry"],"_links":{"self":[{"href":"https:\/\/vrigstadshembygdsforening.se\/index.php?rest_route=\/wp\/v2\/pages\/2636","targetHints":{"allow":["GET"]}}],"collection":[{"href":"https:\/\/vrigstadshembygdsforening.se\/index.php?rest_route=\/wp\/v2\/pages"}],"about":[{"href":"https:\/\/vrigstadshembygdsforening.se\/index.php?rest_route=\/wp\/v2\/types\/page"}],"author":[{"embeddable":true,"href":"https:\/\/vrigstadshembygdsforening.se\/index.php?rest_route=\/wp\/v2\/users\/1"}],"replies":[{"embeddable":true,"href":"https:\/\/vrigstadshembygdsforening.se\/index.php?rest_route=%2Fwp%2Fv2%2Fcomments&post=2636"}],"version-history":[{"count":1,"href":"https:\/\/vrigstadshembygdsforening.se\/index.php?rest_route=\/wp\/v2\/pages\/2636\/revisions"}],"predecessor-version":[{"id":2638,"href":"https:\/\/vrigstadshembygdsforening.se\/index.php?rest_route=\/wp\/v2\/pages\/2636\/revisions\/2638"}],"wp:attachment":[{"href":"https:\/\/vrigstadshembygdsforening.se\/index.php?rest_route=%2Fwp%2Fv2%2Fmedia&parent=2636"}],"curies":[{"name":"wp","href":"https:\/\/api.w.org\/{rel}","templated":true}]}}