{"id":2631,"date":"2019-02-12T20:44:42","date_gmt":"2019-02-12T20:44:42","guid":{"rendered":"http:\/\/vrigstadshembygdsforening.se\/?page_id=2631"},"modified":"2019-02-13T14:46:26","modified_gmt":"2019-02-13T14:46:26","slug":"olofssons-hyvleri-ab-2","status":"publish","type":"page","link":"https:\/\/vrigstadshembygdsforening.se\/?page_id=2631","title":{"rendered":"Olofssons Hyvleri AB"},"content":{"rendered":"<p dir=\"LTR\" style=\"text-align: left;\" align=\"JUSTIFY\">\u00c5r 1943 k\u00f6pte Rune Olofsson tillsammans med brodern \u00c5ke den s\u00e5gverksr\u00f6relse i Bj\u00e4llebo som Karl Svanberg startat tv\u00e5 \u00e5r tidigare.<\/p>\n<p dir=\"LTR\" style=\"text-align: left;\" align=\"JUSTIFY\">F\u00f6retaget var trots sv\u00e5ra tider framg\u00e5ngsrikt och \u00e5r 1964 lades s\u00e5gen i Bj\u00e4llebo ned och verksamheten flyttades till Vrigstad d\u00e5 Rune Olofsson \u00f6vertog Helmer Anderssons s\u00e5g, hyvleri och tork &#8211; den 25 oktober 1964. R\u00f6relsen utvecklades ytterligare under Runes tid.<\/p>\n<figure id=\"attachment_2634\" aria-describedby=\"caption-attachment-2634\" style=\"width: 700px\" class=\"wp-caption alignnone\"><a href=\"https:\/\/media.vrigstadshembygdsforening.se\/\/W_Rune_O.jpg\"><img loading=\"lazy\" decoding=\"async\" class=\"size-full wp-image-2634\" src=\"https:\/\/media.vrigstadshembygdsforening.se\/\/W_Rune_O.jpg\" alt=\"\" width=\"700\" height=\"544\" srcset=\"https:\/\/media.vrigstadshembygdsforening.se\/W_Rune_O.jpg 700w, https:\/\/media.vrigstadshembygdsforening.se\/W_Rune_O-300x233.jpg 300w\" sizes=\"auto, (max-width: 700px) 100vw, 700px\" \/><\/a><figcaption id=\"caption-attachment-2634\" class=\"wp-caption-text\">Rune Olofsson p\u00e5 kontoret 1964.<\/figcaption><\/figure>\n<p dir=\"LTR\" align=\"JUSTIFY\">\u00c5r 1968, efter ett \u00f6kat behov av f\u00f6r\u00e4dlat virke, byggdes ett hyvleri till det befintliga s\u00e5gverket.<\/p>\n<p>&nbsp;<\/p>\n<p dir=\"LTR\" style=\"text-align: left;\" align=\"JUSTIFY\">1973 s\u00e5ldes f\u00f6retaget till Nordiska Tr\u00e4hus men \u00e5terk\u00f6ptes 1985. I och med \u00e5terk\u00f6pet lades s\u00e5gverksamheten ned. I st\u00e4llet fokuserades verksamheten p\u00e5 att f\u00f6r\u00e4dla virke till h\u00f6gsta kvalit\u00e9, helt efter kundernas krav och behov.<\/p>\n<p dir=\"LTR\" style=\"text-align: left;\" align=\"JUSTIFY\">\u00c5r 1985 gick barnen Jonas, Emanuel, Christian, Daniel och Anna in som del\u00e4gare i f\u00f6retaget.<br \/>\nDaniel s\u00e5lde sin andel f\u00f6rst och 1993 \u00f6vertog de \u00f6vriga\u00a0syskonen \u00e4ven Runes del i f\u00f6retaget och drev det sedan p\u00e5 egen hand.<\/p>\n<p dir=\"LTR\" style=\"text-align: left;\" align=\"JUSTIFY\">Under senare \u00e5r gjordes en rad stora investeringar, d\u00e4ribland ett nytt justerverk \u00e5r 1998 och 2006 stod en helt ny klyvhyvellinje klar och kunde invigas den 18 augusti. En investering p\u00e5 cirka 30 miljoner som f\u00f6rdubblade kapaciteten p\u00e5 f\u00f6retaget.<\/p>\n<figure id=\"attachment_2632\" aria-describedby=\"caption-attachment-2632\" style=\"width: 700px\" class=\"wp-caption alignnone\"><a href=\"https:\/\/media.vrigstadshembygdsforening.se\/\/W_2006.024.png\"><img loading=\"lazy\" decoding=\"async\" class=\"size-full wp-image-2632\" src=\"https:\/\/media.vrigstadshembygdsforening.se\/\/W_2006.024.png\" alt=\"\" width=\"700\" height=\"505\" srcset=\"https:\/\/media.vrigstadshembygdsforening.se\/W_2006.024.png 700w, https:\/\/media.vrigstadshembygdsforening.se\/W_2006.024-300x216.png 300w\" sizes=\"auto, (max-width: 700px) 100vw, 700px\" \/><\/a><figcaption id=\"caption-attachment-2632\" class=\"wp-caption-text\">Rune Olofsson och dottern Anna Freij i samband med invigningen 2006.<\/figcaption><\/figure>\n<p dir=\"LTR\" align=\"JUSTIFY\">2008 s\u00e5lde syskonen Olofsson f\u00f6retaget till BrA Invest, som \u00e4r ett familjef\u00f6retag \u00e4gt av tre br\u00f6der: Stefan, Kenneth och Christer Andersson. F\u00f6retaget vidaref\u00f6r\u00e4dlar s\u00e5gad r\u00e5vara i mestadels gran och furu och kan hyvla, klyva, exaktkapa, bunta, etikettera och foliera en m\u00e4ngd olika dimensioner anpassade efter kundens \u00f6nskem\u00e5l.<\/p>\n<figure id=\"attachment_2633\" aria-describedby=\"caption-attachment-2633\" style=\"width: 700px\" class=\"wp-caption alignnone\"><a href=\"https:\/\/media.vrigstadshembygdsforening.se\/\/W_BraInvest.jpg\"><img loading=\"lazy\" decoding=\"async\" class=\"size-full wp-image-2633\" src=\"https:\/\/media.vrigstadshembygdsforening.se\/\/W_BraInvest.jpg\" alt=\"\" width=\"700\" height=\"461\" srcset=\"https:\/\/media.vrigstadshembygdsforening.se\/W_BraInvest.jpg 700w, https:\/\/media.vrigstadshembygdsforening.se\/W_BraInvest-300x198.jpg 300w\" sizes=\"auto, (max-width: 700px) 100vw, 700px\" \/><\/a><figcaption id=\"caption-attachment-2633\" class=\"wp-caption-text\">Linda Jonasson och Rasmus Nilsson i BrA Invests lokaler.<\/figcaption><\/figure>\n<p>V-Timber ett nybildat dotterbolag till Ture Johanssons Tr\u00e4varu AB tog \u00f6ver verksamheten efter semestern 2017.<\/p>\n<figure id=\"attachment_2651\" aria-describedby=\"caption-attachment-2651\" style=\"width: 500px\" class=\"wp-caption alignnone\"><a href=\"https:\/\/media.vrigstadshembygdsforening.se\/\/W_Vtimber.jpg\"><img loading=\"lazy\" decoding=\"async\" class=\"size-full wp-image-2651\" src=\"https:\/\/media.vrigstadshembygdsforening.se\/\/W_Vtimber.jpg\" alt=\"\" width=\"500\" height=\"710\" srcset=\"https:\/\/media.vrigstadshembygdsforening.se\/W_Vtimber.jpg 500w, https:\/\/media.vrigstadshembygdsforening.se\/W_Vtimber-211x300.jpg 211w\" sizes=\"auto, (max-width: 500px) 100vw, 500px\" \/><\/a><figcaption id=\"caption-attachment-2651\" class=\"wp-caption-text\">Marcus Jonsson, platschef, p\u00e5 V-Timber.<\/figcaption><\/figure>\n<p>&nbsp;<\/p>\n","protected":false},"excerpt":{"rendered":"<p>\u00c5r 1943 k\u00f6pte Rune Olofsson tillsammans med brodern \u00c5ke den s\u00e5gverksr\u00f6relse i Bj\u00e4llebo som Karl Svanberg startat tv\u00e5 \u00e5r tidigare.<\/p>\n","protected":false},"author":1,"featured_media":0,"parent":0,"menu_order":0,"comment_status":"closed","ping_status":"closed","template":"","meta":{"footnotes":""},"class_list":["post-2631","page","type-page","status-publish","hentry"],"_links":{"self":[{"href":"https:\/\/vrigstadshembygdsforening.se\/index.php?rest_route=\/wp\/v2\/pages\/2631","targetHints":{"allow":["GET"]}}],"collection":[{"href":"https:\/\/vrigstadshembygdsforening.se\/index.php?rest_route=\/wp\/v2\/pages"}],"about":[{"href":"https:\/\/vrigstadshembygdsforening.se\/index.php?rest_route=\/wp\/v2\/types\/page"}],"author":[{"embeddable":true,"href":"https:\/\/vrigstadshembygdsforening.se\/index.php?rest_route=\/wp\/v2\/users\/1"}],"replies":[{"embeddable":true,"href":"https:\/\/vrigstadshembygdsforening.se\/index.php?rest_route=%2Fwp%2Fv2%2Fcomments&post=2631"}],"version-history":[{"count":3,"href":"https:\/\/vrigstadshembygdsforening.se\/index.php?rest_route=\/wp\/v2\/pages\/2631\/revisions"}],"predecessor-version":[{"id":2652,"href":"https:\/\/vrigstadshembygdsforening.se\/index.php?rest_route=\/wp\/v2\/pages\/2631\/revisions\/2652"}],"wp:attachment":[{"href":"https:\/\/vrigstadshembygdsforening.se\/index.php?rest_route=%2Fwp%2Fv2%2Fmedia&parent=2631"}],"curies":[{"name":"wp","href":"https:\/\/api.w.org\/{rel}","templated":true}]}}