{"id":2623,"date":"2019-02-12T20:32:52","date_gmt":"2019-02-12T20:32:52","guid":{"rendered":"http:\/\/vrigstadshembygdsforening.se\/?page_id=2623"},"modified":"2019-02-12T20:32:52","modified_gmt":"2019-02-12T20:32:52","slug":"jmc-timber-ab","status":"publish","type":"page","link":"https:\/\/vrigstadshembygdsforening.se\/?page_id=2623","title":{"rendered":"JMC Timber AB"},"content":{"rendered":"<p dir=\"LTR\" style=\"text-align: left;\" align=\"JUSTIFY\">2008 s\u00e5lde syskonen Christian, Emanuel och Jonas Olofsson f\u00f6retaget Olofssons Hyvleri AB till BrA Invest. 2010 f\u00f6rv\u00e4rvade man den nuvarande fastigheten p\u00e5 \u00c5karev\u00e4gen 4.<\/p>\n<p dir=\"LTR\" style=\"text-align: left;\" align=\"JUSTIFY\">2012 b\u00f6rjade man bygga ett specials\u00e5gverk p\u00e5 tomten. 2014 startade man sedan s\u00e5gverksamheten som \u00e4r specialiserad p\u00e5 grovtimmer.<\/p>\n<figure id=\"attachment_2624\" aria-describedby=\"caption-attachment-2624\" style=\"width: 700px\" class=\"wp-caption alignnone\"><a href=\"https:\/\/media.vrigstadshembygdsforening.se\/\/W_JMC.jpg\"><img loading=\"lazy\" decoding=\"async\" class=\"size-full wp-image-2624\" src=\"https:\/\/media.vrigstadshembygdsforening.se\/\/W_JMC.jpg\" alt=\"\" width=\"700\" height=\"450\" srcset=\"https:\/\/media.vrigstadshembygdsforening.se\/W_JMC.jpg 700w, https:\/\/media.vrigstadshembygdsforening.se\/W_JMC-300x193.jpg 300w\" sizes=\"auto, (max-width: 700px) 100vw, 700px\" \/><\/a><figcaption id=\"caption-attachment-2624\" class=\"wp-caption-text\">Emanuel Olofsson vid n\u00e5gra av de grova stockarna JMC Timber specialiserat sitt s\u00e5gverk f\u00f6r.<\/figcaption><\/figure>\n<figure id=\"attachment_2625\" aria-describedby=\"caption-attachment-2625\" style=\"width: 500px\" class=\"wp-caption alignnone\"><a href=\"https:\/\/media.vrigstadshembygdsforening.se\/\/W_JMC_2.jpg\"><img loading=\"lazy\" decoding=\"async\" class=\"size-full wp-image-2625\" src=\"https:\/\/media.vrigstadshembygdsforening.se\/\/W_JMC_2.jpg\" alt=\"\" width=\"500\" height=\"478\" srcset=\"https:\/\/media.vrigstadshembygdsforening.se\/W_JMC_2.jpg 500w, https:\/\/media.vrigstadshembygdsforening.se\/W_JMC_2-300x287.jpg 300w\" sizes=\"auto, (max-width: 500px) 100vw, 500px\" \/><\/a><figcaption id=\"caption-attachment-2625\" class=\"wp-caption-text\">Christian, Emauel och Jonas Olofsson p\u00e5 JMC Timber.<\/figcaption><\/figure>\n","protected":false},"excerpt":{"rendered":"<p>2008 s\u00e5lde syskonen Christian, Emanuel och Jonas Olofsson f\u00f6retaget Olofssons Hyvleri AB till BrA Invest. 2010 f\u00f6rv\u00e4rvade man den nuvarande<\/p>\n","protected":false},"author":1,"featured_media":0,"parent":0,"menu_order":0,"comment_status":"closed","ping_status":"closed","template":"","meta":{"footnotes":""},"class_list":["post-2623","page","type-page","status-publish","hentry"],"_links":{"self":[{"href":"https:\/\/vrigstadshembygdsforening.se\/index.php?rest_route=\/wp\/v2\/pages\/2623","targetHints":{"allow":["GET"]}}],"collection":[{"href":"https:\/\/vrigstadshembygdsforening.se\/index.php?rest_route=\/wp\/v2\/pages"}],"about":[{"href":"https:\/\/vrigstadshembygdsforening.se\/index.php?rest_route=\/wp\/v2\/types\/page"}],"author":[{"embeddable":true,"href":"https:\/\/vrigstadshembygdsforening.se\/index.php?rest_route=\/wp\/v2\/users\/1"}],"replies":[{"embeddable":true,"href":"https:\/\/vrigstadshembygdsforening.se\/index.php?rest_route=%2Fwp%2Fv2%2Fcomments&post=2623"}],"version-history":[{"count":1,"href":"https:\/\/vrigstadshembygdsforening.se\/index.php?rest_route=\/wp\/v2\/pages\/2623\/revisions"}],"predecessor-version":[{"id":2626,"href":"https:\/\/vrigstadshembygdsforening.se\/index.php?rest_route=\/wp\/v2\/pages\/2623\/revisions\/2626"}],"wp:attachment":[{"href":"https:\/\/vrigstadshembygdsforening.se\/index.php?rest_route=%2Fwp%2Fv2%2Fmedia&parent=2623"}],"curies":[{"name":"wp","href":"https:\/\/api.w.org\/{rel}","templated":true}]}}