{"id":2621,"date":"2019-02-12T20:29:11","date_gmt":"2019-02-12T20:29:11","guid":{"rendered":"http:\/\/vrigstadshembygdsforening.se\/?page_id=2621"},"modified":"2019-02-12T20:29:11","modified_gmt":"2019-02-12T20:29:11","slug":"holkaryds-skattegards-sag","status":"publish","type":"page","link":"https:\/\/vrigstadshembygdsforening.se\/?page_id=2621","title":{"rendered":"Holkaryds Skatteg\u00e5rds s\u00e5g"},"content":{"rendered":"<p dir=\"LTR\" style=\"text-align: left;\" align=\"JUSTIFY\">S\u00e5gverket startades h\u00e4r i mitten p\u00e5 1940-talet av David Claesson. S\u00e5gen var fr\u00e5n starten h\u00e4r elektrifierad men hade tidigare drivits av en dieselmotor d\u00e5 den stod vid Sp\u00e5narp, varifr\u00e5n den flyttades hit.<\/p>\n<p dir=\"LTR\" style=\"text-align: left;\" align=\"JUSTIFY\">P\u00e5 l\u00f6rdagarna fick inte s\u00e5gen anv\u00e4ndas f\u00f6r d\u00e5 skulle b\u00f6nderna i byn k\u00f6ra sina tr\u00f6skverk. Kraften r\u00e4ckte inte till f\u00f6r b\u00e5da verksamheterna. S\u00e5gen \u00e4r nu moderniserad och anv\u00e4nds som services\u00e5g och \u00e4gs av Alf Claesson.<\/p>\n<p>&nbsp;<\/p>\n","protected":false},"excerpt":{"rendered":"<p>S\u00e5gverket startades h\u00e4r i mitten p\u00e5 1940-talet av David Claesson. S\u00e5gen var fr\u00e5n starten h\u00e4r elektrifierad men hade tidigare drivits<\/p>\n","protected":false},"author":1,"featured_media":0,"parent":0,"menu_order":0,"comment_status":"closed","ping_status":"closed","template":"","meta":{"footnotes":""},"class_list":["post-2621","page","type-page","status-publish","hentry"],"_links":{"self":[{"href":"https:\/\/vrigstadshembygdsforening.se\/index.php?rest_route=\/wp\/v2\/pages\/2621","targetHints":{"allow":["GET"]}}],"collection":[{"href":"https:\/\/vrigstadshembygdsforening.se\/index.php?rest_route=\/wp\/v2\/pages"}],"about":[{"href":"https:\/\/vrigstadshembygdsforening.se\/index.php?rest_route=\/wp\/v2\/types\/page"}],"author":[{"embeddable":true,"href":"https:\/\/vrigstadshembygdsforening.se\/index.php?rest_route=\/wp\/v2\/users\/1"}],"replies":[{"embeddable":true,"href":"https:\/\/vrigstadshembygdsforening.se\/index.php?rest_route=%2Fwp%2Fv2%2Fcomments&post=2621"}],"version-history":[{"count":1,"href":"https:\/\/vrigstadshembygdsforening.se\/index.php?rest_route=\/wp\/v2\/pages\/2621\/revisions"}],"predecessor-version":[{"id":2622,"href":"https:\/\/vrigstadshembygdsforening.se\/index.php?rest_route=\/wp\/v2\/pages\/2621\/revisions\/2622"}],"wp:attachment":[{"href":"https:\/\/vrigstadshembygdsforening.se\/index.php?rest_route=%2Fwp%2Fv2%2Fmedia&parent=2621"}],"curies":[{"name":"wp","href":"https:\/\/api.w.org\/{rel}","templated":true}]}}