{"id":2619,"date":"2019-02-12T20:28:35","date_gmt":"2019-02-12T20:28:35","guid":{"rendered":"http:\/\/vrigstadshembygdsforening.se\/?page_id=2619"},"modified":"2019-02-12T20:28:35","modified_gmt":"2019-02-12T20:28:35","slug":"hjarteryds-sag","status":"publish","type":"page","link":"https:\/\/vrigstadshembygdsforening.se\/?page_id=2619","title":{"rendered":"Hj\u00e4rteryds s\u00e5g"},"content":{"rendered":"<p dir=\"LTR\" style=\"text-align: left;\" align=\"JUSTIFY\">Hj\u00e4rteryds s\u00e5g drevs med \u00e5ngmaskin fram till omkring 1947, d\u00e4refter med t\u00e4ndkulemotor.<\/p>\n<p dir=\"LTR\" style=\"text-align: left;\" align=\"JUSTIFY\">S\u00e5gverksmaskinerna bestod av storb\u00e4nk, kantverk och taksp\u00e5nshyvel. Varje h\u00f6st kolades 3-4 stora kolmilor. Kolen lastades p\u00e5 j\u00e4rnv\u00e4gsvagnar i Stockaryd och Hook f\u00f6r vidare transport till j\u00e4rnbruken i Bergslagen.<\/p>\n<p style=\"text-align: left;\">\u00c5r 1951 upph\u00f6rde all verksamhet vid s\u00e5gen.<\/p>\n<p>&nbsp;<\/p>\n","protected":false},"excerpt":{"rendered":"<p>Hj\u00e4rteryds s\u00e5g drevs med \u00e5ngmaskin fram till omkring 1947, d\u00e4refter med t\u00e4ndkulemotor. S\u00e5gverksmaskinerna bestod av storb\u00e4nk, kantverk och taksp\u00e5nshyvel. Varje<\/p>\n","protected":false},"author":1,"featured_media":0,"parent":0,"menu_order":0,"comment_status":"closed","ping_status":"closed","template":"","meta":{"footnotes":""},"class_list":["post-2619","page","type-page","status-publish","hentry"],"_links":{"self":[{"href":"https:\/\/vrigstadshembygdsforening.se\/index.php?rest_route=\/wp\/v2\/pages\/2619","targetHints":{"allow":["GET"]}}],"collection":[{"href":"https:\/\/vrigstadshembygdsforening.se\/index.php?rest_route=\/wp\/v2\/pages"}],"about":[{"href":"https:\/\/vrigstadshembygdsforening.se\/index.php?rest_route=\/wp\/v2\/types\/page"}],"author":[{"embeddable":true,"href":"https:\/\/vrigstadshembygdsforening.se\/index.php?rest_route=\/wp\/v2\/users\/1"}],"replies":[{"embeddable":true,"href":"https:\/\/vrigstadshembygdsforening.se\/index.php?rest_route=%2Fwp%2Fv2%2Fcomments&post=2619"}],"version-history":[{"count":1,"href":"https:\/\/vrigstadshembygdsforening.se\/index.php?rest_route=\/wp\/v2\/pages\/2619\/revisions"}],"predecessor-version":[{"id":2620,"href":"https:\/\/vrigstadshembygdsforening.se\/index.php?rest_route=\/wp\/v2\/pages\/2619\/revisions\/2620"}],"wp:attachment":[{"href":"https:\/\/vrigstadshembygdsforening.se\/index.php?rest_route=%2Fwp%2Fv2%2Fmedia&parent=2619"}],"curies":[{"name":"wp","href":"https:\/\/api.w.org\/{rel}","templated":true}]}}