{"id":2617,"date":"2019-02-12T20:27:55","date_gmt":"2019-02-12T20:27:55","guid":{"rendered":"http:\/\/vrigstadshembygdsforening.se\/?page_id=2617"},"modified":"2019-02-12T20:27:55","modified_gmt":"2019-02-12T20:27:55","slug":"hjalmar-johanssons-sagverk","status":"publish","type":"page","link":"https:\/\/vrigstadshembygdsforening.se\/?page_id=2617","title":{"rendered":"Hjalmar Johanssons s\u00e5gverk"},"content":{"rendered":"<p dir=\"LTR\" style=\"text-align: left;\" align=\"JUSTIFY\">S\u00e5gverket l\u00e5g i nuvarande Njudungsv\u00e4gens f\u00f6rl\u00e4ngning och startades i b\u00f6rjan av 1920-talet med cirkels\u00e5g och kantverk. Senare kompletterades med hyvelmaskin och tork. \u00c5r 1947 \u00f6vertogs s\u00e5gen av Helmer Andersson.<\/p>\n<p dir=\"LTR\" style=\"text-align: left;\" align=\"JUSTIFY\">Vrigstads badf\u00f6rening, som bildats i 1940-talets b\u00f6rjan sl\u00f6t ett avtal med Hjalmar Johansson att han skulle inreda en bastu i lokalerna \u00f6ver s\u00e5gverket. Det blev s\u00e5 sm\u00e5ningom en \u00e5ngbastu och dusch, samt en stor tunna f\u00f6r dem som ville doppa hela sin lekamen. De tuffaste rullade sig i sn\u00f6n utanf\u00f6r f\u00f6r att kyla ned kroppen. Badet var ganska primitivt, men uppskattat av m\u00e5nga som saknade egna badm\u00f6jligheter i hemmet. Bastun anv\u00e4ndes flitigt av skolan, som anv\u00e4nde n\u00e5gon gymnastiktimma f\u00f6r bad d\u00e5 och d\u00e5.<\/p>\n<p>&nbsp;<\/p>\n","protected":false},"excerpt":{"rendered":"<p>S\u00e5gverket l\u00e5g i nuvarande Njudungsv\u00e4gens f\u00f6rl\u00e4ngning och startades i b\u00f6rjan av 1920-talet med cirkels\u00e5g och kantverk. Senare kompletterades med hyvelmaskin<\/p>\n","protected":false},"author":1,"featured_media":0,"parent":0,"menu_order":0,"comment_status":"closed","ping_status":"closed","template":"","meta":{"footnotes":""},"class_list":["post-2617","page","type-page","status-publish","hentry"],"_links":{"self":[{"href":"https:\/\/vrigstadshembygdsforening.se\/index.php?rest_route=\/wp\/v2\/pages\/2617","targetHints":{"allow":["GET"]}}],"collection":[{"href":"https:\/\/vrigstadshembygdsforening.se\/index.php?rest_route=\/wp\/v2\/pages"}],"about":[{"href":"https:\/\/vrigstadshembygdsforening.se\/index.php?rest_route=\/wp\/v2\/types\/page"}],"author":[{"embeddable":true,"href":"https:\/\/vrigstadshembygdsforening.se\/index.php?rest_route=\/wp\/v2\/users\/1"}],"replies":[{"embeddable":true,"href":"https:\/\/vrigstadshembygdsforening.se\/index.php?rest_route=%2Fwp%2Fv2%2Fcomments&post=2617"}],"version-history":[{"count":1,"href":"https:\/\/vrigstadshembygdsforening.se\/index.php?rest_route=\/wp\/v2\/pages\/2617\/revisions"}],"predecessor-version":[{"id":2618,"href":"https:\/\/vrigstadshembygdsforening.se\/index.php?rest_route=\/wp\/v2\/pages\/2617\/revisions\/2618"}],"wp:attachment":[{"href":"https:\/\/vrigstadshembygdsforening.se\/index.php?rest_route=%2Fwp%2Fv2%2Fmedia&parent=2617"}],"curies":[{"name":"wp","href":"https:\/\/api.w.org\/{rel}","templated":true}]}}