{"id":2611,"date":"2019-02-12T20:24:50","date_gmt":"2019-02-12T20:24:50","guid":{"rendered":"http:\/\/vrigstadshembygdsforening.se\/?page_id=2611"},"modified":"2019-02-12T20:24:50","modified_gmt":"2019-02-12T20:24:50","slug":"bjallebo-sag","status":"publish","type":"page","link":"https:\/\/vrigstadshembygdsforening.se\/?page_id=2611","title":{"rendered":"Bj\u00e4llebo s\u00e5g"},"content":{"rendered":"<p dir=\"LTR\" style=\"text-align: left;\" align=\"JUSTIFY\">Kvarnen l\u00e5g i b\u00e4ckens \u00f6vre fall. I det nedre fallet anlade Karl Svanberg, Vrigstad, en vattens\u00e5g 1941.<\/p>\n<p dir=\"LTR\" style=\"text-align: left;\" align=\"JUSTIFY\">\u00c5r 1943 k\u00f6ptes s\u00e5gen av Rune Olofsson och brodern \u00c5ke, Bj\u00e4llebo. Rune var d\u00e5 bara 14 \u00e5r gammal. S\u00e5gen drevs fram till 1964 d\u00e5 den lades ned. Den l\u00e5g ca 150 meter nordv\u00e4st om fastigheten Karlskoga.<\/p>\n<figure id=\"attachment_2612\" aria-describedby=\"caption-attachment-2612\" style=\"width: 700px\" class=\"wp-caption alignnone\"><a href=\"https:\/\/media.vrigstadshembygdsforening.se\/\/W_1999.011.png\"><img loading=\"lazy\" decoding=\"async\" class=\"size-full wp-image-2612\" src=\"https:\/\/media.vrigstadshembygdsforening.se\/\/W_1999.011.png\" alt=\"\" width=\"700\" height=\"461\" srcset=\"https:\/\/media.vrigstadshembygdsforening.se\/W_1999.011.png 700w, https:\/\/media.vrigstadshembygdsforening.se\/W_1999.011-300x198.png 300w\" sizes=\"auto, (max-width: 700px) 100vw, 700px\" \/><\/a><figcaption id=\"caption-attachment-2612\" class=\"wp-caption-text\">S\u00e5gen i Bj\u2019\u00e4llebo 1958. Fr.v. Oskar Karlsson, Lill\u00e4ngen, Rune Olofsson, Lennart Johansson, Knavram\u00e5len, Erik Damberg, Lundby och Martin Karlsson, Lill\u00e4ngen.<\/figcaption><\/figure>\n<p>&nbsp;<\/p>\n","protected":false},"excerpt":{"rendered":"<p>Kvarnen l\u00e5g i b\u00e4ckens \u00f6vre fall. I det nedre fallet anlade Karl Svanberg, Vrigstad, en vattens\u00e5g 1941. \u00c5r 1943 k\u00f6ptes<\/p>\n","protected":false},"author":1,"featured_media":0,"parent":0,"menu_order":0,"comment_status":"closed","ping_status":"closed","template":"","meta":{"footnotes":""},"class_list":["post-2611","page","type-page","status-publish","hentry"],"_links":{"self":[{"href":"https:\/\/vrigstadshembygdsforening.se\/index.php?rest_route=\/wp\/v2\/pages\/2611","targetHints":{"allow":["GET"]}}],"collection":[{"href":"https:\/\/vrigstadshembygdsforening.se\/index.php?rest_route=\/wp\/v2\/pages"}],"about":[{"href":"https:\/\/vrigstadshembygdsforening.se\/index.php?rest_route=\/wp\/v2\/types\/page"}],"author":[{"embeddable":true,"href":"https:\/\/vrigstadshembygdsforening.se\/index.php?rest_route=\/wp\/v2\/users\/1"}],"replies":[{"embeddable":true,"href":"https:\/\/vrigstadshembygdsforening.se\/index.php?rest_route=%2Fwp%2Fv2%2Fcomments&post=2611"}],"version-history":[{"count":1,"href":"https:\/\/vrigstadshembygdsforening.se\/index.php?rest_route=\/wp\/v2\/pages\/2611\/revisions"}],"predecessor-version":[{"id":2613,"href":"https:\/\/vrigstadshembygdsforening.se\/index.php?rest_route=\/wp\/v2\/pages\/2611\/revisions\/2613"}],"wp:attachment":[{"href":"https:\/\/vrigstadshembygdsforening.se\/index.php?rest_route=%2Fwp%2Fv2%2Fmedia&parent=2611"}],"curies":[{"name":"wp","href":"https:\/\/api.w.org\/{rel}","templated":true}]}}