{"id":2593,"date":"2019-02-12T17:04:16","date_gmt":"2019-02-12T17:04:16","guid":{"rendered":"http:\/\/vrigstadshembygdsforening.se\/?page_id=2593"},"modified":"2019-02-12T17:04:16","modified_gmt":"2019-02-12T17:04:16","slug":"vrigstad-skofabrik-ab","status":"publish","type":"page","link":"https:\/\/vrigstadshembygdsforening.se\/?page_id=2593","title":{"rendered":"Vrigstad Skofabrik AB"},"content":{"rendered":"<p dir=\"LTR\" align=\"JUSTIFY\">\u00c5r 1936 \u00f6vertog fabrik\u00f6r Mandli Svensson ensam Vrigstads Sandalfabriksbolag och namn\u00e4ndrade det till Vrigstads Skofabrik.<\/p>\n<p dir=\"LTR\" style=\"text-align: left;\" align=\"JUSTIFY\">\u00c5ret efter p\u00e5b\u00f6rjades byggandet av en ny fabrik som stod klar 1938 (nuvarande Erikshj\u00e4lpens lokaler). \u00c5ren efter skedde en stor f\u00f6r\u00e4ndring p\u00e5\u00a0maskinsidan och av produktionen. Under krigs\u00e5ren och \u00e4nda fram till 1947 hade man en del driftsproblem. Det var sv\u00e5righeter med materialf\u00f6rs\u00f6rjning och brist p\u00e5 maskindelar och att en del personal l\u00e5g inkallad.<\/p>\n<p dir=\"LTR\" style=\"text-align: left;\" align=\"JUSTIFY\">I samband med \u00f6vertagande 1936 fick de\u00a0anst\u00e4llda en g\u00e5va p\u00e5 1 500 kronor som de kunde disponera fritt. Den anv\u00e4ndes till att dela ut bidrag till dem som drabbats av sjukdom eller olycksfall och blev b\u00f6rjan till det som kallades &#8221;Vrigstads skofabriksarbetares sjukhj\u00e4lpskassa&#8221;. Man tog ut 1 % av l\u00f6nen efter skatt f\u00f6r varje medlem och delade ut full ers\u00e4ttning under tv\u00e5 m\u00e5nader, d\u00e4refter halv ers\u00e4ttning i fyra m\u00e5nader.<\/p>\n<p dir=\"LTR\" align=\"JUSTIFY\">Efter sex m\u00e5nader hade den tillsatta styrelsen befogenhet att forts\u00e4tta utbetalningarna i m\u00e5n av tillg\u00e5ng. 1950 utbetalades 1 875 kronor. N\u00e4r den allm\u00e4nna sjukf\u00f6rs\u00e4kringen kom avvecklades sjukhj\u00e4lpskassan och kvarvarande medel delades ut till medlemmarna.<\/p>\n<p dir=\"LTR\" align=\"JUSTIFY\">N\u00e4r Mandli avled 1946 \u00f6vertog sonen Svenning Svensson och sv\u00e4rsonen Rudolf Thunander driften av skofabriken.<\/p>\n<p dir=\"LTR\" style=\"text-align: left;\" align=\"JUSTIFY\">Kooperativa F\u00f6rbundet och L. Sterner, G\u00f6teborg var de st\u00f6rsta kunderna. 1948 tillverkade man 94 646 par skor och 1949 107 402 par. Som mest tillverkade man 110 000 par skor i mitten av 1950-<br \/>\ntalet. Merparten av dessa var barnskor. Vid denna tid var ett 60-tal personer anst\u00e4llda p\u00e5 skofabriken. 1953 ombildades bolaget till ett AB.<\/p>\n<p dir=\"LTR\" style=\"text-align: left;\" align=\"JUSTIFY\">Under 60-talet \u00f6kade importen av skor kraftigt och den 13 oktober 1969 lades fabriken ner. D\u00e5 var skotillverkningens saga all i Vrigstad.<\/p>\n<figure id=\"attachment_2595\" aria-describedby=\"caption-attachment-2595\" style=\"width: 500px\" class=\"wp-caption alignnone\"><a href=\"https:\/\/media.vrigstadshembygdsforening.se\/\/W_2015.144.png\"><img loading=\"lazy\" decoding=\"async\" class=\"size-full wp-image-2595\" src=\"https:\/\/media.vrigstadshembygdsforening.se\/\/W_2015.144.png\" alt=\"\" width=\"500\" height=\"553\" srcset=\"https:\/\/media.vrigstadshembygdsforening.se\/W_2015.144.png 500w, https:\/\/media.vrigstadshembygdsforening.se\/W_2015.144-271x300.png 271w\" sizes=\"auto, (max-width: 500px) 100vw, 500px\" \/><\/a><figcaption id=\"caption-attachment-2595\" class=\"wp-caption-text\">Inflyttningskaffe i den nya skofabriken 1938.<\/figcaption><\/figure>\n<figure id=\"attachment_2594\" aria-describedby=\"caption-attachment-2594\" style=\"width: 700px\" class=\"wp-caption alignnone\"><a href=\"https:\/\/media.vrigstadshembygdsforening.se\/\/W_1984.046.png\"><img loading=\"lazy\" decoding=\"async\" class=\"size-full wp-image-2594\" src=\"https:\/\/media.vrigstadshembygdsforening.se\/\/W_1984.046.png\" alt=\"\" width=\"700\" height=\"437\" srcset=\"https:\/\/media.vrigstadshembygdsforening.se\/W_1984.046.png 700w, https:\/\/media.vrigstadshembygdsforening.se\/W_1984.046-300x187.png 300w\" sizes=\"auto, (max-width: 700px) 100vw, 700px\" \/><\/a><figcaption id=\"caption-attachment-2594\" class=\"wp-caption-text\">N\u00e5tlingssalen p\u00e5 Vrigstad Skofabrik med bl.a. Stig Hagman, Rut Sj\u00f6gren, Birgit Vink, Ethel Karlsson, Agnes Johnsson, Ester Gustavsson och Aina Gustavsson. Foto fr\u00e5n cirka 1940.<\/figcaption><\/figure>\n<figure id=\"attachment_2596\" aria-describedby=\"caption-attachment-2596\" style=\"width: 700px\" class=\"wp-caption alignnone\"><a href=\"https:\/\/media.vrigstadshembygdsforening.se\/\/W_1982.090.png\"><img loading=\"lazy\" decoding=\"async\" class=\"size-full wp-image-2596\" src=\"https:\/\/media.vrigstadshembygdsforening.se\/\/W_1982.090.png\" alt=\"\" width=\"700\" height=\"496\" srcset=\"https:\/\/media.vrigstadshembygdsforening.se\/W_1982.090.png 700w, https:\/\/media.vrigstadshembygdsforening.se\/W_1982.090-300x213.png 300w\" sizes=\"auto, (max-width: 700px) 100vw, 700px\" \/><\/a><figcaption id=\"caption-attachment-2596\" class=\"wp-caption-text\">Edvin Karlsson och Torsten Johansson \u00e4ter frukost p\u00e5 sina arbetsplatser 1956.<\/figcaption><\/figure>\n<figure id=\"attachment_2597\" aria-describedby=\"caption-attachment-2597\" style=\"width: 700px\" class=\"wp-caption alignnone\"><a href=\"https:\/\/media.vrigstadshembygdsforening.se\/\/W_1982.093.png\"><img loading=\"lazy\" decoding=\"async\" class=\"size-full wp-image-2597\" src=\"https:\/\/media.vrigstadshembygdsforening.se\/\/W_1982.093.png\" alt=\"\" width=\"700\" height=\"448\" srcset=\"https:\/\/media.vrigstadshembygdsforening.se\/W_1982.093.png 700w, https:\/\/media.vrigstadshembygdsforening.se\/W_1982.093-300x192.png 300w\" sizes=\"auto, (max-width: 700px) 100vw, 700px\" \/><\/a><figcaption id=\"caption-attachment-2597\" class=\"wp-caption-text\">Vrigstad Skofabrik 1960.<\/figcaption><\/figure>\n<figure id=\"attachment_2599\" aria-describedby=\"caption-attachment-2599\" style=\"width: 400px\" class=\"wp-caption alignnone\"><a href=\"https:\/\/media.vrigstadshembygdsforening.se\/\/W_1982.109D.png\"><img loading=\"lazy\" decoding=\"async\" class=\"size-full wp-image-2599\" src=\"https:\/\/media.vrigstadshembygdsforening.se\/\/W_1982.109D.png\" alt=\"\" width=\"400\" height=\"232\" srcset=\"https:\/\/media.vrigstadshembygdsforening.se\/W_1982.109D.png 400w, https:\/\/media.vrigstadshembygdsforening.se\/W_1982.109D-300x174.png 300w\" sizes=\"auto, (max-width: 400px) 100vw, 400px\" \/><\/a><figcaption id=\"caption-attachment-2599\" class=\"wp-caption-text\">Merparten av skor som tillverkades p\u00e5 Skofabriken var barnskor. H\u00e4r en sandal fr\u00e5n 1960.<\/figcaption><\/figure>\n<figure id=\"attachment_2598\" aria-describedby=\"caption-attachment-2598\" style=\"width: 700px\" class=\"wp-caption alignnone\"><a href=\"https:\/\/media.vrigstadshembygdsforening.se\/\/W_1982.094.png\"><img loading=\"lazy\" decoding=\"async\" class=\"size-full wp-image-2598\" src=\"https:\/\/media.vrigstadshembygdsforening.se\/\/W_1982.094.png\" alt=\"\" width=\"700\" height=\"609\" srcset=\"https:\/\/media.vrigstadshembygdsforening.se\/W_1982.094.png 700w, https:\/\/media.vrigstadshembygdsforening.se\/W_1982.094-300x261.png 300w\" sizes=\"auto, (max-width: 700px) 100vw, 700px\" \/><\/a><figcaption id=\"caption-attachment-2598\" class=\"wp-caption-text\">Personalen p\u00e5 Vrigstad skofabrik samlade f\u00f6r en sista bild f\u00f6re nedl\u00e4ggningen 1969.<\/figcaption><\/figure>\n","protected":false},"excerpt":{"rendered":"<p>\u00c5r 1936 \u00f6vertog fabrik\u00f6r Mandli Svensson ensam Vrigstads Sandalfabriksbolag och namn\u00e4ndrade det till Vrigstads Skofabrik. \u00c5ret efter p\u00e5b\u00f6rjades byggandet av<\/p>\n","protected":false},"author":1,"featured_media":0,"parent":0,"menu_order":0,"comment_status":"closed","ping_status":"closed","template":"","meta":{"footnotes":""},"class_list":["post-2593","page","type-page","status-publish","hentry"],"_links":{"self":[{"href":"https:\/\/vrigstadshembygdsforening.se\/index.php?rest_route=\/wp\/v2\/pages\/2593","targetHints":{"allow":["GET"]}}],"collection":[{"href":"https:\/\/vrigstadshembygdsforening.se\/index.php?rest_route=\/wp\/v2\/pages"}],"about":[{"href":"https:\/\/vrigstadshembygdsforening.se\/index.php?rest_route=\/wp\/v2\/types\/page"}],"author":[{"embeddable":true,"href":"https:\/\/vrigstadshembygdsforening.se\/index.php?rest_route=\/wp\/v2\/users\/1"}],"replies":[{"embeddable":true,"href":"https:\/\/vrigstadshembygdsforening.se\/index.php?rest_route=%2Fwp%2Fv2%2Fcomments&post=2593"}],"version-history":[{"count":1,"href":"https:\/\/vrigstadshembygdsforening.se\/index.php?rest_route=\/wp\/v2\/pages\/2593\/revisions"}],"predecessor-version":[{"id":2600,"href":"https:\/\/vrigstadshembygdsforening.se\/index.php?rest_route=\/wp\/v2\/pages\/2593\/revisions\/2600"}],"wp:attachment":[{"href":"https:\/\/vrigstadshembygdsforening.se\/index.php?rest_route=%2Fwp%2Fv2%2Fmedia&parent=2593"}],"curies":[{"name":"wp","href":"https:\/\/api.w.org\/{rel}","templated":true}]}}