{"id":2587,"date":"2019-02-12T16:53:32","date_gmt":"2019-02-12T16:53:32","guid":{"rendered":"http:\/\/vrigstadshembygdsforening.se\/?page_id=2587"},"modified":"2019-02-12T16:53:32","modified_gmt":"2019-02-12T16:53:32","slug":"vrigstads-sandalfabrik","status":"publish","type":"page","link":"https:\/\/vrigstadshembygdsforening.se\/?page_id=2587","title":{"rendered":"Vrigstads Sandalfabrik"},"content":{"rendered":"<p dir=\"LTR\" style=\"text-align: left;\" align=\"JUSTIFY\">Skotillverkningens historia i Vrigstad g\u00e5r tillbaka till slutet av 1880- talet. Den tog sin b\u00f6rjan i g\u00e5rden Dalhem, under Sunnerby Norreg\u00e5rd. Grundare var Claes Johan Rehn, f\u00f6dd i Vrigstad 1857. Han sysslade med reparationer av skor.<\/p>\n<p dir=\"LTR\" style=\"text-align: left;\" align=\"JUSTIFY\">En dag fick han in ett par s.k. lappskor f\u00f6r reparation. Det var en sko utan klack och med ovanl\u00e4der och sula i ett stycke. Denna enkla sko gav Claes id\u00e9n till nytillverkning av dessa skor. Produktionen av lappskor tog fart och snart sysselsattes tre till fyra skomakare med produktionen.<\/p>\n<p dir=\"LTR\" style=\"text-align: left;\" align=\"JUSTIFY\">S\u00e5 sm\u00e5ningom blev stugan i Dalhem f\u00f6r tr\u00e5ng och 1912 ink\u00f6ptes smeden C.M. Karlssons smedja vid S\u00e4vsj\u00f6v\u00e4gen i Vrigstad och tillverkningen flyttades dit.<\/p>\n<p dir=\"LTR\" style=\"text-align: left;\" align=\"JUSTIFY\">Axel Rehn startade fabriksr\u00f6relse f\u00f6r tillverkning av skodon + handelsr\u00f6relse 1918.<\/p>\n<p dir=\"LTR\" style=\"text-align: left;\" align=\"JUSTIFY\">Nu hade Claes son, Axel Rehn, \u00f6vertagit f\u00f6retaget. Smedjan tillbyggdes 1920 och tillverkningen expanderade. Som kuriosa kan n\u00e4mnas att \u00e5ren 1917-1918 tillverkades sandaler till kolgruvearbetare p\u00e5 Spetsbergen, nuvarande Svalbard.<\/p>\n<p dir=\"LTR\" style=\"text-align: left;\" align=\"LEFT\">Vrigstads Sandalfabriksbolag<br \/>\n\u00c5r 1928 blev ett bolag \u00e4gare till Vrigstads Sandalfabrik. I bolaget ingick f\u00f6ljande personer: K\u00f6pman Mandli Svensson, fabrik\u00f6r Axel Dahlquist, kantor Gotthard Schelin, n\u00e4mndeman K.G. Rundkvist, kamrer Claes Johansson och kamrer Emil Crona.<\/p>\n<p dir=\"LTR\" style=\"text-align: left;\" align=\"JUSTIFY\">I b\u00f6rjan av 30-talet inleddes ett samarbete med Kooperativa F\u00f6rbundet, som \u00e4ven skulle best\u00e5 n\u00e4r bolaget ombildades till Vrigstads Skofabrik.<\/p>\n<p dir=\"LTR\" style=\"text-align: left;\" align=\"JUSTIFY\">1933 bildades Vrigstads f\u00f6rsta fackf\u00f6rening p\u00e5 sandalfabriken \u2013 avdelning 70 av Svenska sko- och L\u00e4derindustriarbetaref\u00f6rbundet. L\u00f6nerna 1934 var mellan 60-95 \u00f6re per timma.<\/p>\n<p style=\"text-align: left;\">\u00c5r 1936 \u00f6vertog fabrik\u00f6r Mandli Svensson\u00a0ensam f\u00f6retaget och bildade Vrigstads Skofabrik.<\/p>\n<figure id=\"attachment_2588\" aria-describedby=\"caption-attachment-2588\" style=\"width: 700px\" class=\"wp-caption alignnone\"><a href=\"https:\/\/media.vrigstadshembygdsforening.se\/\/W_1979.242.png\"><img loading=\"lazy\" decoding=\"async\" class=\"size-full wp-image-2588\" src=\"https:\/\/media.vrigstadshembygdsforening.se\/\/W_1979.242.png\" alt=\"\" width=\"700\" height=\"480\" srcset=\"https:\/\/media.vrigstadshembygdsforening.se\/W_1979.242.png 700w, https:\/\/media.vrigstadshembygdsforening.se\/W_1979.242-300x206.png 300w\" sizes=\"auto, (max-width: 700px) 100vw, 700px\" \/><\/a><figcaption id=\"caption-attachment-2588\" class=\"wp-caption-text\">Interi\u00f6r fr\u00e5n Sandalfabriken cirka 1915. Fr.v. Albert Stensson, Bertil Johansson, Axel Rehn och Karl Sandberg.<\/figcaption><\/figure>\n<figure id=\"attachment_2589\" aria-describedby=\"caption-attachment-2589\" style=\"width: 700px\" class=\"wp-caption alignnone\"><a href=\"https:\/\/media.vrigstadshembygdsforening.se\/\/W_1979.485.png\"><img loading=\"lazy\" decoding=\"async\" class=\"size-full wp-image-2589\" src=\"https:\/\/media.vrigstadshembygdsforening.se\/\/W_1979.485.png\" alt=\"\" width=\"700\" height=\"470\" srcset=\"https:\/\/media.vrigstadshembygdsforening.se\/W_1979.485.png 700w, https:\/\/media.vrigstadshembygdsforening.se\/W_1979.485-300x201.png 300w\" sizes=\"auto, (max-width: 700px) 100vw, 700px\" \/><\/a><figcaption id=\"caption-attachment-2589\" class=\"wp-caption-text\">Sandalfabriksarbetare omkring 1918. Fr.v. Ture Johansson, Bertil Johansson, Ragnar Lindegren, Simon Rehn, Wille Johnsson, Axel Rehn, Albert Stensson, Gottfrid Ekel\u00f6f, Karl Sandberg och Gunnar \u00d6stling.<\/figcaption><\/figure>\n<figure id=\"attachment_2590\" aria-describedby=\"caption-attachment-2590\" style=\"width: 700px\" class=\"wp-caption alignnone\"><a href=\"https:\/\/media.vrigstadshembygdsforening.se\/\/W_1979.243.png\"><img loading=\"lazy\" decoding=\"async\" class=\"size-full wp-image-2590\" src=\"https:\/\/media.vrigstadshembygdsforening.se\/\/W_1979.243.png\" alt=\"\" width=\"700\" height=\"399\" srcset=\"https:\/\/media.vrigstadshembygdsforening.se\/W_1979.243.png 700w, https:\/\/media.vrigstadshembygdsforening.se\/W_1979.243-300x171.png 300w\" sizes=\"auto, (max-width: 700px) 100vw, 700px\" \/><\/a><figcaption id=\"caption-attachment-2590\" class=\"wp-caption-text\">Anst\u00e4llda vid sandalfabriken, S\u00e4vsj\u00f6v\u00e4gen 7, cirka 1930.<\/figcaption><\/figure>\n<figure id=\"attachment_2591\" aria-describedby=\"caption-attachment-2591\" style=\"width: 400px\" class=\"wp-caption alignnone\"><a href=\"https:\/\/media.vrigstadshembygdsforening.se\/\/W_Sandalfabriken.png\"><img loading=\"lazy\" decoding=\"async\" class=\"size-full wp-image-2591\" src=\"https:\/\/media.vrigstadshembygdsforening.se\/\/W_Sandalfabriken.png\" alt=\"\" width=\"400\" height=\"778\" srcset=\"https:\/\/media.vrigstadshembygdsforening.se\/W_Sandalfabriken.png 400w, https:\/\/media.vrigstadshembygdsforening.se\/W_Sandalfabriken-154x300.png 154w\" sizes=\"auto, (max-width: 400px) 100vw, 400px\" \/><\/a><figcaption id=\"caption-attachment-2591\" class=\"wp-caption-text\">Annons fr\u00e5n 1915.<\/figcaption><\/figure>\n","protected":false},"excerpt":{"rendered":"<p>Skotillverkningens historia i Vrigstad g\u00e5r tillbaka till slutet av 1880- talet. Den tog sin b\u00f6rjan i g\u00e5rden Dalhem, under Sunnerby<\/p>\n","protected":false},"author":1,"featured_media":0,"parent":0,"menu_order":0,"comment_status":"closed","ping_status":"closed","template":"","meta":{"footnotes":""},"class_list":["post-2587","page","type-page","status-publish","hentry"],"_links":{"self":[{"href":"https:\/\/vrigstadshembygdsforening.se\/index.php?rest_route=\/wp\/v2\/pages\/2587","targetHints":{"allow":["GET"]}}],"collection":[{"href":"https:\/\/vrigstadshembygdsforening.se\/index.php?rest_route=\/wp\/v2\/pages"}],"about":[{"href":"https:\/\/vrigstadshembygdsforening.se\/index.php?rest_route=\/wp\/v2\/types\/page"}],"author":[{"embeddable":true,"href":"https:\/\/vrigstadshembygdsforening.se\/index.php?rest_route=\/wp\/v2\/users\/1"}],"replies":[{"embeddable":true,"href":"https:\/\/vrigstadshembygdsforening.se\/index.php?rest_route=%2Fwp%2Fv2%2Fcomments&post=2587"}],"version-history":[{"count":1,"href":"https:\/\/vrigstadshembygdsforening.se\/index.php?rest_route=\/wp\/v2\/pages\/2587\/revisions"}],"predecessor-version":[{"id":2592,"href":"https:\/\/vrigstadshembygdsforening.se\/index.php?rest_route=\/wp\/v2\/pages\/2587\/revisions\/2592"}],"wp:attachment":[{"href":"https:\/\/vrigstadshembygdsforening.se\/index.php?rest_route=%2Fwp%2Fv2%2Fmedia&parent=2587"}],"curies":[{"name":"wp","href":"https:\/\/api.w.org\/{rel}","templated":true}]}}