{"id":2581,"date":"2019-02-12T16:43:59","date_gmt":"2019-02-12T16:43:59","guid":{"rendered":"http:\/\/vrigstadshembygdsforening.se\/?page_id=2581"},"modified":"2019-02-12T16:43:59","modified_gmt":"2019-02-12T16:43:59","slug":"stiltoffeln","status":"publish","type":"page","link":"https:\/\/vrigstadshembygdsforening.se\/?page_id=2581","title":{"rendered":"Stiltoffeln"},"content":{"rendered":"<p dir=\"LTR\" style=\"text-align: left;\" align=\"JUSTIFY\">Under cirka fem \u00e5r i b\u00f6rjan p\u00e5 1980-talet drev \u00c5ke Johansson Stiltoffeln i Vrigstad. Han tillverkade tr\u00e4tofflor i John &#8221;Musse&#8221; Lindbergs tidigare lokal, bakom gamla skofabriken.<\/p>\n<figure id=\"attachment_2582\" aria-describedby=\"caption-attachment-2582\" style=\"width: 700px\" class=\"wp-caption alignnone\"><a href=\"https:\/\/media.vrigstadshembygdsforening.se\/\/W_1983.1341B.png\"><img loading=\"lazy\" decoding=\"async\" class=\"size-full wp-image-2582\" src=\"https:\/\/media.vrigstadshembygdsforening.se\/\/W_1983.1341B.png\" alt=\"\" width=\"700\" height=\"514\" srcset=\"https:\/\/media.vrigstadshembygdsforening.se\/W_1983.1341B.png 700w, https:\/\/media.vrigstadshembygdsforening.se\/W_1983.1341B-300x220.png 300w, https:\/\/media.vrigstadshembygdsforening.se\/W_1983.1341B-260x190.png 260w\" sizes=\"auto, (max-width: 700px) 100vw, 700px\" \/><\/a><figcaption id=\"caption-attachment-2582\" class=\"wp-caption-text\">\u00c5ke Johansson tillverkar tofflor p\u00e5 Stiltoffeln 1983.<\/figcaption><\/figure>\n<p>&nbsp;<\/p>\n<p>&nbsp;<\/p>\n","protected":false},"excerpt":{"rendered":"<p>Under cirka fem \u00e5r i b\u00f6rjan p\u00e5 1980-talet drev \u00c5ke Johansson Stiltoffeln i Vrigstad. Han tillverkade tr\u00e4tofflor i John &#8221;Musse&#8221;<\/p>\n","protected":false},"author":1,"featured_media":0,"parent":0,"menu_order":0,"comment_status":"closed","ping_status":"closed","template":"","meta":{"footnotes":""},"class_list":["post-2581","page","type-page","status-publish","hentry"],"_links":{"self":[{"href":"https:\/\/vrigstadshembygdsforening.se\/index.php?rest_route=\/wp\/v2\/pages\/2581","targetHints":{"allow":["GET"]}}],"collection":[{"href":"https:\/\/vrigstadshembygdsforening.se\/index.php?rest_route=\/wp\/v2\/pages"}],"about":[{"href":"https:\/\/vrigstadshembygdsforening.se\/index.php?rest_route=\/wp\/v2\/types\/page"}],"author":[{"embeddable":true,"href":"https:\/\/vrigstadshembygdsforening.se\/index.php?rest_route=\/wp\/v2\/users\/1"}],"replies":[{"embeddable":true,"href":"https:\/\/vrigstadshembygdsforening.se\/index.php?rest_route=%2Fwp%2Fv2%2Fcomments&post=2581"}],"version-history":[{"count":1,"href":"https:\/\/vrigstadshembygdsforening.se\/index.php?rest_route=\/wp\/v2\/pages\/2581\/revisions"}],"predecessor-version":[{"id":2583,"href":"https:\/\/vrigstadshembygdsforening.se\/index.php?rest_route=\/wp\/v2\/pages\/2581\/revisions\/2583"}],"wp:attachment":[{"href":"https:\/\/vrigstadshembygdsforening.se\/index.php?rest_route=%2Fwp%2Fv2%2Fmedia&parent=2581"}],"curies":[{"name":"wp","href":"https:\/\/api.w.org\/{rel}","templated":true}]}}