{"id":2576,"date":"2019-02-12T16:39:39","date_gmt":"2019-02-12T16:39:39","guid":{"rendered":"http:\/\/vrigstadshembygdsforening.se\/?page_id=2576"},"modified":"2019-02-12T16:41:48","modified_gmt":"2019-02-12T16:41:48","slug":"ragnar-lindegrens-skotillverkning","status":"publish","type":"page","link":"https:\/\/vrigstadshembygdsforening.se\/?page_id=2576","title":{"rendered":"Ragnar Lindegrens Skotillverkning"},"content":{"rendered":"<p dir=\"LTR\" style=\"text-align: left;\" align=\"JUSTIFY\">1934 byggdes Annedals garveri om till skofabrik. Skofabriken drevs av sonen Ragnar Lindegren, f\u00f6dd 1903, som l\u00e4rt sig yrket p\u00e5 Vrigstad skofabrik. Fadern Per Otto Lindegren hade haft garveri h\u00e4r sedan 1900, d\u00e5 han kom till Vrigstad och ink\u00f6pte \u00c5dala och Annedals garveri. I fabrikens norra \u00e4nda hade Per-Otto skoaff\u00e4r.<\/p>\n<p dir=\"LTR\" style=\"text-align: left;\" align=\"JUSTIFY\">\u00c4ven hustrun Anna, f\u00f6dd 1905 i Nydala, var\u00a0anst\u00e4lld i f\u00f6retaget som n\u00e5tlerska.<\/p>\n<p dir=\"LTR\" style=\"text-align: left;\" align=\"JUSTIFY\">Firmanamnet var Ragnar Lindegrens Skotillverkning och man levererade skor till firma G. Tibblin i \u00d6rebro.<br \/>\nVarum\u00e4rken var &#8221;Drabant&#8221; och &#8221;Tibblins&#8221;.<\/p>\n<p dir=\"LTR\" style=\"text-align: left;\" align=\"JUSTIFY\">Omkring 1938 var 7-8 personer anst\u00e4llda. Hugo Engstr\u00f6m, f\u00f6dd 1912, fr\u00e5n H\u00e4llaryd, Stockaryd arbetade under hela skofabrikens verksamma tid. Han hade ett rum p\u00e5 andra v\u00e5ningen i bostadshuset p\u00e5 Annedal innan han bildade familj. Periodvis delade han rummet med n\u00e5gon arbetskamrat.<\/p>\n<p dir=\"LTR\" style=\"text-align: left;\" align=\"JUSTIFY\">Efter Ragnar Lindegrens d\u00f6d 1946 drev hans hustru Anna Lindegren skofabriken n\u00e5gra \u00e5r men b\u00f6rjade \u00e5ter n\u00e5tla p\u00e5 Vrigstad skofabrik och \u00f6verl\u00e4t fabriken till sin bror Berndt Andersson. Han drev skotillverkningen en kortare tid men upph\u00f6rde helt 1954.<\/p>\n<figure id=\"attachment_2579\" aria-describedby=\"caption-attachment-2579\" style=\"width: 700px\" class=\"wp-caption alignnone\"><a href=\"https:\/\/media.vrigstadshembygdsforening.se\/\/W_1995.055.png\"><img loading=\"lazy\" decoding=\"async\" class=\"size-full wp-image-2579\" src=\"https:\/\/media.vrigstadshembygdsforening.se\/\/W_1995.055.png\" alt=\"\" width=\"700\" height=\"428\" srcset=\"https:\/\/media.vrigstadshembygdsforening.se\/W_1995.055.png 700w, https:\/\/media.vrigstadshembygdsforening.se\/W_1995.055-300x183.png 300w\" sizes=\"auto, (max-width: 700px) 100vw, 700px\" \/><\/a><figcaption id=\"caption-attachment-2579\" class=\"wp-caption-text\">Personal vid Lindegrens Skotillverkning 1938. Fr.v. Bernt Andersson, Hugo Engstr\u00f6m, Ingeborg Land, Bertil Lindblad, Einar Larsson, Viola Str\u00f6m, Erik Andersson, Anna och Ragnar Lindegren. P\u00e5 Annas arm dottern Barbro.<\/figcaption><\/figure>\n<p>&nbsp;<\/p>\n<p>&nbsp;<\/p>\n","protected":false},"excerpt":{"rendered":"<p>1934 byggdes Annedals garveri om till skofabrik. Skofabriken drevs av sonen Ragnar Lindegren, f\u00f6dd 1903, som l\u00e4rt sig yrket p\u00e5<\/p>\n","protected":false},"author":1,"featured_media":0,"parent":0,"menu_order":0,"comment_status":"closed","ping_status":"closed","template":"","meta":{"footnotes":""},"class_list":["post-2576","page","type-page","status-publish","hentry"],"_links":{"self":[{"href":"https:\/\/vrigstadshembygdsforening.se\/index.php?rest_route=\/wp\/v2\/pages\/2576","targetHints":{"allow":["GET"]}}],"collection":[{"href":"https:\/\/vrigstadshembygdsforening.se\/index.php?rest_route=\/wp\/v2\/pages"}],"about":[{"href":"https:\/\/vrigstadshembygdsforening.se\/index.php?rest_route=\/wp\/v2\/types\/page"}],"author":[{"embeddable":true,"href":"https:\/\/vrigstadshembygdsforening.se\/index.php?rest_route=\/wp\/v2\/users\/1"}],"replies":[{"embeddable":true,"href":"https:\/\/vrigstadshembygdsforening.se\/index.php?rest_route=%2Fwp%2Fv2%2Fcomments&post=2576"}],"version-history":[{"count":3,"href":"https:\/\/vrigstadshembygdsforening.se\/index.php?rest_route=\/wp\/v2\/pages\/2576\/revisions"}],"predecessor-version":[{"id":2580,"href":"https:\/\/vrigstadshembygdsforening.se\/index.php?rest_route=\/wp\/v2\/pages\/2576\/revisions\/2580"}],"wp:attachment":[{"href":"https:\/\/vrigstadshembygdsforening.se\/index.php?rest_route=%2Fwp%2Fv2%2Fmedia&parent=2576"}],"curies":[{"name":"wp","href":"https:\/\/api.w.org\/{rel}","templated":true}]}}