{"id":2574,"date":"2019-02-12T16:38:09","date_gmt":"2019-02-12T16:38:09","guid":{"rendered":"http:\/\/vrigstadshembygdsforening.se\/?page_id=2574"},"modified":"2019-02-12T16:38:09","modified_gmt":"2019-02-12T16:38:09","slug":"p-o-lindegrens-tratofflor","status":"publish","type":"page","link":"https:\/\/vrigstadshembygdsforening.se\/?page_id=2574","title":{"rendered":"P.O. Lindegrens tr\u00e4tofflor"},"content":{"rendered":"<p dir=\"LTR\" style=\"text-align: left;\" align=\"JUSTIFY\">Samtidigt med att han drev garveriet l\u00e4t P O Lindegren tillverka tr\u00e4tofflor. Toffelmakarna kom till<br \/>\nAnnedal och h\u00e4mtade \u00e4mnen (tr\u00e4bottnar och ovanl\u00e4der), de spikade ihop dem i hemmet och kom<br \/>\nsedan \u00e5ter med f\u00e4rdiga tofflor. Toffelmakare var bl.a. Alm i S\u00f6ndra, Hj\u00e4lmseryd och Alm i Moboda, Nydala.<\/p>\n<p>&nbsp;<\/p>\n","protected":false},"excerpt":{"rendered":"<p>Samtidigt med att han drev garveriet l\u00e4t P O Lindegren tillverka tr\u00e4tofflor. Toffelmakarna kom till Annedal och h\u00e4mtade \u00e4mnen (tr\u00e4bottnar<\/p>\n","protected":false},"author":1,"featured_media":0,"parent":0,"menu_order":0,"comment_status":"closed","ping_status":"closed","template":"","meta":{"footnotes":""},"class_list":["post-2574","page","type-page","status-publish","hentry"],"_links":{"self":[{"href":"https:\/\/vrigstadshembygdsforening.se\/index.php?rest_route=\/wp\/v2\/pages\/2574","targetHints":{"allow":["GET"]}}],"collection":[{"href":"https:\/\/vrigstadshembygdsforening.se\/index.php?rest_route=\/wp\/v2\/pages"}],"about":[{"href":"https:\/\/vrigstadshembygdsforening.se\/index.php?rest_route=\/wp\/v2\/types\/page"}],"author":[{"embeddable":true,"href":"https:\/\/vrigstadshembygdsforening.se\/index.php?rest_route=\/wp\/v2\/users\/1"}],"replies":[{"embeddable":true,"href":"https:\/\/vrigstadshembygdsforening.se\/index.php?rest_route=%2Fwp%2Fv2%2Fcomments&post=2574"}],"version-history":[{"count":1,"href":"https:\/\/vrigstadshembygdsforening.se\/index.php?rest_route=\/wp\/v2\/pages\/2574\/revisions"}],"predecessor-version":[{"id":2575,"href":"https:\/\/vrigstadshembygdsforening.se\/index.php?rest_route=\/wp\/v2\/pages\/2574\/revisions\/2575"}],"wp:attachment":[{"href":"https:\/\/vrigstadshembygdsforening.se\/index.php?rest_route=%2Fwp%2Fv2%2Fmedia&parent=2574"}],"curies":[{"name":"wp","href":"https:\/\/api.w.org\/{rel}","templated":true}]}}