{"id":2565,"date":"2019-02-12T16:36:55","date_gmt":"2019-02-12T16:36:55","guid":{"rendered":"http:\/\/vrigstadshembygdsforening.se\/?page_id=2565"},"modified":"2019-02-12T16:36:55","modified_gmt":"2019-02-12T16:36:55","slug":"garveriet-annedal","status":"publish","type":"page","link":"https:\/\/vrigstadshembygdsforening.se\/?page_id=2565","title":{"rendered":"Garveriet Annedal"},"content":{"rendered":"<p dir=\"LTR\" style=\"text-align: left;\" align=\"JUSTIFY\">Garveriverksamheten vid Annedal b\u00f6rjade 1848 d\u00e5 den 31-\u00e5rige garvaren Johan Edvard Rystrand fr\u00e5n Hj\u00e4lmseryd flyttade till Vrigstad. Han var f\u00f6dd i Hj\u00e4lmseryd 1817. I husf\u00f6rh\u00f6rsl\u00e4ngderna hade garveriet d\u00e5 inget namn men st\u00e5r under Lunnaberg.<\/p>\n<p dir=\"LTR\" style=\"text-align: left;\" align=\"JUSTIFY\">Garveribyggnaden var, som n\u00f6dv\u00e4ndigt f\u00f6r verksamheten, bel\u00e4gen vid \u00e5n. I en intilliggande byggnad hade fyra \u00e5r tidigare, 1844, etablerats ett f\u00e4rgeri av den d\u00e5 32- \u00e5rige f\u00e4rgaren Anders Algot Forssander. Rystrand byggde som bostad huset Karlsborg (som senare blev poststation och d\u00e4refter Hafstr\u00f6ms taxi) V\u00e4xj\u00f6v\u00e4gen 6. Garvare Rystrand och f\u00e4rgare Forssander hade sina hantverkslokaler vid \u00e5n vid Annedal skriver Henry Renshult i samband med en studiecirkel om Vrigstad. Rystrand drev garveriet till sin d\u00f6d 1880.<\/p>\n<p dir=\"LTR\" style=\"text-align: left;\" align=\"JUSTIFY\">1881 stod Lambert Hafstr\u00f6m, Vrigstad M\u00e5nsag\u00e5rd, som \u00e4gare till hus med f\u00e4rgeri vid<br \/>\nAnnedal. Det \u00e4r oklart hur garveriet fungerade 1880\u20131886. 1886 \u00f6vertogs garveriet av garvare<br \/>\nJohan Sahlberg, f\u00f6dd 1829 (i Bredared, Elfsborgs l\u00e4n). Han kom fr\u00e5n S\u00e4by (Tran\u00e5s) till Vrigstad. I husf\u00f6rh\u00f6rsl\u00e4ngden 1887 \u2013 1891 st\u00e5r Sahlberg \u00e4ven som \u00e4gare till \u00c5dala garveri och han drev b\u00e5da fram till 1900.<\/p>\n<p dir=\"LTR\" style=\"text-align: left;\" align=\"JUSTIFY\">H\u00f6sten 1897 arrenderade Sahlberg ut sina b\u00e5da garverier p\u00e5 tio \u00e5r till Anders Johan Lilja, grenadj\u00e4r vid Sm\u00e5lands Grenadj\u00e4rregemente. Han flyttade fr\u00e5n Norra Ljunga till Vrigstad samma \u00e5r med<br \/>\nfamiljen. Men s\u00e5 h\u00e4nde n\u00e5got of\u00f6rklarligt. Han l\u00e4mnade 1899 b\u00e5de arbete, hustru och sex barn och bara f\u00f6rsvann.<\/p>\n<p dir=\"LTR\" style=\"text-align: left;\" align=\"JUSTIFY\">I Sm\u00e5landsposten den 4 november 1899 stod att l\u00e4sa: &#8221;En f\u00f6rsvunnen Vrigstadbo \u00e4r, tillskrives oss, garvaren A. J. Lilja som ej synts till i hembygden, sedan han avreste till Vetlanda marknad den 17<br \/>\noktober.<\/p>\n<p dir=\"LTR\" style=\"text-align: left;\" align=\"JUSTIFY\">Till att b\u00f6rja med v\u00e4ckte f\u00f6rsvinnandet mycken oro i Vrigstad, s\u00e4rskilt i den f\u00f6rsvunnes familj, men sedermera lade sig oron sedan man f\u00e5tt t\u00e4mligen s\u00e4kra bevis f\u00f6r att Lilja via Vetlanda marknad tagit v\u00e4gen ner \u00e5t Danmark, troligen i akt och mening att resa till Amerika, d\u00e4r han l\u00e4r hava n\u00e4ra anf\u00f6rvanter i goda ekonomiska omst\u00e4ndigheter.<\/p>\n<p dir=\"LTR\" style=\"text-align: left;\" align=\"JUSTIFY\">Lilja var tillika soldat, och vederb\u00f6rande bef\u00e4l l\u00e4r redan tagit hand om de kronopersedlar han som soldat innehade. Garverir\u00f6relsen fortgick dock under ledning av den person som under Liljas fr\u00e5nvaro under m\u00f6ten och l\u00e4ngre resor brukat \u00e5t honom f\u00f6rest\u00e5 garveriet&#8221;. Vem denne inhoppare var \u00e4r oklart. Kanske var det \u00e4garen Sahlberg sj\u00e4lv?<\/p>\n<p dir=\"LTR\" style=\"text-align: left;\" align=\"JUSTIFY\">Garvare Per Otto Lindegren, arrenderade f\u00f6rst och efter fyra \u00e5r k\u00f6pte han garveriet. P.O. Lindegren var f\u00f6dd 1865 i Askers f\u00f6rs. \u00d6rebro l\u00e4n. Han hade l\u00e4rt sig yrket p\u00e5 sedvanligt vis och efter sex \u00e5r som l\u00e4rling och ges\u00e4ll flyttade han till Moheda d\u00e4r han drev garveriet \u00d6stan\u00e5kra i Torpsbruk tills han \u00e5r 1900 \u00f6vertog Annedal i Vrigstad.<\/p>\n<p dir=\"LTR\" style=\"text-align: left;\" align=\"JUSTIFY\">I arrendet av Annedal ingick \u00e4ven \u00c5dala garveri med enligt kontraktet: &#8221;vad d\u00e4rtill h\u00f6rer&#8221;.<\/p>\n<p dir=\"LTR\" style=\"text-align: left;\" align=\"JUSTIFY\">I k\u00f6pekontraktet f\u00f6r Annedal ingick\u00a0&#8221;Boningshus och garveri och alla till l\u00e4genheten h\u00f6rande hus d\u00e4ri inbegripet en marknadsbod och till garveriet och dess drift h\u00f6rande inventarier, \u00e4vensom \u00e5 Vrigstad Pr\u00e4stg\u00e5rds \u00e4gor bel\u00e4gna \u00c5dala garveri med d\u00e4rtill h\u00f6rande barkkvarn och kar&#8221;.<\/p>\n<p dir=\"LTR\" style=\"text-align: left;\" align=\"JUSTIFY\">Jordarrendekontraktet f\u00f6r l\u00e4genheten Annedal \u00f6verf\u00f6rdes p\u00e5 k\u00f6paren. Ang. tomtarrendet f\u00f6r \u00c5dala garveri f\u00e5r k\u00f6paren &#8221;d\u00e4rom \u00f6verenskomma med indelningshavaren&#8221;. Lindegren avslutade garveriet vid \u00c5dala och all verksamhet koncentrerades till Annedal.<\/p>\n<p dir=\"LTR\" style=\"text-align: left;\" align=\"JUSTIFY\">K\u00f6pesumman 1904 var 4 000 kronor och de f\u00f6rsta tio \u00e5rens renovering kostade 1 850 kronor. Bl.a. revs ladug\u00e5rd och svinhus och nytt svinhus och kalkbod byggdes. Garveriets verksamhet f\u00f6rb\u00e4ttrades \u00e4ven genom investering i tr\u00e4pump, stenkista och brygga. Husen m\u00e5lades\/r\u00f6df\u00e4rgades och taklades. Staket uppsattes runt tomten.<\/p>\n<p dir=\"LTR\" style=\"text-align: left;\" align=\"JUSTIFY\">1927 ink\u00f6ptes jordomr\u00e5det p\u00e5 Annedal av kommunen f\u00f6r 1 350 kronor.<\/p>\n<p dir=\"LTR\" style=\"text-align: left;\" align=\"JUSTIFY\">Det har inte kunnat fastst\u00e4llas n\u00e4r garveribyggnaden uppf\u00f6rdes. Huset \u00e4r timrat och p\u00e5 andra v\u00e5ningen kan man se imponerande drygt 7 meter l\u00e5nga timmerstockar, som str\u00e4cker sig fr\u00e5n sida till sida samt fr\u00e5n dessa en gammal konstruktion med cirka fem meter l\u00e5nga h\u00e4ngande trolor. F\u00f6r att f\u00e5 god luftcirkulation fanns inga glasf\u00f6nster utan snedst\u00e4llda tr\u00e4ribbor som en persienn.<\/p>\n<p dir=\"LTR\" style=\"text-align: left;\" align=\"JUSTIFY\">Industrialismen tog \u00f6ver, och d\u00e5 det ej l\u00e4ngre l\u00f6nade sig att garva hantverksm\u00e4ssigt avslutades garveriverksamheten.<\/p>\n<p dir=\"LTR\" style=\"text-align: left;\" align=\"JUSTIFY\">I sin inl\u00e4mningsbok har P.O. Lindegren antecknat: OBS! Den 27 nov 1933 s\u00e4nde jag elva f\u00e5rskinn till Tran\u00e5s!<\/p>\n<figure id=\"attachment_2567\" aria-describedby=\"caption-attachment-2567\" style=\"width: 700px\" class=\"wp-caption alignnone\"><a href=\"https:\/\/media.vrigstadshembygdsforening.se\/\/W_1991.052.png\"><img loading=\"lazy\" decoding=\"async\" class=\"size-full wp-image-2567\" src=\"https:\/\/media.vrigstadshembygdsforening.se\/\/W_1991.052.png\" alt=\"\" width=\"700\" height=\"402\" srcset=\"https:\/\/media.vrigstadshembygdsforening.se\/W_1991.052.png 700w, https:\/\/media.vrigstadshembygdsforening.se\/W_1991.052-300x172.png 300w\" sizes=\"auto, (max-width: 700px) 100vw, 700px\" \/><\/a><figcaption id=\"caption-attachment-2567\" class=\"wp-caption-text\">Lindegrens garveri och bostadshus 1919.<\/figcaption><\/figure>\n<figure id=\"attachment_2566\" aria-describedby=\"caption-attachment-2566\" style=\"width: 400px\" class=\"wp-caption alignnone\"><a href=\"https:\/\/media.vrigstadshembygdsforening.se\/\/W_1979.340.png\"><img loading=\"lazy\" decoding=\"async\" class=\"size-full wp-image-2566\" src=\"https:\/\/media.vrigstadshembygdsforening.se\/\/W_1979.340.png\" alt=\"\" width=\"400\" height=\"579\" srcset=\"https:\/\/media.vrigstadshembygdsforening.se\/W_1979.340.png 400w, https:\/\/media.vrigstadshembygdsforening.se\/W_1979.340-207x300.png 207w\" sizes=\"auto, (max-width: 400px) 100vw, 400px\" \/><\/a><figcaption id=\"caption-attachment-2566\" class=\"wp-caption-text\">Garvaren Johan Sahlberg, 1829-1911, och hans hustru Hedda, f\u00f6dd Grankvist 1844-1941. Foto fr\u00e5n 1908.<\/figcaption><\/figure>\n<figure id=\"attachment_2568\" aria-describedby=\"caption-attachment-2568\" style=\"width: 400px\" class=\"wp-caption alignnone\"><a href=\"https:\/\/media.vrigstadshembygdsforening.se\/\/W_2000.029.png\"><img loading=\"lazy\" decoding=\"async\" class=\"size-full wp-image-2568\" src=\"https:\/\/media.vrigstadshembygdsforening.se\/\/W_2000.029.png\" alt=\"\" width=\"400\" height=\"524\" srcset=\"https:\/\/media.vrigstadshembygdsforening.se\/W_2000.029.png 400w, https:\/\/media.vrigstadshembygdsforening.se\/W_2000.029-229x300.png 229w\" sizes=\"auto, (max-width: 400px) 100vw, 400px\" \/><\/a><figcaption id=\"caption-attachment-2568\" class=\"wp-caption-text\">Garvaren Per Otto Lindegren, Annedal. Foto fr\u00e5n 1945.<\/figcaption><\/figure>\n<figure id=\"attachment_2570\" aria-describedby=\"caption-attachment-2570\" style=\"width: 400px\" class=\"wp-caption alignnone\"><a href=\"https:\/\/media.vrigstadshembygdsforening.se\/\/W_Lindegrens-garv.png\"><img loading=\"lazy\" decoding=\"async\" class=\"size-full wp-image-2570\" src=\"https:\/\/media.vrigstadshembygdsforening.se\/\/W_Lindegrens-garv.png\" alt=\"\" width=\"400\" height=\"424\" srcset=\"https:\/\/media.vrigstadshembygdsforening.se\/W_Lindegrens-garv.png 400w, https:\/\/media.vrigstadshembygdsforening.se\/W_Lindegrens-garv-283x300.png 283w\" sizes=\"auto, (max-width: 400px) 100vw, 400px\" \/><\/a><figcaption id=\"caption-attachment-2570\" class=\"wp-caption-text\">Annons fr\u00e5n 1915.<\/figcaption><\/figure>\n<figure id=\"attachment_2569\" aria-describedby=\"caption-attachment-2569\" style=\"width: 400px\" class=\"wp-caption alignnone\"><a href=\"https:\/\/media.vrigstadshembygdsforening.se\/\/W_Garvare-PO-Lindegren_Stampel.jpg\"><img loading=\"lazy\" decoding=\"async\" class=\"size-full wp-image-2569\" src=\"https:\/\/media.vrigstadshembygdsforening.se\/\/W_Garvare-PO-Lindegren_Stampel.jpg\" alt=\"\" width=\"400\" height=\"317\" srcset=\"https:\/\/media.vrigstadshembygdsforening.se\/W_Garvare-PO-Lindegren_Stampel.jpg 400w, https:\/\/media.vrigstadshembygdsforening.se\/W_Garvare-PO-Lindegren_Stampel-300x238.jpg 300w\" sizes=\"auto, (max-width: 400px) 100vw, 400px\" \/><\/a><figcaption id=\"caption-attachment-2569\" class=\"wp-caption-text\">P O Lindegren hade en fin st\u00e4mpel.<\/figcaption><\/figure>\n","protected":false},"excerpt":{"rendered":"<p>Garveriverksamheten vid Annedal b\u00f6rjade 1848 d\u00e5 den 31-\u00e5rige garvaren Johan Edvard Rystrand fr\u00e5n Hj\u00e4lmseryd flyttade till Vrigstad. Han var f\u00f6dd<\/p>\n","protected":false},"author":1,"featured_media":0,"parent":0,"menu_order":0,"comment_status":"closed","ping_status":"closed","template":"","meta":{"footnotes":""},"class_list":["post-2565","page","type-page","status-publish","hentry"],"_links":{"self":[{"href":"https:\/\/vrigstadshembygdsforening.se\/index.php?rest_route=\/wp\/v2\/pages\/2565","targetHints":{"allow":["GET"]}}],"collection":[{"href":"https:\/\/vrigstadshembygdsforening.se\/index.php?rest_route=\/wp\/v2\/pages"}],"about":[{"href":"https:\/\/vrigstadshembygdsforening.se\/index.php?rest_route=\/wp\/v2\/types\/page"}],"author":[{"embeddable":true,"href":"https:\/\/vrigstadshembygdsforening.se\/index.php?rest_route=\/wp\/v2\/users\/1"}],"replies":[{"embeddable":true,"href":"https:\/\/vrigstadshembygdsforening.se\/index.php?rest_route=%2Fwp%2Fv2%2Fcomments&post=2565"}],"version-history":[{"count":1,"href":"https:\/\/vrigstadshembygdsforening.se\/index.php?rest_route=\/wp\/v2\/pages\/2565\/revisions"}],"predecessor-version":[{"id":2571,"href":"https:\/\/vrigstadshembygdsforening.se\/index.php?rest_route=\/wp\/v2\/pages\/2565\/revisions\/2571"}],"wp:attachment":[{"href":"https:\/\/vrigstadshembygdsforening.se\/index.php?rest_route=%2Fwp%2Fv2%2Fmedia&parent=2565"}],"curies":[{"name":"wp","href":"https:\/\/api.w.org\/{rel}","templated":true}]}}