{"id":2563,"date":"2019-02-12T16:26:16","date_gmt":"2019-02-12T16:26:16","guid":{"rendered":"http:\/\/vrigstadshembygdsforening.se\/?page_id=2563"},"modified":"2019-02-12T16:26:16","modified_gmt":"2019-02-12T16:26:16","slug":"broderna-sandgrens-toffelfabrik-ab","status":"publish","type":"page","link":"https:\/\/vrigstadshembygdsforening.se\/?page_id=2563","title":{"rendered":"Br\u00f6derna Sandgrens Toffelfabrik AB"},"content":{"rendered":"<p dir=\"LTR\" style=\"text-align: left;\" align=\"JUSTIFY\">Vrigstad kommun k\u00f6pte Vrigstad Skofabriks fastighet 1969 f\u00f6r 130 000 kronor och hyrde ut lokalerna till Br\u00f6derna Sandgrens Toffelfabrik i P\u00e5ryd. F\u00f6retaget anst\u00e4llde i stort sett all personal fr\u00e5n skofabriken och bedrev toffeltillverkning fram till h\u00f6sten 1974, d\u00e5 tillverkningen upph\u00f6rde.<\/p>\n<p>&nbsp;<\/p>\n","protected":false},"excerpt":{"rendered":"<p>Vrigstad kommun k\u00f6pte Vrigstad Skofabriks fastighet 1969 f\u00f6r 130 000 kronor och hyrde ut lokalerna till Br\u00f6derna Sandgrens Toffelfabrik i<\/p>\n","protected":false},"author":1,"featured_media":0,"parent":0,"menu_order":0,"comment_status":"closed","ping_status":"closed","template":"","meta":{"footnotes":""},"class_list":["post-2563","page","type-page","status-publish","hentry"],"_links":{"self":[{"href":"https:\/\/vrigstadshembygdsforening.se\/index.php?rest_route=\/wp\/v2\/pages\/2563","targetHints":{"allow":["GET"]}}],"collection":[{"href":"https:\/\/vrigstadshembygdsforening.se\/index.php?rest_route=\/wp\/v2\/pages"}],"about":[{"href":"https:\/\/vrigstadshembygdsforening.se\/index.php?rest_route=\/wp\/v2\/types\/page"}],"author":[{"embeddable":true,"href":"https:\/\/vrigstadshembygdsforening.se\/index.php?rest_route=\/wp\/v2\/users\/1"}],"replies":[{"embeddable":true,"href":"https:\/\/vrigstadshembygdsforening.se\/index.php?rest_route=%2Fwp%2Fv2%2Fcomments&post=2563"}],"version-history":[{"count":1,"href":"https:\/\/vrigstadshembygdsforening.se\/index.php?rest_route=\/wp\/v2\/pages\/2563\/revisions"}],"predecessor-version":[{"id":2564,"href":"https:\/\/vrigstadshembygdsforening.se\/index.php?rest_route=\/wp\/v2\/pages\/2563\/revisions\/2564"}],"wp:attachment":[{"href":"https:\/\/vrigstadshembygdsforening.se\/index.php?rest_route=%2Fwp%2Fv2%2Fmedia&parent=2563"}],"curies":[{"name":"wp","href":"https:\/\/api.w.org\/{rel}","templated":true}]}}