{"id":2560,"date":"2019-02-12T13:52:20","date_gmt":"2019-02-12T13:52:20","guid":{"rendered":"http:\/\/vrigstadshembygdsforening.se\/?page_id=2560"},"modified":"2019-02-12T13:52:20","modified_gmt":"2019-02-12T13:52:20","slug":"textilberedning-och-textilvaror","status":"publish","type":"page","link":"https:\/\/vrigstadshembygdsforening.se\/?page_id=2560","title":{"rendered":"Textilberedning och textilvaror"},"content":{"rendered":"<p dir=\"LTR\" align=\"LEFT\"><a href=\"https:\/\/vrigstadshembygdsforening.se\/?page_id=2553\">Annedals F\u00e4rgeri<\/a><br \/>\n<a href=\"https:\/\/vrigstadshembygdsforening.se\/?page_id=2555\">Runstedtska F\u00e4rgeriet<\/a><br \/>\n<a href=\"https:\/\/vrigstadshembygdsforening.se\/?page_id=2549\">Vrigstads Sport och L\u00e4derindustri<\/a><\/p>\n<p dir=\"LTR\" align=\"LEFT\">\n<p>&nbsp;<\/p>\n","protected":false},"excerpt":{"rendered":"<p>Annedals F\u00e4rgeri Runstedtska F\u00e4rgeriet Vrigstads Sport och L\u00e4derindustri &nbsp;<\/p>\n","protected":false},"author":1,"featured_media":0,"parent":0,"menu_order":0,"comment_status":"closed","ping_status":"closed","template":"","meta":{"footnotes":""},"class_list":["post-2560","page","type-page","status-publish","hentry"],"_links":{"self":[{"href":"https:\/\/vrigstadshembygdsforening.se\/index.php?rest_route=\/wp\/v2\/pages\/2560","targetHints":{"allow":["GET"]}}],"collection":[{"href":"https:\/\/vrigstadshembygdsforening.se\/index.php?rest_route=\/wp\/v2\/pages"}],"about":[{"href":"https:\/\/vrigstadshembygdsforening.se\/index.php?rest_route=\/wp\/v2\/types\/page"}],"author":[{"embeddable":true,"href":"https:\/\/vrigstadshembygdsforening.se\/index.php?rest_route=\/wp\/v2\/users\/1"}],"replies":[{"embeddable":true,"href":"https:\/\/vrigstadshembygdsforening.se\/index.php?rest_route=%2Fwp%2Fv2%2Fcomments&post=2560"}],"version-history":[{"count":1,"href":"https:\/\/vrigstadshembygdsforening.se\/index.php?rest_route=\/wp\/v2\/pages\/2560\/revisions"}],"predecessor-version":[{"id":2561,"href":"https:\/\/vrigstadshembygdsforening.se\/index.php?rest_route=\/wp\/v2\/pages\/2560\/revisions\/2561"}],"wp:attachment":[{"href":"https:\/\/vrigstadshembygdsforening.se\/index.php?rest_route=%2Fwp%2Fv2%2Fmedia&parent=2560"}],"curies":[{"name":"wp","href":"https:\/\/api.w.org\/{rel}","templated":true}]}}