{"id":2553,"date":"2019-02-12T13:42:50","date_gmt":"2019-02-12T13:42:50","guid":{"rendered":"http:\/\/vrigstadshembygdsforening.se\/?page_id=2553"},"modified":"2019-02-12T13:42:50","modified_gmt":"2019-02-12T13:42:50","slug":"annedals-fargeri","status":"publish","type":"page","link":"https:\/\/vrigstadshembygdsforening.se\/?page_id=2553","title":{"rendered":"Annedals F\u00e4rgeri"},"content":{"rendered":"<p dir=\"LTR\" style=\"text-align: left;\" align=\"JUSTIFY\">F\u00e4rgeriet vid Annedal n\u00e4mndes f\u00f6rsta g\u00e5ngen 1844 d\u00e5 f\u00e4rgare Anders Algot Forssander hyrde p\u00e5 Lunnaberg. I husf\u00f6rh\u00f6rsl\u00e4ngderna hade f\u00e4rgeriet inget namn men st\u00e5r under Lunnaberg.<\/p>\n<p dir=\"LTR\" style=\"text-align: left;\" align=\"JUSTIFY\">F\u00e4rgare Anders Algot Forssander; f\u00f6dd 1816 i W\u00e4xj\u00f6 och inflyttad fr\u00e5n Skir\u00f6 1844. (1848 startar Johan Edvard Rystrand ett garveri i ett intilliggande hus. Henry Renshult skriver i samband med en studiecirkel om Vrigstad att garvare Rystrand och f\u00e4rgare Forssander hade sina hantverkslokaler vid \u00e5n vid Annedal). F\u00e4rgeriet startade troligen 1844.<\/p>\n<p dir=\"LTR\" style=\"text-align: left;\" align=\"JUSTIFY\">Forssander flyttade med familj till J\u00f6nk\u00f6ping 1849.<\/p>\n<p dir=\"LTR\" style=\"text-align: left;\" align=\"JUSTIFY\">Kanske hade f\u00e4rgeriet vid Annedal och Runstedtska f\u00e4rgeriet n\u00e5got gemensamt eftersom flera f\u00e4rgare n\u00e4mns p\u00e5 samma uppslag i husf\u00f6rh\u00f6rsl\u00e4ngderna 1846 \u2013 1851 \u2013 1856.<\/p>\n<p dir=\"LTR\" style=\"text-align: left;\" align=\"JUSTIFY\">Perioden verkade r\u00f6rig med m\u00e5nga f\u00e4rgar- och garvarges\u00e4ller, l\u00e4rlingar, pigor och dr\u00e4ngar vid de b\u00e5da f\u00e4rgerierna samt garverierna. Bl.a. stod Fredrik Runstedt under Lunnaberg d\u00e5 han flyttade till Vrigstad 1848 men flyttade 1849 till Vrigstad G\u00e4stgivarg\u00e5rd och startade Runstedtska f\u00e4rgeriet.<\/p>\n<p dir=\"LTR\" style=\"text-align: left;\" align=\"JUSTIFY\">Det \u00e4r oklart vem som drev f\u00e4rgeriet vid Annedal till 1854 d\u00e5 f\u00e4rgare Carl Adolf Mebius f\u00f6rst stod<br \/>\nunder Runstedtska f\u00e4rgeriet. Han flyttade sedan till f\u00e4rgeriet vid Annedal.<\/p>\n<p dir=\"LTR\" style=\"text-align: left;\" align=\"JUSTIFY\">Ytterligare en f\u00e4rgare Jonas Mag. Israel Wetterling figurerade som fabrik\u00f6r.<\/p>\n<p dir=\"LTR\" style=\"text-align: left;\" align=\"JUSTIFY\">F\u00e4rgare Carl Adolf Mebius, f\u00f6dd 1832, i Stockholm var inflyttad fr\u00e5n B\u00e5stad 1854. Han byggde bostadshuset p\u00e5 Annedal omkring 1860.<\/p>\n<p dir=\"LTR\" style=\"text-align: left;\" align=\"JUSTIFY\">Karl Adolf Mebius avled 1884 d\u00e5 troligtvis \u00e4ven f\u00e4rgeriet upph\u00f6r. En f\u00e4rgarges\u00e4ll, Karl Albert Lundgren, kom fr\u00e5n Nyk\u00f6ping 1884 och fick, i och med Mebius d\u00f6d, antagligen avsluta f\u00e4rgeriets \u00e5taganden och verksamheten avslutades 18\/5 1885.<\/p>\n<p dir=\"LTR\" style=\"text-align: left;\" align=\"JUSTIFY\">Lambert Hafstr\u00f6m i Vrigstad M\u00e5nsag\u00e5rd stod som \u00e4gare till ett hus med f\u00e4rgeri tills garvare Johan Sahlberg k\u00f6pte byggnaderna och garveriet.<\/p>\n","protected":false},"excerpt":{"rendered":"<p>F\u00e4rgeriet vid Annedal n\u00e4mndes f\u00f6rsta g\u00e5ngen 1844 d\u00e5 f\u00e4rgare Anders Algot Forssander hyrde p\u00e5 Lunnaberg. I husf\u00f6rh\u00f6rsl\u00e4ngderna hade f\u00e4rgeriet inget<\/p>\n","protected":false},"author":1,"featured_media":0,"parent":0,"menu_order":0,"comment_status":"closed","ping_status":"closed","template":"","meta":{"footnotes":""},"class_list":["post-2553","page","type-page","status-publish","hentry"],"_links":{"self":[{"href":"https:\/\/vrigstadshembygdsforening.se\/index.php?rest_route=\/wp\/v2\/pages\/2553","targetHints":{"allow":["GET"]}}],"collection":[{"href":"https:\/\/vrigstadshembygdsforening.se\/index.php?rest_route=\/wp\/v2\/pages"}],"about":[{"href":"https:\/\/vrigstadshembygdsforening.se\/index.php?rest_route=\/wp\/v2\/types\/page"}],"author":[{"embeddable":true,"href":"https:\/\/vrigstadshembygdsforening.se\/index.php?rest_route=\/wp\/v2\/users\/1"}],"replies":[{"embeddable":true,"href":"https:\/\/vrigstadshembygdsforening.se\/index.php?rest_route=%2Fwp%2Fv2%2Fcomments&post=2553"}],"version-history":[{"count":1,"href":"https:\/\/vrigstadshembygdsforening.se\/index.php?rest_route=\/wp\/v2\/pages\/2553\/revisions"}],"predecessor-version":[{"id":2554,"href":"https:\/\/vrigstadshembygdsforening.se\/index.php?rest_route=\/wp\/v2\/pages\/2553\/revisions\/2554"}],"wp:attachment":[{"href":"https:\/\/vrigstadshembygdsforening.se\/index.php?rest_route=%2Fwp%2Fv2%2Fmedia&parent=2553"}],"curies":[{"name":"wp","href":"https:\/\/api.w.org\/{rel}","templated":true}]}}