{"id":2549,"date":"2019-02-12T13:41:21","date_gmt":"2019-02-12T13:41:21","guid":{"rendered":"http:\/\/vrigstadshembygdsforening.se\/?page_id=2549"},"modified":"2019-02-12T13:41:21","modified_gmt":"2019-02-12T13:41:21","slug":"vrigstads-sport-och-laderindustri","status":"publish","type":"page","link":"https:\/\/vrigstadshembygdsforening.se\/?page_id=2549","title":{"rendered":"Vrigstads Sport och L\u00e4derindustri"},"content":{"rendered":"<p dir=\"LTR\" style=\"text-align: left;\" align=\"JUSTIFY\">F\u00f6retaget startades 1946 av br\u00f6derna Sture Johansson och Stig Ringefelt. Tillverkningen var i b\u00f6rjan inriktad p\u00e5 sportartiklar bl.a. dubb till fotbollsskor samt fotbollar. Ganska snart ut\u00f6kades produktionen till att omfatta produkter i plast s\u00e5som shoppingv\u00e4skor och s.k. stickv\u00e4skor d\u00e4r man kunde f\u00f6rvara sina p\u00e5g\u00e5ende stickarbeten samt k\u00f6rkortsfordral och pl\u00e5nb\u00f6cker.<\/p>\n<p dir=\"LTR\" style=\"text-align: left;\" align=\"JUSTIFY\">Fr\u00e5n 1950 \u00f6vergick man till t\u00e4ltproduktion och nya fabrikslokaler uppf\u00f6rdes p\u00e5 1960-talet och helt pl\u00f6tsligt var man Sveriges st\u00f6rsta t\u00e4ltproducent. Som mest sysselsattes ett 30-tal anst\u00e4llda och man tillverkade cirka 10 000 t\u00e4lt per \u00e5r.<\/p>\n<p dir=\"LTR\" style=\"text-align: left;\" align=\"JUSTIFY\">Merparten av t\u00e4lten stannade i Sverige, men man hade \u00e4ven en del export till Norge och Danmark. Ett fyrmannat\u00e4lt med brutet tak var den vanligaste modellen, men totalt tillverkades ett 25-tal olika varianter. Den st\u00f6rsta modellen hade en golvyta p\u00e5 14 m<sup><span style=\"font-size: small;\">2<\/span><\/sup>.<\/p>\n<p dir=\"LTR\" style=\"text-align: left;\" align=\"JUSTIFY\">Men s\u00e5 kom konkurrensen fr\u00e5n \u00d6sttyskland med pressade priser som f\u00f6ljd, och de svensktillverkade produkterna kunde inte konkurrera prism\u00e4ssigt.<\/p>\n<p dir=\"LTR\" style=\"text-align: left;\" align=\"JUSTIFY\">1975 hyrde man lagerlokaler i tidigare skofabriken.<\/p>\n<p dir=\"LTR\" style=\"text-align: left;\" align=\"JUSTIFY\">F\u00f6retaget varslade all personal 1977 f\u00f6r nedl\u00e4ggning.<\/p>\n<p dir=\"LTR\" style=\"text-align: left;\" align=\"JUSTIFY\">Verksamheten \u00f6vertogs 1982 av Sigfrid Olofsson och Kenneth Nyman med ambitionen att tillverka campingt\u00e4lt och f\u00f6rr\u00e5dst\u00e4lt. Vid \u00f6vertagandet hade man tolv anst\u00e4llda.<\/p>\n<p dir=\"LTR\" style=\"text-align: left;\" align=\"JUSTIFY\">F\u00f6retaget gick i konkurs i juni 1982.<\/p>\n<figure id=\"attachment_2550\" aria-describedby=\"caption-attachment-2550\" style=\"width: 700px\" class=\"wp-caption alignnone\"><a href=\"https:\/\/media.vrigstadshembygdsforening.se\/\/W_1999.046.png\"><img loading=\"lazy\" decoding=\"async\" class=\"size-full wp-image-2550\" src=\"https:\/\/media.vrigstadshembygdsforening.se\/\/W_1999.046.png\" alt=\"\" width=\"700\" height=\"499\" srcset=\"https:\/\/media.vrigstadshembygdsforening.se\/W_1999.046.png 700w, https:\/\/media.vrigstadshembygdsforening.se\/W_1999.046-300x214.png 300w\" sizes=\"auto, (max-width: 700px) 100vw, 700px\" \/><\/a><figcaption id=\"caption-attachment-2550\" class=\"wp-caption-text\">1961 hade Vrigstads Sport och L\u00e4derindustri vuxit ur sina gamla lokaler och byggde d\u00e4rf\u00f6r nya.<\/figcaption><\/figure>\n<figure id=\"attachment_2551\" aria-describedby=\"caption-attachment-2551\" style=\"width: 700px\" class=\"wp-caption alignnone\"><a href=\"https:\/\/media.vrigstadshembygdsforening.se\/\/W_2002.077.png\"><img loading=\"lazy\" decoding=\"async\" class=\"size-full wp-image-2551\" src=\"https:\/\/media.vrigstadshembygdsforening.se\/\/W_2002.077.png\" alt=\"\" width=\"700\" height=\"452\" srcset=\"https:\/\/media.vrigstadshembygdsforening.se\/W_2002.077.png 700w, https:\/\/media.vrigstadshembygdsforening.se\/W_2002.077-300x194.png 300w\" sizes=\"auto, (max-width: 700px) 100vw, 700px\" \/><\/a><figcaption id=\"caption-attachment-2551\" class=\"wp-caption-text\">Verkm\u00e4stare Anton Nordberg och Irene Karlsson vid symaskinen. Foto fr\u00e5n 1965.<\/figcaption><\/figure>\n","protected":false},"excerpt":{"rendered":"<p>F\u00f6retaget startades 1946 av br\u00f6derna Sture Johansson och Stig Ringefelt. Tillverkningen var i b\u00f6rjan inriktad p\u00e5 sportartiklar bl.a. dubb till<\/p>\n","protected":false},"author":1,"featured_media":0,"parent":0,"menu_order":0,"comment_status":"closed","ping_status":"closed","template":"","meta":{"footnotes":""},"class_list":["post-2549","page","type-page","status-publish","hentry"],"_links":{"self":[{"href":"https:\/\/vrigstadshembygdsforening.se\/index.php?rest_route=\/wp\/v2\/pages\/2549","targetHints":{"allow":["GET"]}}],"collection":[{"href":"https:\/\/vrigstadshembygdsforening.se\/index.php?rest_route=\/wp\/v2\/pages"}],"about":[{"href":"https:\/\/vrigstadshembygdsforening.se\/index.php?rest_route=\/wp\/v2\/types\/page"}],"author":[{"embeddable":true,"href":"https:\/\/vrigstadshembygdsforening.se\/index.php?rest_route=\/wp\/v2\/users\/1"}],"replies":[{"embeddable":true,"href":"https:\/\/vrigstadshembygdsforening.se\/index.php?rest_route=%2Fwp%2Fv2%2Fcomments&post=2549"}],"version-history":[{"count":1,"href":"https:\/\/vrigstadshembygdsforening.se\/index.php?rest_route=\/wp\/v2\/pages\/2549\/revisions"}],"predecessor-version":[{"id":2552,"href":"https:\/\/vrigstadshembygdsforening.se\/index.php?rest_route=\/wp\/v2\/pages\/2549\/revisions\/2552"}],"wp:attachment":[{"href":"https:\/\/vrigstadshembygdsforening.se\/index.php?rest_route=%2Fwp%2Fv2%2Fmedia&parent=2549"}],"curies":[{"name":"wp","href":"https:\/\/api.w.org\/{rel}","templated":true}]}}