{"id":2539,"date":"2019-02-12T13:27:50","date_gmt":"2019-02-12T13:27:50","guid":{"rendered":"http:\/\/vrigstadshembygdsforening.se\/?page_id=2539"},"modified":"2019-02-12T13:27:50","modified_gmt":"2019-02-12T13:27:50","slug":"estrid-ljung","status":"publish","type":"page","link":"https:\/\/vrigstadshembygdsforening.se\/?page_id=2539","title":{"rendered":"Estrid Ljung"},"content":{"rendered":"<p dir=\"LTR\" style=\"text-align: left;\" align=\"JUSTIFY\">Estrid Ljung var hattmodist i telefonstationens hus. Hon var fr\u00e5n Stockaryd och \u00f6ppnade matservering d\u00e4r senare.<\/p>\n<p>&nbsp;<\/p>\n","protected":false},"excerpt":{"rendered":"<p>Estrid Ljung var hattmodist i telefonstationens hus. Hon var fr\u00e5n Stockaryd och \u00f6ppnade matservering d\u00e4r senare. &nbsp;<\/p>\n","protected":false},"author":1,"featured_media":0,"parent":0,"menu_order":0,"comment_status":"closed","ping_status":"closed","template":"","meta":{"footnotes":""},"class_list":["post-2539","page","type-page","status-publish","hentry"],"_links":{"self":[{"href":"https:\/\/vrigstadshembygdsforening.se\/index.php?rest_route=\/wp\/v2\/pages\/2539","targetHints":{"allow":["GET"]}}],"collection":[{"href":"https:\/\/vrigstadshembygdsforening.se\/index.php?rest_route=\/wp\/v2\/pages"}],"about":[{"href":"https:\/\/vrigstadshembygdsforening.se\/index.php?rest_route=\/wp\/v2\/types\/page"}],"author":[{"embeddable":true,"href":"https:\/\/vrigstadshembygdsforening.se\/index.php?rest_route=\/wp\/v2\/users\/1"}],"replies":[{"embeddable":true,"href":"https:\/\/vrigstadshembygdsforening.se\/index.php?rest_route=%2Fwp%2Fv2%2Fcomments&post=2539"}],"version-history":[{"count":1,"href":"https:\/\/vrigstadshembygdsforening.se\/index.php?rest_route=\/wp\/v2\/pages\/2539\/revisions"}],"predecessor-version":[{"id":2540,"href":"https:\/\/vrigstadshembygdsforening.se\/index.php?rest_route=\/wp\/v2\/pages\/2539\/revisions\/2540"}],"wp:attachment":[{"href":"https:\/\/vrigstadshembygdsforening.se\/index.php?rest_route=%2Fwp%2Fv2%2Fmedia&parent=2539"}],"curies":[{"name":"wp","href":"https:\/\/api.w.org\/{rel}","templated":true}]}}