{"id":2534,"date":"2019-02-12T13:26:33","date_gmt":"2019-02-12T13:26:33","guid":{"rendered":"http:\/\/vrigstadshembygdsforening.se\/?page_id=2534"},"modified":"2019-02-12T13:36:25","modified_gmt":"2019-02-12T13:36:25","slug":"adina-grell","status":"publish","type":"page","link":"https:\/\/vrigstadshembygdsforening.se\/?page_id=2534","title":{"rendered":"Adina Grell"},"content":{"rendered":"<p dir=\"LTR\" style=\"text-align: left;\" align=\"JUSTIFY\">Adina Grell, f\u00f6dd i Vrigstad 1892, var dotter till kopparslagaren Anders Theodor Grell och hans hustru Mathilda. Adina var s.k. hems\u00f6mmerska. Hon var mycket skicklig och sydde i huvudsak flick- och damkl\u00e4der.<\/p>\n<p dir=\"LTR\" style=\"text-align: left;\" align=\"JUSTIFY\">Birgith Vink-Johansson har ber\u00e4ttat att Adina sydde b\u00e5de hennes konfirmations- och brudkl\u00e4nning.<\/p>\n<p dir=\"LTR\" style=\"text-align: left;\" align=\"JUSTIFY\">Adinas syster Olivia hj\u00e4lpte Adina att sy f\u00e5llar. Hon hade en liten egenhet. F\u00f6r varje stygn hon tog &#8221;sn\u00f6rvlade&#8221; hon till n\u00e4r hon drog n\u00e5len genom\u00a0f\u00e5llen.<\/p>\n<p dir=\"LTR\" style=\"text-align: left;\" align=\"JUSTIFY\">Adina bodde i f\u00f6r\u00e4ldrahemmet , fastigheten Torsborg, nuvarande adress V\u00e4xj\u00f6v\u00e4gen 13.<br \/>\nAdina vilar sedan 1946 p\u00e5 Vrigstads kyrkog\u00e5rd.<\/p>\n<figure id=\"attachment_2535\" aria-describedby=\"caption-attachment-2535\" style=\"width: 500px\" class=\"wp-caption alignnone\"><a href=\"https:\/\/media.vrigstadshembygdsforening.se\/\/W_1992.033.png\"><img loading=\"lazy\" decoding=\"async\" class=\"size-full wp-image-2535\" src=\"https:\/\/media.vrigstadshembygdsforening.se\/\/W_1992.033.png\" alt=\"\" width=\"500\" height=\"695\" srcset=\"https:\/\/media.vrigstadshembygdsforening.se\/W_1992.033.png 500w, https:\/\/media.vrigstadshembygdsforening.se\/W_1992.033-216x300.png 216w\" sizes=\"auto, (max-width: 500px) 100vw, 500px\" \/><\/a><figcaption id=\"caption-attachment-2535\" class=\"wp-caption-text\">T.v. Adina, dotter till Anders Teodor och Mathilda Charlotta Grell. \u00d6vriga \u00e4r Adinas systrar samt mannen till en av dessa. Foto fr\u00e5n cirka 1915.<\/figcaption><\/figure>\n<p>&nbsp;<\/p>\n<p>&nbsp;<\/p>\n","protected":false},"excerpt":{"rendered":"<p>Adina Grell, f\u00f6dd i Vrigstad 1892, var dotter till kopparslagaren Anders Theodor Grell och hans hustru Mathilda. Adina var s.k.<\/p>\n","protected":false},"author":1,"featured_media":0,"parent":0,"menu_order":0,"comment_status":"closed","ping_status":"closed","template":"","meta":{"footnotes":""},"class_list":["post-2534","page","type-page","status-publish","hentry"],"_links":{"self":[{"href":"https:\/\/vrigstadshembygdsforening.se\/index.php?rest_route=\/wp\/v2\/pages\/2534","targetHints":{"allow":["GET"]}}],"collection":[{"href":"https:\/\/vrigstadshembygdsforening.se\/index.php?rest_route=\/wp\/v2\/pages"}],"about":[{"href":"https:\/\/vrigstadshembygdsforening.se\/index.php?rest_route=\/wp\/v2\/types\/page"}],"author":[{"embeddable":true,"href":"https:\/\/vrigstadshembygdsforening.se\/index.php?rest_route=\/wp\/v2\/users\/1"}],"replies":[{"embeddable":true,"href":"https:\/\/vrigstadshembygdsforening.se\/index.php?rest_route=%2Fwp%2Fv2%2Fcomments&post=2534"}],"version-history":[{"count":2,"href":"https:\/\/vrigstadshembygdsforening.se\/index.php?rest_route=\/wp\/v2\/pages\/2534\/revisions"}],"predecessor-version":[{"id":2548,"href":"https:\/\/vrigstadshembygdsforening.se\/index.php?rest_route=\/wp\/v2\/pages\/2534\/revisions\/2548"}],"wp:attachment":[{"href":"https:\/\/vrigstadshembygdsforening.se\/index.php?rest_route=%2Fwp%2Fv2%2Fmedia&parent=2534"}],"curies":[{"name":"wp","href":"https:\/\/api.w.org\/{rel}","templated":true}]}}