{"id":2444,"date":"2019-02-11T17:03:46","date_gmt":"2019-02-11T17:03:46","guid":{"rendered":"http:\/\/vrigstadshembygdsforening.se\/?page_id=2444"},"modified":"2019-02-11T17:03:46","modified_gmt":"2019-02-11T17:03:46","slug":"kvarn-bjallebo","status":"publish","type":"page","link":"https:\/\/vrigstadshembygdsforening.se\/?page_id=2444","title":{"rendered":"Kvarn Bj\u00e4llebo"},"content":{"rendered":"<p dir=\"LTR\" align=\"JUSTIFY\">Ur 1697 \u00e5rs utredning: &#8221; Bj\u00e4llebo en qvarn, som g\u00e5r h\u00f6st och v\u00e5r, p\u00e5 dess enskillte \u00e4gor&#8221;.<\/p>\n<p dir=\"LTR\" align=\"JUSTIFY\">I 1850-talets mitt ans\u00f6ker Fanjunkaren J.M. Boberg om fortsatt drift av en vattenmj\u00f6lkvarn med ett par grovm\u00e4ldstenar vid anl\u00e4ggningen vid f.d. sergeantbost\u00e4llet vid Kunglig Sm\u00e5lands Husarregemente, Bj\u00e4llebo.<\/p>\n<p dir=\"LTR\" align=\"JUSTIFY\">P\u00e5 1875 \u00e5rs generalstabskarta \u00e4r tv\u00e5 kvarnar markerade alldeles intill varandra i b\u00e4cken c:a 100 meter nordv\u00e4st om huvudbyggnaden.<\/p>\n<p dir=\"LTR\" align=\"JUSTIFY\">Bj\u00e4llebokvarnen \u00e4r upptagen som separat fastighet i husf\u00f6rh\u00f6rsl\u00e4ngden f\u00f6rst 1857. Kanske byggdes d\u00e5 ett separat boningshus f\u00f6r mj\u00f6lnaren. Byggnaderna revs 1936-37 och \u00e5teruppf\u00f6rdes som bostadshus p\u00e5 g\u00e5rden Lill\u00e4ngen.<\/p>\n<p dir=\"LTR\" align=\"JUSTIFY\">\nN\u00e5gra mj\u00f6lnare: Lars Johan Hjort, f\u00f6dd 1829 i Vrigstad, 1857-1858. Gustaf Magnus Johansson, f\u00f6dd 1827 i Almes\u00e5kra, 1858-1868.<br \/>\nPer Aron Moberg, f\u00f6dd 1826 i Svenarum, 1868-1873.<br \/>\nKlas Johan J\u00f6nsson, f\u00f6dd 1839 i Hylletofta, 1873-1879.<br \/>\nAnders Malkolm Pehr Gustafsson, f\u00f6dd 1844 i Malmb\u00e4ck, 1879-1882.<br \/>\nJohan Nilsson, f\u00f6dd 1840 i Svenarum, 1887-1891.<br \/>\nCarl Almqvist, f\u00f6dd 1838 i Bringetofta, 1892-1908.<br \/>\nJohan Erland Jonasson, f\u00f6dd 1879 i Malmb\u00e4ck, 1901- 1924.<\/p>\n<figure id=\"attachment_2448\" aria-describedby=\"caption-attachment-2448\" style=\"width: 700px\" class=\"wp-caption alignnone\"><a href=\"https:\/\/media.vrigstadshembygdsforening.se\/\/W_2003.096A.png\"><img loading=\"lazy\" decoding=\"async\" class=\"size-full wp-image-2448\" src=\"https:\/\/media.vrigstadshembygdsforening.se\/\/W_2003.096A.png\" alt=\"\" width=\"700\" height=\"475\" srcset=\"https:\/\/media.vrigstadshembygdsforening.se\/W_2003.096A.png 700w, https:\/\/media.vrigstadshembygdsforening.se\/W_2003.096A-300x204.png 300w\" sizes=\"auto, (max-width: 700px) 100vw, 700px\" \/><\/a><figcaption id=\"caption-attachment-2448\" class=\"wp-caption-text\">I b\u00e4cken vid Bj\u00e4llebo fanns tv\u00e5 s.k. skvaltkvarnar n\u00e4ra varandra. P\u00e5 bilden den nedre kvarnens rester \u00e5r 2003.<\/figcaption><\/figure>\n<p>&nbsp;<\/p>\n","protected":false},"excerpt":{"rendered":"<p>Ur 1697 \u00e5rs utredning: &#8221; Bj\u00e4llebo en qvarn, som g\u00e5r h\u00f6st och v\u00e5r, p\u00e5 dess enskillte \u00e4gor&#8221;. I 1850-talets mitt<\/p>\n","protected":false},"author":1,"featured_media":0,"parent":0,"menu_order":0,"comment_status":"closed","ping_status":"closed","template":"","meta":{"footnotes":""},"class_list":["post-2444","page","type-page","status-publish","hentry"],"_links":{"self":[{"href":"https:\/\/vrigstadshembygdsforening.se\/index.php?rest_route=\/wp\/v2\/pages\/2444","targetHints":{"allow":["GET"]}}],"collection":[{"href":"https:\/\/vrigstadshembygdsforening.se\/index.php?rest_route=\/wp\/v2\/pages"}],"about":[{"href":"https:\/\/vrigstadshembygdsforening.se\/index.php?rest_route=\/wp\/v2\/types\/page"}],"author":[{"embeddable":true,"href":"https:\/\/vrigstadshembygdsforening.se\/index.php?rest_route=\/wp\/v2\/users\/1"}],"replies":[{"embeddable":true,"href":"https:\/\/vrigstadshembygdsforening.se\/index.php?rest_route=%2Fwp%2Fv2%2Fcomments&post=2444"}],"version-history":[{"count":1,"href":"https:\/\/vrigstadshembygdsforening.se\/index.php?rest_route=\/wp\/v2\/pages\/2444\/revisions"}],"predecessor-version":[{"id":2449,"href":"https:\/\/vrigstadshembygdsforening.se\/index.php?rest_route=\/wp\/v2\/pages\/2444\/revisions\/2449"}],"wp:attachment":[{"href":"https:\/\/vrigstadshembygdsforening.se\/index.php?rest_route=%2Fwp%2Fv2%2Fmedia&parent=2444"}],"curies":[{"name":"wp","href":"https:\/\/api.w.org\/{rel}","templated":true}]}}