{"id":243,"date":"2015-07-13T20:40:28","date_gmt":"2015-07-13T20:40:28","guid":{"rendered":"http:\/\/vrigstadshembygdsforening.se\/?page_id=243"},"modified":"2023-01-09T09:53:39","modified_gmt":"2023-01-09T09:53:39","slug":"kyrkan","status":"publish","type":"page","link":"https:\/\/vrigstadshembygdsforening.se\/?page_id=243","title":{"rendered":"Kyrkan"},"content":{"rendered":"<p><a href=\"https:\/\/media.vrigstadshembygdsforening.se\/\/2015\/07\/kultkyrkan.jpg\"><img loading=\"lazy\" decoding=\"async\" class=\" size-full wp-image-244 alignleft\" src=\"https:\/\/media.vrigstadshembygdsforening.se\/\/2015\/07\/kultkyrkan.jpg\" alt=\"kultkyrkan\" width=\"160\" height=\"210\" \/><\/a><\/p>\n<p>Kyrkan \u00e4r byggd 1865. D\u00e5 hade den gamla fr\u00e5n 1100-talet blivit fallf\u00e4rdig och framf\u00f6r allt blivit f\u00f6r tr\u00e5ng f\u00f6r den hastigt v\u00e4xande befolkningen. Den revs tyv\u00e4rr, men dess mycket h\u00f6gtst\u00e5ende romanska kalkm\u00e5lningar bevarades genom avbildningar, som kan ses i kyrkan.<\/p>\n<p>1963 genomgick kyrkan en genomgripande restaurering och fick d\u00e5 sina vackra korf\u00f6nster, som \u00e4r utf\u00f6rda av konstn\u00e4ren Bo Beskow.<\/p>\n","protected":false},"excerpt":{"rendered":"<p>Kyrkan \u00e4r byggd 1865. D\u00e5 hade den gamla fr\u00e5n 1100-talet blivit fallf\u00e4rdig och framf\u00f6r allt blivit f\u00f6r tr\u00e5ng f\u00f6r den<\/p>\n","protected":false},"author":1,"featured_media":0,"parent":0,"menu_order":0,"comment_status":"open","ping_status":"open","template":"","meta":{"footnotes":""},"class_list":["post-243","page","type-page","status-publish","hentry"],"_links":{"self":[{"href":"https:\/\/vrigstadshembygdsforening.se\/index.php?rest_route=\/wp\/v2\/pages\/243","targetHints":{"allow":["GET"]}}],"collection":[{"href":"https:\/\/vrigstadshembygdsforening.se\/index.php?rest_route=\/wp\/v2\/pages"}],"about":[{"href":"https:\/\/vrigstadshembygdsforening.se\/index.php?rest_route=\/wp\/v2\/types\/page"}],"author":[{"embeddable":true,"href":"https:\/\/vrigstadshembygdsforening.se\/index.php?rest_route=\/wp\/v2\/users\/1"}],"replies":[{"embeddable":true,"href":"https:\/\/vrigstadshembygdsforening.se\/index.php?rest_route=%2Fwp%2Fv2%2Fcomments&post=243"}],"version-history":[{"count":1,"href":"https:\/\/vrigstadshembygdsforening.se\/index.php?rest_route=\/wp\/v2\/pages\/243\/revisions"}],"predecessor-version":[{"id":246,"href":"https:\/\/vrigstadshembygdsforening.se\/index.php?rest_route=\/wp\/v2\/pages\/243\/revisions\/246"}],"wp:attachment":[{"href":"https:\/\/vrigstadshembygdsforening.se\/index.php?rest_route=%2Fwp%2Fv2%2Fmedia&parent=243"}],"curies":[{"name":"wp","href":"https:\/\/api.w.org\/{rel}","templated":true}]}}