{"id":2391,"date":"2019-02-06T18:05:52","date_gmt":"2019-02-06T18:05:52","guid":{"rendered":"http:\/\/vrigstadshembygdsforening.se\/?page_id=2391"},"modified":"2019-02-06T18:05:52","modified_gmt":"2019-02-06T18:05:52","slug":"granskog-i-vrigstad-ab","status":"publish","type":"page","link":"https:\/\/vrigstadshembygdsforening.se\/?page_id=2391","title":{"rendered":"Granskog i Vrigstad AB"},"content":{"rendered":"<p dir=\"LTR\" align=\"JUSTIFY\">Bengt Grahn startade 2003 Firma Bengt Grahns Skogstj\u00e4nst och ombildade 2014 bolaget till ett aktiebolag. I f\u00f6retaget \u00e4ger och k\u00f6r Bengt Grahn en skotare.<\/p>\n<figure id=\"attachment_2384\" aria-describedby=\"caption-attachment-2384\" style=\"width: 500px\" class=\"wp-caption alignnone\"><a href=\"https:\/\/media.vrigstadshembygdsforening.se\/\/W_Bengt_Grahn.jpg\"><img loading=\"lazy\" decoding=\"async\" class=\"size-full wp-image-2384\" src=\"https:\/\/media.vrigstadshembygdsforening.se\/\/W_Bengt_Grahn.jpg\" alt=\"\" width=\"500\" height=\"604\" srcset=\"https:\/\/media.vrigstadshembygdsforening.se\/W_Bengt_Grahn.jpg 500w, https:\/\/media.vrigstadshembygdsforening.se\/W_Bengt_Grahn-248x300.jpg 248w\" sizes=\"auto, (max-width: 500px) 100vw, 500px\" \/><\/a><figcaption id=\"caption-attachment-2384\" class=\"wp-caption-text\">Bengt Grahn.<\/figcaption><\/figure>\n<p>&nbsp;<\/p>\n","protected":false},"excerpt":{"rendered":"<p>Bengt Grahn startade 2003 Firma Bengt Grahns Skogstj\u00e4nst och ombildade 2014 bolaget till ett aktiebolag. I f\u00f6retaget \u00e4ger och k\u00f6r<\/p>\n","protected":false},"author":1,"featured_media":0,"parent":0,"menu_order":0,"comment_status":"closed","ping_status":"closed","template":"","meta":{"footnotes":""},"class_list":["post-2391","page","type-page","status-publish","hentry"],"_links":{"self":[{"href":"https:\/\/vrigstadshembygdsforening.se\/index.php?rest_route=\/wp\/v2\/pages\/2391","targetHints":{"allow":["GET"]}}],"collection":[{"href":"https:\/\/vrigstadshembygdsforening.se\/index.php?rest_route=\/wp\/v2\/pages"}],"about":[{"href":"https:\/\/vrigstadshembygdsforening.se\/index.php?rest_route=\/wp\/v2\/types\/page"}],"author":[{"embeddable":true,"href":"https:\/\/vrigstadshembygdsforening.se\/index.php?rest_route=\/wp\/v2\/users\/1"}],"replies":[{"embeddable":true,"href":"https:\/\/vrigstadshembygdsforening.se\/index.php?rest_route=%2Fwp%2Fv2%2Fcomments&post=2391"}],"version-history":[{"count":1,"href":"https:\/\/vrigstadshembygdsforening.se\/index.php?rest_route=\/wp\/v2\/pages\/2391\/revisions"}],"predecessor-version":[{"id":2392,"href":"https:\/\/vrigstadshembygdsforening.se\/index.php?rest_route=\/wp\/v2\/pages\/2391\/revisions\/2392"}],"wp:attachment":[{"href":"https:\/\/vrigstadshembygdsforening.se\/index.php?rest_route=%2Fwp%2Fv2%2Fmedia&parent=2391"}],"curies":[{"name":"wp","href":"https:\/\/api.w.org\/{rel}","templated":true}]}}