{"id":239,"date":"2015-07-13T20:37:58","date_gmt":"2015-07-13T20:37:58","guid":{"rendered":"http:\/\/vrigstadshembygdsforening.se\/?page_id=239"},"modified":"2015-07-13T20:37:58","modified_gmt":"2015-07-13T20:37:58","slug":"krake-sten","status":"publish","type":"page","link":"https:\/\/vrigstadshembygdsforening.se\/?page_id=239","title":{"rendered":"Kr\u00e5ke Sten"},"content":{"rendered":"<p><a href=\"https:\/\/media.vrigstadshembygdsforening.se\/\/2015\/07\/kultsten.jpg\"><img loading=\"lazy\" decoding=\"async\" class=\" size-full wp-image-240 alignleft\" src=\"https:\/\/media.vrigstadshembygdsforening.se\/\/2015\/07\/kultsten.jpg\" alt=\"kultsten\" width=\"160\" height=\"207\" \/><\/a><\/p>\n<p>Vrigstad \u00e4r rikt p\u00e5 fornminnen fr\u00e5n framf\u00f6r allt vikingatiden (ca 800 &#8211; 1000 e. Kr.), i form av stora gravf\u00e4lt vid Biskopsbo, K\u00f6pstad och Lundby.<\/p>\n<p>Kr\u00e5ke Sten \u00e4r en rest sten utan inskription, en s.k. bautasten, som har st\u00e5tt p\u00e5 sin plats bort\u00e5t tv\u00e5tusen \u00e5r. Bautastenar finns ocks\u00e5 vid Lundholmen och Sunnerby.<\/p>\n<p>De vittnar om att orten d\u00e5 haft karakt\u00e4ren av bygdecentrum.<\/p>\n","protected":false},"excerpt":{"rendered":"<p>Vrigstad \u00e4r rikt p\u00e5 fornminnen fr\u00e5n framf\u00f6r allt vikingatiden (ca 800 &#8211; 1000 e. Kr.), i form av stora gravf\u00e4lt<\/p>\n","protected":false},"author":1,"featured_media":0,"parent":0,"menu_order":0,"comment_status":"open","ping_status":"open","template":"","meta":{"footnotes":""},"class_list":["post-239","page","type-page","status-publish","hentry"],"_links":{"self":[{"href":"https:\/\/vrigstadshembygdsforening.se\/index.php?rest_route=\/wp\/v2\/pages\/239","targetHints":{"allow":["GET"]}}],"collection":[{"href":"https:\/\/vrigstadshembygdsforening.se\/index.php?rest_route=\/wp\/v2\/pages"}],"about":[{"href":"https:\/\/vrigstadshembygdsforening.se\/index.php?rest_route=\/wp\/v2\/types\/page"}],"author":[{"embeddable":true,"href":"https:\/\/vrigstadshembygdsforening.se\/index.php?rest_route=\/wp\/v2\/users\/1"}],"replies":[{"embeddable":true,"href":"https:\/\/vrigstadshembygdsforening.se\/index.php?rest_route=%2Fwp%2Fv2%2Fcomments&post=239"}],"version-history":[{"count":1,"href":"https:\/\/vrigstadshembygdsforening.se\/index.php?rest_route=\/wp\/v2\/pages\/239\/revisions"}],"predecessor-version":[{"id":242,"href":"https:\/\/vrigstadshembygdsforening.se\/index.php?rest_route=\/wp\/v2\/pages\/239\/revisions\/242"}],"wp:attachment":[{"href":"https:\/\/vrigstadshembygdsforening.se\/index.php?rest_route=%2Fwp%2Fv2%2Fmedia&parent=239"}],"curies":[{"name":"wp","href":"https:\/\/api.w.org\/{rel}","templated":true}]}}