{"id":2361,"date":"2019-02-06T17:36:16","date_gmt":"2019-02-06T17:36:16","guid":{"rendered":"http:\/\/vrigstadshembygdsforening.se\/?page_id=2361"},"modified":"2019-02-06T17:36:16","modified_gmt":"2019-02-06T17:36:16","slug":"hoglandets-honung-ab","status":"publish","type":"page","link":"https:\/\/vrigstadshembygdsforening.se\/?page_id=2361","title":{"rendered":"H\u00f6glandets Honung AB"},"content":{"rendered":"<p dir=\"LTR\" align=\"JUSTIFY\">Verksamheten startade p\u00e5 hobbybasis 1982. 1987 bildade Lars-G\u00f6ran och Inger Sj\u00f6stedt H\u00f6glandets Honung HB, som 2007 ombildades till ett aktiebolag.<\/p>\n<p dir=\"LTR\" align=\"JUSTIFY\">F\u00f6retaget har hela v\u00e4rdekedjan fr\u00e5n r\u00e5honung som f\u00e5s fr\u00e5n egna bin till den f\u00e4rdiga honungen. Man s\u00e4ljer sj\u00e4lva direkt till butiker, utan mellanliggande grossistled. F\u00f6rs\u00e4ljningen sker fr\u00e4mst i Sm\u00e5land samt i Stockholms- och G\u00f6teborgsregionen.<\/p>\n<p dir=\"LTR\" align=\"JUSTIFY\">F\u00f6retaget hyrde f\u00f6rst lokaler av P-O Johnsson p\u00e5 K\u00e4llebergsv\u00e4gen 5 och k\u00f6pte sedan dessa samt grannfastigheten, ett f\u00f6retagshotell. 2016 har man fyra anst\u00e4llda.<\/p>\n<p dir=\"LTR\" align=\"JUSTIFY\">Sedan 2013 har man verksamhet i Enk\u00f6ping, d\u00e4r makarnas s\u00f6ner Johannes och Jonatan tillsammans med tv\u00e5 anst\u00e4llda har egna lokaler och biodling.<\/p>\n<p dir=\"LTR\" align=\"JUSTIFY\">Fr.o.m. 2016 har man \u00e4ven produktion i \u00c5tvidaberg.<\/p>\n<p dir=\"LTR\" align=\"JUSTIFY\">F\u00f6retaget \u00e4r idag en av Sveriges st\u00f6rsta honungs-producenter och kan sk\u00f6rda mellan 40 och 80 ton per \u00e5r.<\/p>\n<p><a href=\"https:\/\/media.vrigstadshembygdsforening.se\/\/W_Honung.jpg\"><img loading=\"lazy\" decoding=\"async\" class=\"alignnone size-full wp-image-2362\" src=\"https:\/\/media.vrigstadshembygdsforening.se\/\/W_Honung.jpg\" alt=\"\" width=\"700\" height=\"455\" srcset=\"https:\/\/media.vrigstadshembygdsforening.se\/W_Honung.jpg 700w, https:\/\/media.vrigstadshembygdsforening.se\/W_Honung-300x195.jpg 300w\" sizes=\"auto, (max-width: 700px) 100vw, 700px\" \/><\/a><\/p>\n<p dir=\"LTR\" align=\"LEFT\">Lars-G\u00f6ran Sj\u00f6stedt vid maskinen d\u00e4r man fyller honung p\u00e5 burkarna. Lars-G\u00f6ran avled tragiskt vid en arbetsplatsolycka i augusti 2016.<\/p>\n","protected":false},"excerpt":{"rendered":"<p>Verksamheten startade p\u00e5 hobbybasis 1982. 1987 bildade Lars-G\u00f6ran och Inger Sj\u00f6stedt H\u00f6glandets Honung HB, som 2007 ombildades till ett aktiebolag.<\/p>\n","protected":false},"author":1,"featured_media":0,"parent":0,"menu_order":0,"comment_status":"closed","ping_status":"closed","template":"","meta":{"footnotes":""},"class_list":["post-2361","page","type-page","status-publish","hentry"],"_links":{"self":[{"href":"https:\/\/vrigstadshembygdsforening.se\/index.php?rest_route=\/wp\/v2\/pages\/2361","targetHints":{"allow":["GET"]}}],"collection":[{"href":"https:\/\/vrigstadshembygdsforening.se\/index.php?rest_route=\/wp\/v2\/pages"}],"about":[{"href":"https:\/\/vrigstadshembygdsforening.se\/index.php?rest_route=\/wp\/v2\/types\/page"}],"author":[{"embeddable":true,"href":"https:\/\/vrigstadshembygdsforening.se\/index.php?rest_route=\/wp\/v2\/users\/1"}],"replies":[{"embeddable":true,"href":"https:\/\/vrigstadshembygdsforening.se\/index.php?rest_route=%2Fwp%2Fv2%2Fcomments&post=2361"}],"version-history":[{"count":1,"href":"https:\/\/vrigstadshembygdsforening.se\/index.php?rest_route=\/wp\/v2\/pages\/2361\/revisions"}],"predecessor-version":[{"id":2363,"href":"https:\/\/vrigstadshembygdsforening.se\/index.php?rest_route=\/wp\/v2\/pages\/2361\/revisions\/2363"}],"wp:attachment":[{"href":"https:\/\/vrigstadshembygdsforening.se\/index.php?rest_route=%2Fwp%2Fv2%2Fmedia&parent=2361"}],"curies":[{"name":"wp","href":"https:\/\/api.w.org\/{rel}","templated":true}]}}