{"id":233,"date":"2015-07-13T20:30:56","date_gmt":"2015-07-13T20:30:56","guid":{"rendered":"http:\/\/vrigstadshembygdsforening.se\/?page_id=233"},"modified":"2020-08-18T15:19:09","modified_gmt":"2020-08-18T15:19:09","slug":"karta","status":"publish","type":"page","link":"https:\/\/vrigstadshembygdsforening.se\/?page_id=233","title":{"rendered":"Karta"},"content":{"rendered":"<p><a href=\"https:\/\/media.vrigstadshembygdsforening.se\/\/2015\/07\/kulturkarta.gif\"><img loading=\"lazy\" decoding=\"async\" class=\"alignnone size-full wp-image-234\" src=\"https:\/\/media.vrigstadshembygdsforening.se\/\/2015\/07\/kulturkarta.gif\" alt=\"kulturkarta\" width=\"709\" height=\"437\"><br \/>\n<\/a><\/p>\n<p>1. Vrigstads kyrka<br \/>\n2. Christina Nilsson &#8211; stenen<br \/>\n3. Gamla Bankg\u00e5rden<br \/>\n4. Gamla Skolg\u00e5rden<br \/>\n5. Kopparslagare Grell<br \/>\n6. Kr\u00e5ke Sten<br \/>\n7. Vrigstads marknad<br \/>\n8. Gr\u00f6ndal<\/p>\n","protected":false},"excerpt":{"rendered":"<p>1. Vrigstads kyrka 2. Christina Nilsson &#8211; stenen 3. Gamla Bankg\u00e5rden 4. Gamla Skolg\u00e5rden 5. Kopparslagare Grell 6. Kr\u00e5ke Sten<\/p>\n","protected":false},"author":1,"featured_media":0,"parent":0,"menu_order":0,"comment_status":"closed","ping_status":"open","template":"","meta":{"footnotes":""},"class_list":["post-233","page","type-page","status-publish","hentry"],"_links":{"self":[{"href":"https:\/\/vrigstadshembygdsforening.se\/index.php?rest_route=\/wp\/v2\/pages\/233","targetHints":{"allow":["GET"]}}],"collection":[{"href":"https:\/\/vrigstadshembygdsforening.se\/index.php?rest_route=\/wp\/v2\/pages"}],"about":[{"href":"https:\/\/vrigstadshembygdsforening.se\/index.php?rest_route=\/wp\/v2\/types\/page"}],"author":[{"embeddable":true,"href":"https:\/\/vrigstadshembygdsforening.se\/index.php?rest_route=\/wp\/v2\/users\/1"}],"replies":[{"embeddable":true,"href":"https:\/\/vrigstadshembygdsforening.se\/index.php?rest_route=%2Fwp%2Fv2%2Fcomments&post=233"}],"version-history":[{"count":3,"href":"https:\/\/vrigstadshembygdsforening.se\/index.php?rest_route=\/wp\/v2\/pages\/233\/revisions"}],"predecessor-version":[{"id":4250,"href":"https:\/\/vrigstadshembygdsforening.se\/index.php?rest_route=\/wp\/v2\/pages\/233\/revisions\/4250"}],"wp:attachment":[{"href":"https:\/\/vrigstadshembygdsforening.se\/index.php?rest_route=%2Fwp%2Fv2%2Fmedia&parent=233"}],"curies":[{"name":"wp","href":"https:\/\/api.w.org\/{rel}","templated":true}]}}