{"id":2327,"date":"2019-02-05T16:04:11","date_gmt":"2019-02-05T16:04:11","guid":{"rendered":"http:\/\/vrigstadshembygdsforening.se\/?page_id=2327"},"modified":"2019-02-05T16:04:11","modified_gmt":"2019-02-05T16:04:11","slug":"sunnerby-agard-norregard","status":"publish","type":"page","link":"https:\/\/vrigstadshembygdsforening.se\/?page_id=2327","title":{"rendered":"Sunnerby \u00c5g\u00e5rd-Norreg\u00e5rd"},"content":{"rendered":"<p dir=\"LTR\" style=\"text-align: left;\" align=\"JUSTIFY\">G\u00e5rdarna kom i familjen Hult\u00e9ns \u00e4go p\u00e5 1930-talet, d\u00e5 doktor Gustaf Hult\u00e9n ink\u00f6pte Sunnerby Norreg\u00e5rd (1934) och Sunnerby \u00c5g\u00e5rd (1938). De var utarrenderade fram till 1949. Sista arrendatorerna var Bertil Rydell och Karl Salomonsson p\u00e5 Norreg\u00e5rden och Simon och Nathanael Rehn p\u00e5 \u00c5g\u00e5rden.<\/p>\n<p dir=\"LTR\" style=\"text-align: left;\" align=\"JUSTIFY\">1949 tog sonen Jan Hult\u00e9n \u00f6ver driften av fastigheterna som d\u00e5 \u00e4ven inkluderade Gnillinge,<br \/>\ntotal areal 600 ha, d\u00e4rav 70 ha \u00e5ker. Bostadshuset p\u00e5 \u00c5g\u00e5rden renoverades och Jan med familj flyttade dit. Mang\u00e5rdsbyggnaden till Norreg\u00e5rden renoverades 1955, n\u00e4r doktor Hult\u00e9n pensionerades och flyttade dit med frun Ester.<\/p>\n<p dir=\"LTR\" style=\"text-align: left;\" align=\"JUSTIFY\">Det fanns 1949 och fram\u00e5t arbetsh\u00e4star och en f\u00e5rbes\u00e4ttning p\u00e5 g\u00e5rden, i \u00f6vrigt drevs lantbruket utan djur vilket var ovanligt p\u00e5 den tiden. Fr\u00e4msta gr\u00f6dan har alla \u00e5r varit potatis, men \u00e4ven oljev\u00e4xter och spannm\u00e5l har odlats.<\/p>\n<p dir=\"LTR\" align=\"JUSTIFY\">Redan fr\u00e5n 1949 anv\u00e4ndes traktorer p\u00e5 g\u00e5rden parallellt med h\u00e4star. Den f\u00f6rsta sk\u00f6rdetr\u00f6skan<br \/>\nink\u00f6ptes 1951. Gamla ekonomibyggnader p\u00e5 g\u00e5rden byggdes om till potatislager och silo. D\u00e5 kunde hela sk\u00f6rden lagras och s\u00e4ljas efterhand. Potatisen s\u00e5ldes till en grossist i J\u00f6nk\u00f6ping, Bruuns, f\u00f6r vidare transport och f\u00f6rs\u00e4ljning i Stockholm. De senare \u00e5ren s\u00e5ldes den till aff\u00e4rer, stork\u00f6k och gr\u00f6nsakshandlare i n\u00e4romr\u00e5det.<\/p>\n<p dir=\"LTR\" align=\"JUSTIFY\">Anst\u00e4llda under m\u00e5nga \u00e5r var Holger Sk\u00f6rd (mellan 1951-1975), Rune Lanz och Gunnar Lanz, som<br \/>\narbetade i skogen. Extra personal beh\u00f6vdes till\u00a0potatisplockningen p\u00e5 h\u00f6sten och sorteringen av potatis under vintern.<\/p>\n<p dir=\"LTR\" align=\"JUSTIFY\">N\u00e4r s\u00f6nerna Magnus och Gustaf var klara med sina utbildningar p\u00e5 1970-talet kom de att delta i driften, f\u00f6rst tillsammans med Jan och sedan under namnet Br\u00f6derna Hult\u00e9n. D\u00e5 hade de \u00e4ven ungdjur under n\u00e5gra \u00e5r och sedan ett 100-tal tackor fr\u00e5n 1979 och fram\u00e5t. Under denna tid ink\u00f6ptes Dalhem och en sl\u00e4ktg\u00e5rd i K\u00e4nnestubba, Hultsj\u00f6.<\/p>\n<p dir=\"LTR\" align=\"JUSTIFY\">Skogen har alltid varit en viktig inkomstk\u00e4lla.<\/p>\n<p dir=\"LTR\" align=\"JUSTIFY\">Lantbruket upph\u00f6rde 1999 och \u00e5krarna arrenderades ut till Leif och Birgitta Carlsson, Sunnerby S\u00f6derg\u00e5rd. \u00c5r 2000 delades brukningsenheten upp mellan Magnus, Gustaf och en syster, Kerstin Carlsson.<\/p>\n<p dir=\"LTR\" align=\"JUSTIFY\">Kerstin Carlsson minns: Vi fick ibland hj\u00e4lpa till med sortering av potatisen p\u00e5 vintern. Det var inte roligt, m\u00f6rkt och kallt i lagerutrymmet. Pappa ordnade infrav\u00e4rme bakom oss, vilket var varmt och sk\u00f6nt tills man str\u00e4ckte lite obet\u00e4nksamt p\u00e5 sig och br\u00e4nde sig i nacken.<\/p>\n<p dir=\"LTR\" align=\"JUSTIFY\">Att st\u00e5 p\u00e5 potatisupptagaren och plocka undan sten p\u00e5 h\u00f6sten var desto trevligare, ofta fint v\u00e4der och lite annat att titta p\u00e5 \u00e4n bara potatis.<\/p>\n<p dir=\"LTR\" align=\"JUSTIFY\">Det beh\u00f6vdes extra folk till sorteringen och en av de som jobbade hos oss var Birgitta Carlstr\u00f6m Gunnarsson. Vi flickor tyckte hon var s\u00e5 fin!<br \/>\nM\u00e5lade naglar och l\u00e4ppstift p\u00e5 morgonen n\u00e4r hon kom, det piggade upp oss. Att det sen var jord i<br \/>\nansiktet och under naglarna vid frukost brydde vi oss inte om, hon var fin \u00e4nd\u00e5!<\/p>\n<p dir=\"LTR\" align=\"JUSTIFY\">P\u00e5 h\u00f6sten torkades spannm\u00e5len i silon p\u00e5 Norreg\u00e5rd. Pappa sk\u00f6tte pannan dagtid men p\u00e5 natten var det Gunnar Lanz som hade ansvaret. D\u00e5 sov han p\u00e5 en s\u00e4ng i pannhuset. Han var en m\u00e4stare p\u00e5 att ber\u00e4tta historier, s\u00e5 d\u00e4r satt vi barn och lyssnade p\u00e5 kv\u00e4llarna p\u00e5 det ena v\u00e4rre \u00e4n det andra!<\/p>\n<p><a href=\"https:\/\/media.vrigstadshembygdsforening.se\/\/W_Sunnerby_Agarden1.png\"><img loading=\"lazy\" decoding=\"async\" class=\"alignnone size-full wp-image-2330\" src=\"https:\/\/media.vrigstadshembygdsforening.se\/\/W_Sunnerby_Agarden1.png\" alt=\"\" width=\"700\" height=\"484\" srcset=\"https:\/\/media.vrigstadshembygdsforening.se\/W_Sunnerby_Agarden1.png 700w, https:\/\/media.vrigstadshembygdsforening.se\/W_Sunnerby_Agarden1-300x207.png 300w\" sizes=\"auto, (max-width: 700px) 100vw, 700px\" \/><\/a><\/p>\n<p><a href=\"https:\/\/media.vrigstadshembygdsforening.se\/\/W_Sunnerby_Agarden2.png\"><img loading=\"lazy\" decoding=\"async\" class=\"alignnone size-full wp-image-2331\" src=\"https:\/\/media.vrigstadshembygdsforening.se\/\/W_Sunnerby_Agarden2.png\" alt=\"\" width=\"700\" height=\"432\" srcset=\"https:\/\/media.vrigstadshembygdsforening.se\/W_Sunnerby_Agarden2.png 700w, https:\/\/media.vrigstadshembygdsforening.se\/W_Sunnerby_Agarden2-300x185.png 300w\" sizes=\"auto, (max-width: 700px) 100vw, 700px\" \/><\/a><\/p>\n<p dir=\"LTR\" align=\"LEFT\">B\u00e5de p\u00e5 Sunnerby \u00c5g\u00e5rd-Norreg\u00e5rd och p\u00e5 Lundholmen besprutades potatisodlingarna med hj\u00e4lp av flyg p\u00e5 1980-talet.<\/p>\n","protected":false},"excerpt":{"rendered":"<p>G\u00e5rdarna kom i familjen Hult\u00e9ns \u00e4go p\u00e5 1930-talet, d\u00e5 doktor Gustaf Hult\u00e9n ink\u00f6pte Sunnerby Norreg\u00e5rd (1934) och Sunnerby \u00c5g\u00e5rd (1938).<\/p>\n","protected":false},"author":1,"featured_media":0,"parent":0,"menu_order":0,"comment_status":"closed","ping_status":"closed","template":"","meta":{"footnotes":""},"class_list":["post-2327","page","type-page","status-publish","hentry"],"_links":{"self":[{"href":"https:\/\/vrigstadshembygdsforening.se\/index.php?rest_route=\/wp\/v2\/pages\/2327","targetHints":{"allow":["GET"]}}],"collection":[{"href":"https:\/\/vrigstadshembygdsforening.se\/index.php?rest_route=\/wp\/v2\/pages"}],"about":[{"href":"https:\/\/vrigstadshembygdsforening.se\/index.php?rest_route=\/wp\/v2\/types\/page"}],"author":[{"embeddable":true,"href":"https:\/\/vrigstadshembygdsforening.se\/index.php?rest_route=\/wp\/v2\/users\/1"}],"replies":[{"embeddable":true,"href":"https:\/\/vrigstadshembygdsforening.se\/index.php?rest_route=%2Fwp%2Fv2%2Fcomments&post=2327"}],"version-history":[{"count":1,"href":"https:\/\/vrigstadshembygdsforening.se\/index.php?rest_route=\/wp\/v2\/pages\/2327\/revisions"}],"predecessor-version":[{"id":2332,"href":"https:\/\/vrigstadshembygdsforening.se\/index.php?rest_route=\/wp\/v2\/pages\/2327\/revisions\/2332"}],"wp:attachment":[{"href":"https:\/\/vrigstadshembygdsforening.se\/index.php?rest_route=%2Fwp%2Fv2%2Fmedia&parent=2327"}],"curies":[{"name":"wp","href":"https:\/\/api.w.org\/{rel}","templated":true}]}}