{"id":2297,"date":"2019-02-05T15:10:40","date_gmt":"2019-02-05T15:10:40","guid":{"rendered":"http:\/\/vrigstadshembygdsforening.se\/?page_id=2297"},"modified":"2019-02-05T15:10:40","modified_gmt":"2019-02-05T15:10:40","slug":"gastgivaregarden","status":"publish","type":"page","link":"https:\/\/vrigstadshembygdsforening.se\/?page_id=2297","title":{"rendered":"G\u00e4stgivareg\u00e5rden"},"content":{"rendered":"<p dir=\"LTR\" align=\"JUSTIFY\">Sven Gunler drev jordbruk p\u00e5 G\u00e4stgivareg\u00e5rden fram till 1963 d\u00e5 det avvecklades och mark s\u00e5ldes till kommunen.<\/p>\n<p dir=\"LTR\" align=\"JUSTIFY\">Svens f\u00f6r\u00e4ldrar Gunnar och Edit Petersson drev jordbruket parallellt med G\u00e4stgiveriet. De kom till Vrigstad 1917, fr\u00e5n Sk\u00e4lsn\u00e4s s\u00e4teri i Tjureda socken i Kronobergs l\u00e4n, d\u00e4r de varit arrendatorer.<\/p>\n<p dir=\"LTR\" align=\"JUSTIFY\">Gunnar dog tidigt och Edits syskon samt dr\u00e4ngar hj\u00e4lpte till i verksamheten innan sonen Sven tog \u00f6ver p\u00e5 1940-talet.<\/p>\n<p dir=\"LTR\" align=\"JUSTIFY\">Kerstin Carlsson, barnbarn till Gunnar och Edit, minns: N\u00e4r Gunnar och Edit flyttade till Vrigstad drevs deras boskap upp hit av Gustav Stendahl. Han blev kvar i Vrigstad och arbetade p\u00e5 g\u00e5rden. N\u00e4r Edit blev \u00e4nka hade hon hj\u00e4lp av n\u00e5gra av sina syskon, bl.a. Gustav Karlsson som sedermera gifte sig med Greta Rundqvist och bosatte sig p\u00e5 H\u00f6gsj\u00f6, Sunnerby och Elsa, som gifte sig med Josef Carlsson, &#8221;Store-Josef&#8221;.<\/p>\n<p><a href=\"https:\/\/media.vrigstadshembygdsforening.se\/\/W_Gastg_1986.009.png\"><img loading=\"lazy\" decoding=\"async\" class=\"alignnone size-full wp-image-2298\" src=\"https:\/\/media.vrigstadshembygdsforening.se\/\/W_Gastg_1986.009.png\" alt=\"\" width=\"700\" height=\"485\" srcset=\"https:\/\/media.vrigstadshembygdsforening.se\/W_Gastg_1986.009.png 700w, https:\/\/media.vrigstadshembygdsforening.se\/W_Gastg_1986.009-300x208.png 300w\" sizes=\"auto, (max-width: 700px) 100vw, 700px\" \/><\/a><\/p>\n<p dir=\"LTR\" align=\"LEFT\">1964 revs G\u00e4stgivareg\u00e5rdens ladug\u00e5rd. H\u00e4r fanns bl.a. en vagnbod d\u00e4r socknens likvagn f\u00f6rvarades. Ladug\u00e5rden bestod av tv\u00e5 byggnader som l\u00e5g i vinkel. H\u00e4r \u00e4r fasaden ut mot G\u00e4stgivaregatan.<\/p>\n<p><a href=\"https:\/\/media.vrigstadshembygdsforening.se\/\/W_Gastg_1979.487.png\"><img loading=\"lazy\" decoding=\"async\" class=\"alignnone size-full wp-image-2300\" src=\"https:\/\/media.vrigstadshembygdsforening.se\/\/W_Gastg_1979.487.png\" alt=\"\" width=\"700\" height=\"455\" srcset=\"https:\/\/media.vrigstadshembygdsforening.se\/W_Gastg_1979.487.png 700w, https:\/\/media.vrigstadshembygdsforening.se\/W_Gastg_1979.487-300x195.png 300w\" sizes=\"auto, (max-width: 700px) 100vw, 700px\" \/><\/a><\/p>\n<p dir=\"LTR\" align=\"LEFT\">I h\u00f6skrindorna ses t.v. bl.a. Britta Gunler, Ulla Ek och Gustav Stendahl. T.h. Gustav p\u00e5 Skogsdal, Johan Hjort, Sven och Elsa Gunler samt Lilly Svensson, Nydala. I bakgrunden G\u00e4stgivareg\u00e5rdens vagnbod och lada. Bild fr\u00e5n cirka 1925.<\/p>\n<p><a href=\"https:\/\/media.vrigstadshembygdsforening.se\/\/W_2015.147.png\"><img loading=\"lazy\" decoding=\"async\" class=\"alignnone size-full wp-image-2299\" src=\"https:\/\/media.vrigstadshembygdsforening.se\/\/W_2015.147.png\" alt=\"\" width=\"700\" height=\"494\" srcset=\"https:\/\/media.vrigstadshembygdsforening.se\/W_2015.147.png 700w, https:\/\/media.vrigstadshembygdsforening.se\/W_2015.147-300x212.png 300w\" sizes=\"auto, (max-width: 700px) 100vw, 700px\" \/><\/a><\/p>\n<p dir=\"LTR\" align=\"LEFT\">Fr.v. Elsa Karlsson med dottern Eva, Elsas syster Edit Petersson, finlandsflicka Sylvi Kautto, Edits son Sven Gunler &#8211; med dottern Ingrid p\u00e5 armen &#8211; samt Svens hustru Ethel.<\/p>\n","protected":false},"excerpt":{"rendered":"<p>Sven Gunler drev jordbruk p\u00e5 G\u00e4stgivareg\u00e5rden fram till 1963 d\u00e5 det avvecklades och mark s\u00e5ldes till kommunen. Svens f\u00f6r\u00e4ldrar Gunnar<\/p>\n","protected":false},"author":1,"featured_media":0,"parent":0,"menu_order":0,"comment_status":"closed","ping_status":"closed","template":"","meta":{"footnotes":""},"class_list":["post-2297","page","type-page","status-publish","hentry"],"_links":{"self":[{"href":"https:\/\/vrigstadshembygdsforening.se\/index.php?rest_route=\/wp\/v2\/pages\/2297","targetHints":{"allow":["GET"]}}],"collection":[{"href":"https:\/\/vrigstadshembygdsforening.se\/index.php?rest_route=\/wp\/v2\/pages"}],"about":[{"href":"https:\/\/vrigstadshembygdsforening.se\/index.php?rest_route=\/wp\/v2\/types\/page"}],"author":[{"embeddable":true,"href":"https:\/\/vrigstadshembygdsforening.se\/index.php?rest_route=\/wp\/v2\/users\/1"}],"replies":[{"embeddable":true,"href":"https:\/\/vrigstadshembygdsforening.se\/index.php?rest_route=%2Fwp%2Fv2%2Fcomments&post=2297"}],"version-history":[{"count":1,"href":"https:\/\/vrigstadshembygdsforening.se\/index.php?rest_route=\/wp\/v2\/pages\/2297\/revisions"}],"predecessor-version":[{"id":2301,"href":"https:\/\/vrigstadshembygdsforening.se\/index.php?rest_route=\/wp\/v2\/pages\/2297\/revisions\/2301"}],"wp:attachment":[{"href":"https:\/\/vrigstadshembygdsforening.se\/index.php?rest_route=%2Fwp%2Fv2%2Fmedia&parent=2297"}],"curies":[{"name":"wp","href":"https:\/\/api.w.org\/{rel}","templated":true}]}}