{"id":2295,"date":"2019-02-05T15:01:52","date_gmt":"2019-02-05T15:01:52","guid":{"rendered":"http:\/\/vrigstadshembygdsforening.se\/?page_id=2295"},"modified":"2019-02-06T17:20:22","modified_gmt":"2019-02-06T17:20:22","slug":"produkter-fran-jord-och-skogsbruk","status":"publish","type":"page","link":"https:\/\/vrigstadshembygdsforening.se\/?page_id=2295","title":{"rendered":"Produkter fr\u00e5n jord- och skogsbruk"},"content":{"rendered":"<p dir=\"LTR\" align=\"LEFT\"><a href=\"https:\/\/vrigstadshembygdsforening.se\/?page_id=2297\">G\u00e4stgivareg\u00e5rden<\/a><\/p>\n<p dir=\"LTR\" align=\"LEFT\"><a href=\"https:\/\/vrigstadshembygdsforening.se\/?page_id=2302\">Hult\u00e9ns Eko Gr\u00f6nsaker<\/a><\/p>\n<p dir=\"LTR\" align=\"LEFT\"><a href=\"https:\/\/vrigstadshembygdsforening.se\/?page_id=2306\">Lundholmen<\/a><\/p>\n<p dir=\"LTR\" align=\"LEFT\"><a href=\"https:\/\/vrigstadshembygdsforening.se\/?page_id=2314\">Lunnaberg<\/a><\/p>\n<p dir=\"LTR\" align=\"LEFT\"><a href=\"https:\/\/vrigstadshembygdsforening.se\/?page_id=2319\">Sunnerby S\u00f6derg\u00e5rd 1:3<\/a><\/p>\n<p dir=\"LTR\" align=\"LEFT\"><a href=\"https:\/\/vrigstadshembygdsforening.se\/?page_id=2327\">Sunnerby \u00c5g\u00e5rd-Norreg\u00e5rd<\/a><\/p>\n<p>&nbsp;<\/p>\n","protected":false},"excerpt":{"rendered":"<p>G\u00e4stgivareg\u00e5rden Hult\u00e9ns Eko Gr\u00f6nsaker Lundholmen Lunnaberg Sunnerby S\u00f6derg\u00e5rd 1:3 Sunnerby \u00c5g\u00e5rd-Norreg\u00e5rd &nbsp;<\/p>\n","protected":false},"author":1,"featured_media":0,"parent":0,"menu_order":0,"comment_status":"closed","ping_status":"closed","template":"","meta":{"footnotes":""},"class_list":["post-2295","page","type-page","status-publish","hentry"],"_links":{"self":[{"href":"https:\/\/vrigstadshembygdsforening.se\/index.php?rest_route=\/wp\/v2\/pages\/2295","targetHints":{"allow":["GET"]}}],"collection":[{"href":"https:\/\/vrigstadshembygdsforening.se\/index.php?rest_route=\/wp\/v2\/pages"}],"about":[{"href":"https:\/\/vrigstadshembygdsforening.se\/index.php?rest_route=\/wp\/v2\/types\/page"}],"author":[{"embeddable":true,"href":"https:\/\/vrigstadshembygdsforening.se\/index.php?rest_route=\/wp\/v2\/users\/1"}],"replies":[{"embeddable":true,"href":"https:\/\/vrigstadshembygdsforening.se\/index.php?rest_route=%2Fwp%2Fv2%2Fcomments&post=2295"}],"version-history":[{"count":4,"href":"https:\/\/vrigstadshembygdsforening.se\/index.php?rest_route=\/wp\/v2\/pages\/2295\/revisions"}],"predecessor-version":[{"id":2351,"href":"https:\/\/vrigstadshembygdsforening.se\/index.php?rest_route=\/wp\/v2\/pages\/2295\/revisions\/2351"}],"wp:attachment":[{"href":"https:\/\/vrigstadshembygdsforening.se\/index.php?rest_route=%2Fwp%2Fv2%2Fmedia&parent=2295"}],"curies":[{"name":"wp","href":"https:\/\/api.w.org\/{rel}","templated":true}]}}