{"id":229,"date":"2015-07-13T20:27:32","date_gmt":"2015-07-13T20:27:32","guid":{"rendered":"http:\/\/vrigstadshembygdsforening.se\/?page_id=229"},"modified":"2015-07-13T20:27:32","modified_gmt":"2015-07-13T20:27:32","slug":"kopparslagare-grells-verkstad","status":"publish","type":"page","link":"https:\/\/vrigstadshembygdsforening.se\/?page_id=229","title":{"rendered":"Kopparslagare Grells verkstad"},"content":{"rendered":"<p>Omkring 1848 etablerade sig kopparslagaren Grell fr\u00e5n J\u00f6nk\u00f6ping i Vrigstad. Han kan ses som en representant f\u00f6r en rad hantverkare som slog sig ner h\u00e4r efter n\u00e4ringsfrihetsreformerna 1846. I Vrigstad blommade d\u00e5 n\u00e4ringslivet. Bland de m\u00e5nga hantverkarna fanns n\u00e5gra s\u00e5 exklusiva som cigarrmakare, guldsmed och m\u00f6sseskr\u00e4ddare.<\/p>\n<p><a href=\"https:\/\/media.vrigstadshembygdsforening.se\/\/2015\/07\/kultgrell.jpg\"><img loading=\"lazy\" decoding=\"async\" class=\" size-full wp-image-230 alignleft\" src=\"https:\/\/media.vrigstadshembygdsforening.se\/\/2015\/07\/kultgrell.jpg\" alt=\"kultgrell\" width=\"160\" height=\"101\" \/><\/a>Utvecklingen br\u00f6ts emellertid n\u00e4r stambanan byggdes 1864 och Vrigstad fick konkurrens av de nya stationssamh\u00e4llena. I Grells verkstad tillverkades och reparerades koppark\u00e4rl av alla slag av Grell och hans son Anders Teodor \u00e4nda in p\u00e5 1920-talet. Familjerna Grell l\u00e4r ocks\u00e5 uppf\u00f6ra det vackra bostadshuset Torsborg.<\/p>\n","protected":false},"excerpt":{"rendered":"<p>Omkring 1848 etablerade sig kopparslagaren Grell fr\u00e5n J\u00f6nk\u00f6ping i Vrigstad. Han kan ses som en representant f\u00f6r en rad hantverkare<\/p>\n","protected":false},"author":1,"featured_media":0,"parent":0,"menu_order":0,"comment_status":"open","ping_status":"open","template":"","meta":{"footnotes":""},"class_list":["post-229","page","type-page","status-publish","hentry"],"_links":{"self":[{"href":"https:\/\/vrigstadshembygdsforening.se\/index.php?rest_route=\/wp\/v2\/pages\/229","targetHints":{"allow":["GET"]}}],"collection":[{"href":"https:\/\/vrigstadshembygdsforening.se\/index.php?rest_route=\/wp\/v2\/pages"}],"about":[{"href":"https:\/\/vrigstadshembygdsforening.se\/index.php?rest_route=\/wp\/v2\/types\/page"}],"author":[{"embeddable":true,"href":"https:\/\/vrigstadshembygdsforening.se\/index.php?rest_route=\/wp\/v2\/users\/1"}],"replies":[{"embeddable":true,"href":"https:\/\/vrigstadshembygdsforening.se\/index.php?rest_route=%2Fwp%2Fv2%2Fcomments&post=229"}],"version-history":[{"count":1,"href":"https:\/\/vrigstadshembygdsforening.se\/index.php?rest_route=\/wp\/v2\/pages\/229\/revisions"}],"predecessor-version":[{"id":232,"href":"https:\/\/vrigstadshembygdsforening.se\/index.php?rest_route=\/wp\/v2\/pages\/229\/revisions\/232"}],"wp:attachment":[{"href":"https:\/\/vrigstadshembygdsforening.se\/index.php?rest_route=%2Fwp%2Fv2%2Fmedia&parent=229"}],"curies":[{"name":"wp","href":"https:\/\/api.w.org\/{rel}","templated":true}]}}