{"id":225,"date":"2015-07-13T20:21:27","date_gmt":"2015-07-13T20:21:27","guid":{"rendered":"http:\/\/vrigstadshembygdsforening.se\/?page_id=225"},"modified":"2020-08-18T15:15:15","modified_gmt":"2020-08-18T15:15:15","slug":"hembygdsstugan-grondal","status":"publish","type":"page","link":"https:\/\/vrigstadshembygdsforening.se\/?page_id=225","title":{"rendered":"Hembygdsstugan Gr\u00f6ndal"},"content":{"rendered":"<p>Hembygdsstugan Gr\u00f6ndal flyttades hit \u00e5r 1871 fr\u00e5n Kohult i Svenarums socken. Med i flyttningen var de f\u00f6rsta \u00e4garna, som bodde i huset till 1921. Olika \u00e4gare avl\u00f6ste varandra tills Hulda Qvint \u00e5r 1927 k\u00f6pte huset och \u00f6ppnade &#8221;Caf\u00e9 Gr\u00f6ndal&#8221; d\u00e4r.<br \/>\nN\u00e4r krigs\u00e5ren kom avvecklade hon kaf\u00e9et, men bodde kvar i huset till sin d\u00f6d 1967.<\/p>\n<p>I b\u00f6rjan av 1970-talet flyttade hennes man, G\u00f6sta Karlsson, till \u00e5lderdomshemmet och \u00f6verl\u00e4mnade d\u00e5 huset som g\u00e5va till Hembygdsf\u00f6reningen.<\/p>\n<p><a href=\"https:\/\/media.vrigstadshembygdsforening.se\/\/2015\/07\/kultgrondal.jpg\"><img loading=\"lazy\" decoding=\"async\" class=\"alignnone size-full wp-image-226\" src=\"https:\/\/media.vrigstadshembygdsforening.se\/\/2015\/07\/kultgrondal.jpg\" alt=\"kultgrondal\" width=\"700\" height=\"413\" srcset=\"https:\/\/media.vrigstadshembygdsforening.se\/2015\/07\/kultgrondal.jpg 700w, https:\/\/media.vrigstadshembygdsforening.se\/2015\/07\/kultgrondal-300x177.jpg 300w\" sizes=\"auto, (max-width: 700px) 100vw, 700px\" \/><\/a><\/p>\n<p>Ytterligare en byggnad finns p\u00e5 tomten. Den stod ursprungligen vid gamla pr\u00e4stg\u00e5rden och \u00e4r f\u00f6rmodligen fr\u00e5n 1700-talet. Den ena delen har varit bakstuga, den andra dr\u00e4ngstuga.<\/p>\n","protected":false},"excerpt":{"rendered":"<p>Hembygdsstugan Gr\u00f6ndal flyttades hit \u00e5r 1871 fr\u00e5n Kohult i Svenarums socken. Med i flyttningen var de f\u00f6rsta \u00e4garna, som bodde<\/p>\n","protected":false},"author":1,"featured_media":0,"parent":0,"menu_order":0,"comment_status":"closed","ping_status":"open","template":"","meta":{"footnotes":""},"class_list":["post-225","page","type-page","status-publish","hentry"],"_links":{"self":[{"href":"https:\/\/vrigstadshembygdsforening.se\/index.php?rest_route=\/wp\/v2\/pages\/225","targetHints":{"allow":["GET"]}}],"collection":[{"href":"https:\/\/vrigstadshembygdsforening.se\/index.php?rest_route=\/wp\/v2\/pages"}],"about":[{"href":"https:\/\/vrigstadshembygdsforening.se\/index.php?rest_route=\/wp\/v2\/types\/page"}],"author":[{"embeddable":true,"href":"https:\/\/vrigstadshembygdsforening.se\/index.php?rest_route=\/wp\/v2\/users\/1"}],"replies":[{"embeddable":true,"href":"https:\/\/vrigstadshembygdsforening.se\/index.php?rest_route=%2Fwp%2Fv2%2Fcomments&post=225"}],"version-history":[{"count":2,"href":"https:\/\/vrigstadshembygdsforening.se\/index.php?rest_route=\/wp\/v2\/pages\/225\/revisions"}],"predecessor-version":[{"id":4247,"href":"https:\/\/vrigstadshembygdsforening.se\/index.php?rest_route=\/wp\/v2\/pages\/225\/revisions\/4247"}],"wp:attachment":[{"href":"https:\/\/vrigstadshembygdsforening.se\/index.php?rest_route=%2Fwp%2Fv2%2Fmedia&parent=225"}],"curies":[{"name":"wp","href":"https:\/\/api.w.org\/{rel}","templated":true}]}}