{"id":2207,"date":"2018-12-06T18:06:43","date_gmt":"2018-12-06T18:06:43","guid":{"rendered":"http:\/\/vrigstadshembygdsforening.se\/?page_id=2207"},"modified":"2018-12-06T18:06:43","modified_gmt":"2018-12-06T18:06:43","slug":"medlemsskrift-2007","status":"publish","type":"page","link":"https:\/\/vrigstadshembygdsforening.se\/?page_id=2207","title":{"rendered":"Medlemsskrift 2007"},"content":{"rendered":"<h1><strong>En h\u00e4lsning fr\u00e5n <\/strong><strong>Vrigstads hembygdsf\u00f6rening <\/strong><strong>2007<\/strong><\/h1>\n<p><strong><a href=\"https:\/\/media.vrigstadshembygdsforening.se\/\/2007_1.jpg\"><img loading=\"lazy\" decoding=\"async\" class=\"alignnone size-full wp-image-2208\" src=\"https:\/\/media.vrigstadshembygdsforening.se\/\/2007_1.jpg\" alt=\"\" width=\"700\" height=\"413\" srcset=\"https:\/\/media.vrigstadshembygdsforening.se\/2007_1.jpg 700w, https:\/\/media.vrigstadshembygdsforening.se\/2007_1-300x177.jpg 300w\" sizes=\"auto, (max-width: 700px) 100vw, 700px\" \/><\/a><\/strong><\/p>\n<p>Kronprisen, sedermera kung Gustaf V, reste f\u00f6r 100 \u00e5r sedan genom Vrigstad. Det var den 3 juli 1907 som kungens ekipage stannade p\u00e5 \u00e5bron och l\u00e4nsman Dahl l\u00e4ste upp ett hyllningstal.<br \/>\nFoto: Bjelke.<\/p>\n<p><strong>Inneh\u00e5ll:<\/strong><br \/>\nInbjudan till Vrigstads Hembygdsf\u00f6renings \u00e5rsm\u00f6te<br \/>\nTill flydda tider \u00e5terg\u00e5r min tanke \u00e4n s\u00e5 g\u00e4rna \u2013 om och av Augusta Gustafson<br \/>\nVrigstads Hembygdsf\u00f6renings bildarkiv<\/p>\n<h4><strong>Inbjudan till \u00e5rsm\u00f6te med Vrigstads hembygdsf\u00f6rening<\/strong><\/h4>\n<p><strong>V\u00e4lkommen till \u00e5rsm\u00f6te med Vrigstads Hembygdsf\u00f6rening torsdagen den 26 april, kl. 19.00 i F\u00f6rsamlingshemmet.<\/strong><\/p>\n<p><strong>\u00a0Program:<\/strong><\/p>\n<ul>\n<li>\u00c5rsm\u00f6tesf\u00f6rhandlingar.<\/li>\n<li>2006 \u00e5rs verksamhetsber\u00e4ttelse presenteras i ord och bild av Stig Marz. Stig visar \u00e4ven videofilmen \u201dInvigning av Marknadshuset\u201d \u2013 fr\u00e5n den 1 maj 1999.<\/li>\n<li>Servering och lotterier.<\/li>\n<\/ul>\n<p><strong>Gamla och nya medlemmar h\u00e4lsas hj\u00e4rtligt v\u00e4lkomna!<\/strong><\/p>\n<h4><strong>Till flydda tider \u00e5terg\u00e5r min tanke \u00e4n s\u00e5 g\u00e4rna\u2026\u2026<\/strong><\/h4>\n<p>Jag har ofta t\u00e4nkt skriva ner n\u00e5got om mitt hem i Sverige och min barndom. I minnet v\u00e4nder jag ofta tillbaka till tiden n\u00e4r jag var en liten flicka och min mor ber\u00e4ttade f\u00f6r mig om sin barndom p\u00e5 Lundholmen, st\u00e4llet d\u00e4r hon f\u00f6ddes och v\u00e4xte upp. Jag kommer ih\u00e5g hur jag \u00e4lskade dessa ber\u00e4ttelser. N\u00e4r mina barn var sm\u00e5, hade jag aldrig tid att ber\u00e4tta historier om Sverige f\u00f6r dem.<\/p>\n<p>Men nu n\u00e4r jag sitter h\u00e4r som invalid och inte kan g\u00f6ra n\u00e5gonting, f\u00f6rutom lite handarbete d\u00e5 och d\u00e5. Tiden g\u00e5r ofta l\u00e5ngsamt och det \u00e4r d\u00e4rf\u00f6r jag skriver ner n\u00e5gra av mina upplevelser, som barn och om min resa till Amerika och om mitt liv som pionj\u00e4r ute p\u00e5 Minnesotas pr\u00e4rier. Det kanske kan intressera mina barn och barnbarn i framtiden och det hj\u00e4lper mig att f\u00e5 tiden att g\u00e5. M\u00e5nga l\u00e5nga \u00e5r har g\u00e5tt sedan jag l\u00e4mnade Sverige, men jag minns ofta mitt liv d\u00e4r och mina \u00f6gon fylls av t\u00e5rar.<\/p>\n<p><a href=\"https:\/\/media.vrigstadshembygdsforening.se\/\/2007_2.jpg\"><img loading=\"lazy\" decoding=\"async\" class=\"size-full wp-image-2209 alignleft\" src=\"https:\/\/media.vrigstadshembygdsforening.se\/\/2007_2.jpg\" alt=\"\" width=\"400\" height=\"617\" srcset=\"https:\/\/media.vrigstadshembygdsforening.se\/2007_2.jpg 400w, https:\/\/media.vrigstadshembygdsforening.se\/2007_2-194x300.jpg 194w\" sizes=\"auto, (max-width: 400px) 100vw, 400px\" \/><\/a><\/p>\n<p><em>Den 2 november 1894 gifte sig Augusta Gustafson med Charles Anders Gustafson, Flisby, i Windom Minnesota.<\/em><\/p>\n<p>S\u00e5 inleder 81-\u00e5riga Augusta Charlotta Gustafson sin levnadshistoria n\u00e4r hon 1947 sitter borta i Minnesota, l\u00e5ngt fr\u00e5n f\u00e4derneslandet, och med vemod minns tillbaka p\u00e5 sin uppv\u00e4xttid i Vrigstad. <strong><\/p>\n<p><\/strong><em>Hon forts\u00e4tter:<br \/>\n<\/em>Jag f\u00f6ddes den 8 november 1866 i Vrigstad (M\u00f6lnarp), i s\u00f6dra Sm\u00e5land. Jag var \u00e4ldst av sju barn. Mina f\u00f6r\u00e4ldrar var Emma och Gustaf Johansson (Johannisson). B\u00e5da kom fr\u00e5n landet n\u00e4ra Vrigstad.<\/p>\n<p>Den f\u00f6rsta tiden av sitt \u00e4ktenskap bodde de i Vrigstad. N\u00e4r jag var tv\u00e5 \u00e5r s\u00e5 flyttade vi till en g\u00e5rd som hette Hushall.<\/p>\n<p><em>(H\u00e4r sviker minnet. Enligt husf\u00f6rh\u00f6rsl\u00e4ngden sker flytten 1872. Hon var d\u00e5 5 \u00e5r och skulle fylla 6 i november).<\/em> Alla lantg\u00e5rdar i Sverige har namn. Denna plats var inte mer \u00e4n en \u00f6ppning i den djupa skogen. Vi var omringade p\u00e5 alla sidor av de h\u00f6ga, m\u00f6rka tr\u00e4den och vi bodde l\u00e5ngt ifr\u00e5n v\u00e5ra grannar.<\/p>\n<p>N\u00e4r jag var sex \u00e5r gammal b\u00f6rjade jag i skolan i Vrigstad. Jag hade tre miles <em>(knappt 5 kilometer)<\/em> att g\u00e5 p\u00e5 oj\u00e4mna och steniga skogsv\u00e4gar. Tr\u00e4dtopparna m\u00f6ttes \u00f6ver huvudet p\u00e5 mig, s\u00e5 jag kunde inte se vare sig solen eller himlen. Jag var alltid r\u00e4dd f\u00f6r att g\u00e5 genom skogen. D\u00e4r fanns alla sorters vilda djur, \u00e4lgar, r\u00e4var och vargar. Varje morgon gick min mor med mig den v\u00e4rsta delen av v\u00e4gen. Vi gr\u00e4t b\u00e5da tv\u00e5 n\u00e4r hon var tvungen att v\u00e4nda tillbaka. Det var en liten pojke som kom fr\u00e5n andra h\u00e5llet genom skogen. Han var sju \u00e5r och hette John. Vi m\u00f6ttes d\u00e4r v\u00e5ra stigar korsades. Vi var s\u00e5 glada n\u00e4r vi fick syn p\u00e5 varandra. Vi var b\u00e5da s\u00e5 glada \u00f6ver att f\u00e5 s\u00e4llskap p\u00e5 den ensamma v\u00e4gen, s\u00e5 vi travade glatt vidare tillsammans. Vi hade tr\u00e4skor p\u00e5 f\u00f6tterna och v\u00e5ra b\u00e4sta skor ihopknutna \u00f6ver armen.<\/p>\n<p>N\u00e4r vi kom ut p\u00e5 huvudv\u00e4gen som ledde till Vrigstad, fanns d\u00e4r en stor enbuske vid v\u00e4gkanten. Vi g\u00f6mde oss under enbusken medan vi bytte skor. Enbusken var ocks\u00e5 ett bekv\u00e4mt skydd n\u00e4r det regnade. Man kunde sitta under busken under de v\u00e4rsta ov\u00e4der och aldrig f\u00e5 en droppe regn p\u00e5 sig.<\/p>\n<p>Jag gl\u00f6mmer aldrig en dag. Vi hade precis l\u00e4mnat skolan och var p\u00e5 v\u00e4g hem n\u00e4r det bl\u00e5ste upp till en f\u00f6rf\u00e4rlig storm. Vi var l\u00e5ngt fr\u00e5n busken, s\u00e5 vi b\u00f6rjade springa. Vi sprang och vi gr\u00e4t. Vi kom till busken och kr\u00f6p in under den. Vi k\u00e4mpade f\u00f6r att komma ur v\u00e5ra bl\u00f6ta, leriga skor och in i v\u00e5ra tr\u00e4skor, som vi g\u00f6mt under busken. Vi gr\u00e4t hela tiden, r\u00e4dda att vi inte skulle kunna komma hem innan det blev m\u00f6rkt. Pl\u00f6tsligt slutade vi att gr\u00e5ta. Vi tyckte att vi h\u00f6rde en kosk\u00e4lla p\u00e5 avst\u00e5nd och den kom n\u00e4rmare. N\u00e4r de var intill oss skr\u00e4mdes den stackars kon av v\u00e4gen av v\u00e5r h\u00f6gljudda gr\u00e5t. D\u00e5 kom en flicka och kikade in under busken och jag k\u00e4nde genast igen henne. Det var min kusin Ida. Hon f\u00f6rs\u00f6kte att tr\u00f6sta oss genom att s\u00e4ga att v\u00e5ra mammor snart skulle komma och hitta oss, men hon var tvungen att forts\u00e4tta med sin ko, s\u00e5 vi fortsatte att gr\u00e5ta. Vi var s\u00e5 r\u00e4dda!<\/p>\n<p>Detta h\u00e4nde f\u00f6r 76 \u00e5r sedan. Jag hade en aunt <em>(moster\/faster)<\/em> som bodde i Vrigstad, som jag kunde ha stannat hos, men jag gick hellre den ensamma v\u00e4gen f\u00f6r att komma till mitt eget hem.<\/p>\n<p><em>\u00c5r 1874 flyttar Augustas familj fr\u00e5n Hushall till Sandsl\u00e4tt under Lunnaberg. Den intelligente brodern John, som hon skriver om nedan, emigrerade ocks\u00e5 till Amerika och blev farmare i Windom, Minnesota. H\u00e4r engagerade han sig i farmarnas problem. Han var styrelsemedlem i The local Farmers Elevator Company i Windom, ordf\u00f6rande i National Farmers Grain Dealers Association, ordf\u00f6rande och president f\u00f6r The Farmers Elevator Association of Minnesota, f\u00f6r att n\u00e4mna n\u00e5gra. Det var under den sistn\u00e4mnda organisationens \u00e5rliga sammankomst 1927 i Minneapolis, som det tragiska h\u00e4nde. John hade f\u00f6r sj\u00e4tte g\u00e5ngen blivit vald till organisationens president. D\u00e5 han inf\u00f6r de 800 delegaterna intog talarstolen, f\u00f6r att avsluta kongressen, hann han inte mer \u00e4n inleda talet f\u00f6rr\u00e4n han segnade ner, drabbad av en sv\u00e5r hj\u00e4rnbl\u00f6dning och dog omedelbart.<\/em><\/p>\n<p><em>Till begravningen blev det folkvandring och bland hedersb\u00e5r-b\u00e4rarna fanns bl.a. Windoms borgm\u00e4stare, Charles Hafstr\u00f6m, som var Johns skol- och ungdomskamrat fr\u00e5n Vrigstad. John hade ocks\u00e5 en poetisk \u00e5dra. Detta ger han prov p\u00e5 i en diktsamling med namnet \u201dPr\u00e4rieblomman eller tillf\u00e4llighetspoesi\u201d, som han l\u00e4t trycka och ge ut i Windom 1904. Den inledande dikten heter \u201dLundholmen\u201d. Det var d\u00e4r han arbetade som dr\u00e4ng n\u00e4r han utvandrade 1888.<\/em><\/p>\n<p>Nu \u00e5ter till Augustas ber\u00e4ttelse:<br \/>\nN\u00e4r man sitter h\u00e4r f\u00f6r sig sj\u00e4lv har man s\u00e5 mycket tid att t\u00e4nka p\u00e5 g\u00e5ngna dagar och upplevelser. Mina f\u00f6r\u00e4ldrar flyttade fr\u00e5n v\u00e5rt hem i skogen till en plats kallad Sandsl\u00e4tt, vilket l\u00e5g n\u00e4rmare Vrigstad och skolan. D\u00e4r b\u00f6rjade min bror John i skolan. Han var mycket intelligent och kvickt\u00e4nkt, alltid f\u00f6rst med ett svar, s\u00e5 han blev l\u00e4rarens gullegris. De andra barnen i hans klass var avundsjuka och hade ett horn i sidan till honom men de v\u00e5gade sig inte p\u00e5 honom. Det gick ut \u00f6ver mig i st\u00e4llet och jag fick ofta lida av att ha en s\u00e5 smart bror.<\/p>\n<p>N\u00e4r vi b\u00f6rjade i s\u00f6ndagsskolan, h\u00e4nde samma sak. John var alltid d\u00e4r med handen i luften. V\u00e5r s\u00f6ndagsskolfr\u00f6ken var fr\u00f6ken Hedda Granqvist <em>(dotter till kantor Sven Granqvist i Vrigstad. Hedda var f\u00f6dd 1844 och gifte sig senare med garvaren Johan Sahlberg).<\/em> Hon l\u00e4rde oss ocks\u00e5 att sy och sticka. Vi tr\u00e4ffades en eftermiddag i veckan och den trevligaste delen kom efter lektionen n\u00e4r hon serverade oss hemmagjort franskbr\u00f6d, kakor och mj\u00f6lk och spelade och sj\u00f6ng f\u00f6r oss. Minnie <em>(systern Wilhelmina emigrerade 1890)<\/em> var tv\u00e5 \u00e5r gammal n\u00e4r vi flyttade till Sandsl\u00e4tt och h\u00e4r f\u00f6ddes Hilda. <em>(Hilda emigrerade ocks\u00e5 1890).<\/em> Jag var nio \u00e5r.<\/p>\n<p>Det fanns mycket jobb att g\u00f6ra. Far hade d\u00e5lig h\u00e4lsa s\u00e5 det var h\u00e5rt f\u00f6r oss barn. Vi var tvungna att hj\u00e4lpa till med allting. V\u00e5r mat var mycket enkel \u2013 potatis och sill. Till middag fick vi ibland fl\u00e4sk ist\u00e4llet f\u00f6r sill, men mycket s\u00e4llan oxk\u00f6tt. Vi hade hemystad ost och vi odlade gr\u00f6nsaker i tr\u00e4dg\u00e5rden. Vi s\u00e5lde det mesta av v\u00e5r mj\u00f6lk f\u00f6r att f\u00e5 pengar till andra n\u00f6dv\u00e4ndigheter. P\u00e5 somrarna plockade vi barn ofta b\u00e4r. Skogarna runt oss var fulla av b\u00e4r, smultron, hallon, bl\u00e5b\u00e4r och lingon v\u00e4xte vilt \u00f6ver allt. Ibland kom vi hem med en hel hink full och mamma l\u00e4t oss g\u00e5 till Vrigstad och s\u00e4lja till stamkunder. Det fanns ingen gr\u00f6nsakshandlare i Vrigstad. Byborna f\u00f6rlitade sig p\u00e5 b\u00f6nderna vad g\u00e4llde frukt och gr\u00f6nsaker. N\u00e4r vi s\u00e5lt v\u00e5ra b\u00e4r stannade vi och k\u00f6pte kaffe, socker och andra saker som vi visste att mamma beh\u00f6vde. Detta \u00f6verraskade och muntrade upp henne. Det var ofta sv\u00e5rt f\u00f6r henne p\u00e5 grund av pappas d\u00e5liga h\u00e4lsa.<\/p>\n<p><em>S\u00e5 h\u00e4r beskriver Augusta julf\u00f6rberedelserna:<br \/>\n<\/em>Tre veckor f\u00f6re jul b\u00f6rjade vi tv\u00e4tta kl\u00e4der. F\u00f6rst tog vi aska i en p\u00e5se och la den i bl\u00f6t. Sedan la vi p\u00e5sen i en stor tunna med vatten och de smutsiga kl\u00e4derna. Vi hade en stor j\u00e4rngryta som tog 20 gallons vatten <em>(cirka 80 liter).<\/em> Vi st\u00e4llde den i spisen och n\u00e4r det b\u00f6rjade koka h\u00e4llde vi det p\u00e5 de smutsiga kl\u00e4derna. Vi hade en balja under tunnan som vattnet rann ner i och det vattnet h\u00e4llde vi tillbaka i grytan och tillbaka i tunnan igen. Vi upprepade detta i en dag och en natt. Det var p\u00e5 natten vi hade kul. Vi var uppe hela natten och alla ungdomarna i grannskapet kom. Pojkarna hade munspel och dragspel med sig f\u00f6r att spela och vi som tv\u00e4ttade hade festen. Vi gick fr\u00e5n st\u00e4lle till st\u00e4lle. N\u00e4r det var klart f\u00f6r sk\u00f6ljning tog vi tunnan och st\u00e4llde den p\u00e5 en vagn och \u00e5kte iv\u00e4g till sj\u00f6n eller \u00e5n. H\u00e4r stod vi p\u00e5 kn\u00e4 och skrubbade till dess att kl\u00e4derna var vita. Vi tv\u00e4ttade s\u00e5 h\u00e4r tv\u00e5 g\u00e5nger om \u00e5ret &#8211; jul och midsommar. Det fanns en mangel i grannskapet, s\u00e5 vi flickor fick mangla. Det var inte en s\u00e5dan mangel vi har idag. <em>(Troligen en stenmangel).<\/em><\/p>\n<p>N\u00e4sta sak var att slakta julgrisen, som hade st\u00e5tt p\u00e5 g\u00f6dning. Jag fick vara med med hink och mj\u00f6l. N\u00e4r pappa slaktade grisen var jag tvungen att ta blodet i hinken och r\u00f6ra s\u00e5 det inte klumpade sig. Jag tyckte inte om det jobbet, men var tvungen att g\u00f6ra det \u00e4nd\u00e5. N\u00e4r grisen var kall skulle den styckas. Innanm\u00e4tet skulle tas ut och tarmarna och grisen skulle reng\u00f6ras fr\u00e5n insidan och ut. Vilket jobb! Tarmarna fick ligga i saltat vatten innan vi kunde anv\u00e4nda dem. Sedan gjorde vi paltbr\u00f6d och olika sorters korv, kalvsylta och pressylta. N\u00e4r tv\u00e4tten och slakten var gjord s\u00e5 var det dags f\u00f6r bakning. Det var limpa, r\u00e5gbr\u00f6d och vardagsbr\u00f6d. Vi bakade ocks\u00e5 alla sorters runda kakor. Sedan var det st\u00e4ddags. P\u00e5 julafton gick vi ut i skogen f\u00f6r att hugga gran. Vi dekorerade granen med \u00e4pplen, karameller och julkakor i olika figurer, djur och julgubben. <em>(Troligen pepparkakor). <\/em><\/p>\n<p>Vi hade ett stort bord d\u00e4r vi gjorde det vi kallade julh\u00f6g en p\u00e5se f\u00f6r var och en av oss och sex eller sju vita julgubbar. Vi var verkligen glada. Vi fick n\u00e5got gott att \u00e4ta till middag p\u00e5 julafton. Vi fick varsin bit br\u00f6d att doppa i grytan, vilken inneh\u00f6ll spadet som fl\u00e4sket hade kokt i. Det smakade h\u00e4rligt! P\u00e5 julafton \u00e5t vi lutfisk, hemystad ost, risgrynsgr\u00f6t med kanel och kardemumma. Jag minns hur lyckliga vi barn var och vi \u00f6nskade att det skulle r\u00e4cka till n\u00e4sta jul. Det r\u00e4ckte i tv\u00e5 veckor. Vi bj\u00f6d in fastrar, mostrar, farbr\u00f6der och morbr\u00f6der och deras barn och vi blev bjudna till dem. Min far brukade sjunga \u201dVar h\u00e4lsad sk\u00f6na morgonstund\u201d f\u00f6r oss.<\/p>\n<p>Vi gick upp klockan fyra p\u00e5 juldagens morgon f\u00f6r att g\u00e5 med far till julottan. Vi gick genom stora skogar med bara sm\u00e5 stigar att g\u00e5 p\u00e5. Tr\u00e4den var t\u00e4ckta av sn\u00f6. Vi fick g\u00e5 fyra \u2013 fem miles innan vi kom fram till Vrigstad kyrka. I alla f\u00f6nster fanns det ljus och i mitten av alla rum en t\u00e4nd julgran. Det var vackert och underbart f\u00f6r oss som kom fr\u00e5n skogarna.<\/p>\n<p>Vi gick in i kyrkan, d\u00e4r var hundratals av t\u00e4nda ljus och allt var s\u00e5 tyst. Pl\u00f6tsligt b\u00f6rjade fr\u00f6ken Granqvist spela p\u00e5 orgeln och alla reste sig upp och sj\u00f6ng \u201dVar h\u00e4lsad sk\u00f6na morgonstund\u201d. <em>(Bes\u00f6ket Augusta beskriver m\u00e5ste varit efter 1874. F\u00f6rst d\u00e5 fick kyrkan orgel).<\/em> Pr\u00e4sten kom fr\u00e5n ett rum, han var kl\u00e4dd i en fotsid m\u00e4sskrud. Han hade ett stort kors p\u00e5 ryggen gjort i guld och silver. Ovanf\u00f6r honom var det som en stor regnb\u00e5ge d\u00e4r det stod skrivet med stora bokst\u00e4ver: \u201d\u00c4ra vare gud i h\u00f6jden, frid p\u00e5 jorden och m\u00e4nniskorna en god vilja\u201d. Sedan v\u00e4nde han sig mot f\u00f6rsamlingen och l\u00e4ste ur bibeln om Jesus, n\u00e4r han f\u00f6ddes av jungfru Maria i ett stall och hur herdarna kom och bad och hade med sig presenter till Jesus.<\/p>\n<p>I kyrkan var det m\u00e5nga barn som kom fr\u00e5n n\u00e4r och fj\u00e4rran med sina f\u00f6r\u00e4ldrar. Vi s\u00e5g p\u00e5 ljusen som brann ner. Det b\u00f6rjade dagas och vi b\u00f6rjade g\u00e5 hem\u00e5t.<\/p>\n<p><em>H\u00e4r l\u00e4mnar vi Augustas ber\u00e4ttelse, som vi kanske kan \u00e5terkomma till i v\u00e5r h\u00e4lsning 2008. Samtliga kommentarer med kursiv stil \u00e4r gjorda av Stig Marz. <\/em><\/p>\n<h4><strong>Vrigstads Hembygdsf\u00f6renings bildarkiv<\/strong><\/h4>\n<p>\u00c5r 1979 uppr\u00e4ttade Stig Marz ett bildarkiv f\u00f6r Vrigstads Hembygdsf\u00f6rening. Idag, 28 \u00e5r senare, har bildarkivet vuxit och inneh\u00e5ller n\u00e4stan 4\u00a0700 unika bilder.<\/p>\n<p>Flera av v\u00e5ra \u00e4ldsta bilder kan vi tacka den danske fotografisten P F Bjelke f\u00f6r. \u00c5r 1871 flyttade han till Vrigstad och d\u00e5 tog han ocks\u00e5 med sig konsten att fotografera. Bjelke bodde kvar i Vrigstad till sin d\u00f6d 1913 och under denna tid tog han mycket bilder. Tyv\u00e4rr har de flesta g\u00e5tt f\u00f6rlorade, men tack vare de fotografier som r\u00e4ddats kan vi fortfarande se m\u00e4nniskor och milj\u00f6er fr\u00e5n den tiden. Bl.a. var det Bjelke som fotograferade kronprinsen p\u00e5 hans bes\u00f6k i Vrigstad, se sid. 1.<\/p>\n<p>Sj\u00e4lvklart fyller vi p\u00e5 bildarkivet kontinuerligt med egna bilder, men vi tar tacksamt emot \u00e4ven dina bilder. Har du nya eller gamla bilder som du vill dela med dig av s\u00e5 kontakta n\u00e5gon i styrelsen.<\/p>\n<p>M\u00e5nga av de \u00e4ldsta fotografierna har vi fotograferat av f\u00f6r att f\u00e5 negativ f\u00f6r framtiden. Nu har vi \u00e4ven skannat alla bilder som finns i bildarkivet. Dessa datafiler f\u00f6rvaras nu i en separat h\u00e5rddisk och vi hoppas att vi d\u00e4rmed ocks\u00e5 har tryggat bilderna f\u00f6r framtiden.<\/p>\n<p>Samtliga bilder och ett register \u00f6ver dessa f\u00f6rvaras p\u00e5 Biblioteket i Vrigstad.<\/p>\n<p>Tack vare skanningen kan vi ocks\u00e5 mycket l\u00e4ttare leverera bilder till de som vill han en kopia av v\u00e5ra bilder. De bilder vi har upphovsr\u00e4tten till levererar vi nu per e-post eller p\u00e5 en CD. F\u00f6r enstaka bilder kostar det 10 kronor per bild. Samtliga bilder \u00e4r skannade i 600 dpi, vilket betyder att man utan kvalitetsf\u00f6rlust kan f\u00f6rstora dem till det dubbla formatet, j\u00e4mf\u00f6rt med den originalbild som finns i bildarkivet. Till detta kommer kostnaden f\u00f6r CD-skivan samt eventuellt porto.<\/p>\n","protected":false},"excerpt":{"rendered":"<p>En h\u00e4lsning fr\u00e5n Vrigstads hembygdsf\u00f6rening 2007 Kronprisen, sedermera kung Gustaf V, reste f\u00f6r 100 \u00e5r sedan genom Vrigstad. Det var<\/p>\n","protected":false},"author":1,"featured_media":0,"parent":0,"menu_order":0,"comment_status":"closed","ping_status":"closed","template":"","meta":{"footnotes":""},"class_list":["post-2207","page","type-page","status-publish","hentry"],"_links":{"self":[{"href":"https:\/\/vrigstadshembygdsforening.se\/index.php?rest_route=\/wp\/v2\/pages\/2207","targetHints":{"allow":["GET"]}}],"collection":[{"href":"https:\/\/vrigstadshembygdsforening.se\/index.php?rest_route=\/wp\/v2\/pages"}],"about":[{"href":"https:\/\/vrigstadshembygdsforening.se\/index.php?rest_route=\/wp\/v2\/types\/page"}],"author":[{"embeddable":true,"href":"https:\/\/vrigstadshembygdsforening.se\/index.php?rest_route=\/wp\/v2\/users\/1"}],"replies":[{"embeddable":true,"href":"https:\/\/vrigstadshembygdsforening.se\/index.php?rest_route=%2Fwp%2Fv2%2Fcomments&post=2207"}],"version-history":[{"count":1,"href":"https:\/\/vrigstadshembygdsforening.se\/index.php?rest_route=\/wp\/v2\/pages\/2207\/revisions"}],"predecessor-version":[{"id":2210,"href":"https:\/\/vrigstadshembygdsforening.se\/index.php?rest_route=\/wp\/v2\/pages\/2207\/revisions\/2210"}],"wp:attachment":[{"href":"https:\/\/vrigstadshembygdsforening.se\/index.php?rest_route=%2Fwp%2Fv2%2Fmedia&parent=2207"}],"curies":[{"name":"wp","href":"https:\/\/api.w.org\/{rel}","templated":true}]}}